{"id":4918,"date":"2024-10-23T09:12:00","date_gmt":"2024-10-23T09:12:00","guid":{"rendered":"https:\/\/strong-connection.com\/fr\/?page_id=4918"},"modified":"2025-11-05T07:53:21","modified_gmt":"2025-11-05T07:53:21","slug":"un-lien-fort","status":"publish","type":"page","link":"https:\/\/strong-connection.com\/fr\/un-lien-fort\/","title":{"rendered":"Une connexion forte"},"content":{"rendered":"<section class=\"l-section wpb_row height_custom color_primary with_img\" id=\"home\"><div class=\"l-section-img\" role=\"img\" aria-label=\"Bild\" data-img-width=\"2560\" data-img-height=\"1707\" style=\"background-image: url(https:\/\/strong-connection.com\/fr\/wp-content\/uploads\/sites\/4\/2025\/04\/20250218-141202TM8_7455_HQ-scaled.jpg);\"><\/div><div class=\"l-section-h i-cf\"><div class=\"g-cols vc_row via_grid cols_1 laptops-cols_inherit tablets-cols_inherit mobiles-cols_1 valign_middle type_default stacking_default\"><div class=\"wpb_column vc_column_container us_custom_83b4de32 us_animate_this\"><div class=\"vc_column-inner\"><\/div><\/div><\/div><\/div><\/section><section class=\"l-section wpb_row height_custom\"><div class=\"l-section-h i-cf\"><div class=\"g-cols vc_row via_grid cols_1 laptops-cols_inherit tablets-cols_inherit mobiles-cols_1 valign_top type_default stacking_default\" style=\"--columns-gap:5rem;\"><div class=\"wpb_column vc_column_container\"><div class=\"vc_column-inner\"><div class=\"g-cols wpb_row via_grid cols_1 laptops-cols_inherit tablets-cols_inherit mobiles-cols_1 valign_top type_default stacking_default\" style=\"--columns-gap:3rem;\"><div class=\"wpb_column vc_column_container\"><div class=\"vc_column-inner\"><div class=\"wpb_text_column\"><div class=\"wpb_wrapper\"><h2 style=\"font-weight: 400; text-align: center;\">Syst\u00e8mes complets certifi\u00e9s pour la r\u00e9novation de salle de bains<\/h2>\n<p style=\"font-weight: 400; text-align: center;\">Personnalisables, individuels, innovants et de tr\u00e8s haute qualit\u00e9, ARDEX et wedi proposent un ensemble de solutions syst\u00e8me bien pens\u00e9es pour la r\u00e9novation de salles de bains \u2013 fabriqu\u00e9es en Allemagne.Objectif : offrir encore plus de s\u00e9curit\u00e9 et de confort lors de la mise en \u0153uvre, ainsi qu\u2019un meilleur accompagnement en cas de questions ou de probl\u00e8mes.<\/p>\n<\/div><\/div><\/div><\/div><\/div><div class=\"w-separator size_medium\"><\/div><div class=\"g-cols wpb_row via_grid cols_2 laptops-cols_inherit tablets-cols_inherit mobiles-cols_1 valign_top type_default stacking_default\" style=\"--columns-gap:5rem;\"><div class=\"wpb_column vc_column_container\"><div class=\"vc_column-inner\"><div class=\"w-flipbox home-flipbox-ardex animation_cubetilt direction_n\"><div class=\"w-flipbox-h easing_ease\" style=\"transition-duration:0.5s;\"><div class=\"w-flipbox-hh\"><div class=\"w-flipbox-front\" style=\"background:#f9f9f9;\"><div class=\"w-flipbox-front-h\"><div class=\"w-flipbox-front-icon type_image\" style=\"width:200px;\"><img loading=\"lazy\" decoding=\"async\" width=\"250\" height=\"155\" src=\"https:\/\/strong-connection.com\/fr\/wp-content\/uploads\/sites\/4\/2023\/02\/csm_Logo_5a5a189733.png\" class=\"attachment-medium size-medium\" alt=\"\" \/><\/div><h3 class=\"w-flipbox-front-title\">La r\u00e9f\u00e9rence premium dans les mat\u00e9riaux de construction<\/h3><\/div><\/div><div class=\"w-flipbox-back\" style=\"display:none;background:#f9f9f9;\"><div class=\"w-flipbox-back-h\"><div class=\"w-flipbox-back-desc\"><p>Ardex GmbH est un leader mondial dans le domaine des mat\u00e9riaux de construction chimiques sp\u00e9cialis\u00e9s, avec plus de 70 ans d'exp\u00e9rience. Avec environ 3 900 employ\u00e9s dans plus de 50 pays, l\u2019entreprise r\u00e9alise un chiffre d\u2019affaires consolid\u00e9 de plus de 930 millions d\u2019euros.<\/p>\n<\/div><a class=\"w-btn us-btn-style_4\" target=\"_blank\" rel=\"nofollow\" href=\"https:\/\/www.ardex.de\"><span class=\"w-btn-label\">www.ardex.de<\/span><\/a><\/div><\/div><\/div><\/div><\/div><\/div><\/div><div class=\"wpb_column vc_column_container\"><div class=\"vc_column-inner\"><div class=\"w-flipbox home-flipbox-wedi animation_cubetilt direction_n\"><div class=\"w-flipbox-h easing_ease\" style=\"transition-duration:0.5s;\"><div class=\"w-flipbox-hh\"><div class=\"w-flipbox-front\" style=\"background:#f9f9f9;\"><div class=\"w-flipbox-front-h\"><div class=\"w-flipbox-front-icon type_image\" style=\"width:300px;\"><img loading=\"lazy\" decoding=\"async\" width=\"300\" height=\"300\" src=\"https:\/\/strong-connection.com\/fr\/wp-content\/uploads\/sites\/4\/2024\/08\/wedi-logo-blue.svg\" class=\"attachment-medium size-medium\" alt=\"\" \/><\/div><h3 class=\"w-flipbox-front-title\">Syst\u00e8mes innovants pour les espaces humides.<\/h3><\/div><\/div><div class=\"w-flipbox-back\" style=\"display:none;background:#f9f9f9;\"><div class=\"w-flipbox-back-h\"><div class=\"w-flipbox-back-desc\"><p>Le groupe wedi est un fabricant de premier plan de solutions syst\u00e8me innovantes pour les salles de bains et les espaces humides. Fond\u00e9e en 1983 \u00e0 Emsdetten, l\u2019entreprise emploie plus de 500 collaborateurs, est active dans plus de 50 pays et produit en Allemagne et aux \u00c9tats-Unis.<\/p>\n<\/div><a class=\"w-btn us-btn-style_4\" target=\"_blank\" rel=\"nofollow\" href=\"https:\/\/www.wedi.net\"><span class=\"w-btn-label\">www.wedi.net<\/span><\/a><\/div><\/div><\/div><\/div><\/div><\/div><\/div><\/div><\/div><\/div><\/div><\/div><\/section><section class=\"l-section wpb_row height_auto\"><div class=\"l-section-overlay\" style=\"background:#f3f3f3\"><\/div><div class=\"l-section-h i-cf\"><div class=\"g-cols vc_row via_grid cols_1 laptops-cols_inherit tablets-cols_inherit mobiles-cols_1 valign_top type_default stacking_default\" style=\"--columns-gap:5rem;\"><div class=\"wpb_column vc_column_container\"><div class=\"vc_column-inner\"><div class=\"w-separator size_custom\" style=\"height:5vmax\"><\/div><div class=\"wpb_text_column us_custom_b4851f87 us_animate_this\"><div class=\"wpb_wrapper\"><h2 style=\"text-align: center;\">Ensemble, nous sommes plus forts.<\/h2>\n<\/div><\/div><div class=\"w-separator size_large\"><\/div><\/div><\/div><\/div><\/div><\/section><section class=\"l-section wpb_row height_auto\"><div class=\"l-section-overlay\" style=\"background:#f3f3f3\"><\/div><div class=\"l-section-h i-cf\"><div class=\"g-cols vc_row via_grid cols_3-2 laptops-cols_inherit tablets-cols_1 mobiles-cols_1 valign_top type_default stacking_default\" style=\"--columns-gap:0rem;\"><div class=\"wpb_column vc_column_container us_custom_840f5171 us_animate_this has_bg_color\"><div class=\"vc_column-inner\"><div class=\"w-separator size_custom\" style=\"height:17rem\"><\/div><\/div><\/div><div class=\"wpb_column vc_column_container us_custom_bcb09676 us_animate_this has_bg_color\"><div class=\"vc_column-inner\"><div class=\"w-iconbox iconpos_top style_default color_primary align_left no_text no_title\"><div class=\"w-iconbox-icon\" style=\"font-size:2rem;\"><i class=\"fal fa-users-class\"><\/i><\/div><div class=\"w-iconbox-meta\"><\/div><\/div><div class=\"wpb_text_column\"><div class=\"wpb_wrapper\"><h3 style=\"font-weight: 200; text-transform: uppercase;\"><strong>Plus<\/strong> de conseils<\/h3>\n<p style=\"font-weight: 400;\">D\u00e9couvrez l&#8217;expertise de deux \u00e9quipes solides pour garantir une s\u00e9curit\u00e9 maximale dans votre projet de construction. Avec des recommandations de montage syst\u00e8me test\u00e9es par ARDEX et wedi, nous offrons une expertise combin\u00e9e en vente et en conseil \u00e0 chaque \u00e9tape du projet.<\/p>\n<\/div><\/div><\/div><\/div><\/div><\/div><\/section><section class=\"l-section wpb_row height_auto\"><div class=\"l-section-overlay\" style=\"background:#f3f3f3\"><\/div><div class=\"l-section-h i-cf\"><div class=\"g-cols vc_row via_grid cols_1 laptops-cols_inherit tablets-cols_inherit mobiles-cols_1 valign_top type_default stacking_default\"><div class=\"wpb_column vc_column_container\"><div class=\"vc_column-inner\"><div class=\"w-separator size_large\"><\/div><\/div><\/div><\/div><\/div><\/section><section class=\"l-section wpb_row height_auto\"><div class=\"l-section-overlay\" style=\"background:#f3f3f3\"><\/div><div class=\"l-section-h i-cf\"><div class=\"g-cols vc_row via_grid cols_2-3 laptops-cols_inherit tablets-cols_inherit mobiles-cols_1 valign_top type_default stacking_default\" style=\"--columns-gap:0rem;\"><div class=\"wpb_column vc_column_container us_custom_bcb09676 us_animate_this has_bg_color\"><div class=\"vc_column-inner\"><div class=\"w-iconbox iconpos_top style_default color_primary align_left no_text no_title\"><div class=\"w-iconbox-icon\" style=\"font-size:2rem;\"><i class=\"fal fa-puzzle-piece\"><\/i><\/div><div class=\"w-iconbox-meta\"><\/div><\/div><div class=\"wpb_text_column\"><div class=\"wpb_wrapper\"><h3 style=\"font-weight: 200; text-transform: uppercase;\"><strong>Plus<\/strong> flexible<\/h3>\n<p style=\"font-weight: 400;\">En tant que partenaire fiable pour des projets de construction d&#8217;avenir, nous offrons ensemble des solutions sur mesure pour chaque situation de chantier. D\u00e9couvrez notre gamme de produits plus flexible, notre sp\u00e9cialisation et s\u00e9curit\u00e9 pour les r\u00e9alisations sur mesure et sur mesure, ainsi que des solutions innovantes pour les tendances actuelles du march\u00e9 telles que le bien-\u00eatre &amp; spa et la construction modulaire.<\/p>\n<\/div><\/div><\/div><\/div><div class=\"wpb_column vc_column_container us_custom_312638c5 us_animate_this has_bg_color\"><div class=\"vc_column-inner\"><div class=\"w-separator size_custom\" style=\"height:17rem\"><\/div><\/div><\/div><\/div><\/div><\/section><section class=\"l-section wpb_row height_auto\"><div class=\"l-section-overlay\" style=\"background:#f3f3f3\"><\/div><div class=\"l-section-h i-cf\"><div class=\"g-cols vc_row via_grid cols_1 laptops-cols_inherit tablets-cols_inherit mobiles-cols_1 valign_top type_default stacking_default\"><div class=\"wpb_column vc_column_container\"><div class=\"vc_column-inner\"><div class=\"w-separator size_large\"><\/div><\/div><\/div><\/div><\/div><\/section><section class=\"l-section wpb_row height_auto\"><div class=\"l-section-overlay\" style=\"background:#f3f3f3\"><\/div><div class=\"l-section-h i-cf\"><div class=\"g-cols vc_row via_grid cols_3-2 laptops-cols_inherit tablets-cols_1 mobiles-cols_1 valign_top type_default stacking_default\" style=\"--columns-gap:0rem;\"><div class=\"wpb_column vc_column_container us_custom_1a06125c us_animate_this has_bg_color\"><div class=\"vc_column-inner\"><div class=\"w-separator size_custom\" style=\"height:17rem\"><\/div><\/div><\/div><div class=\"wpb_column vc_column_container us_custom_bcb09676 us_animate_this has_bg_color\"><div class=\"vc_column-inner\"><div class=\"w-iconbox iconpos_top style_default color_primary align_left no_text no_title\"><div class=\"w-iconbox-icon\" style=\"font-size:2rem;\"><i class=\"fal fa-tools\"><\/i><\/div><div class=\"w-iconbox-meta\"><\/div><\/div><div class=\"wpb_text_column\"><div class=\"wpb_wrapper\"><h3 style=\"font-weight: 200; text-transform: uppercase;\"><strong>Plus<\/strong> orient\u00e9 vers la pratique<\/h3>\n<p style=\"font-weight: 400;\">D\u00e9couvrez notre expertise plus orient\u00e9e vers la pratique, qui se concentre sur l&#8217;application. Gr\u00e2ce \u00e0 des combinaisons syst\u00e8me r\u00e9fl\u00e9chies de deux marques solides, nous r\u00e9duisons les \u00e9tapes dans le processus de construction, augmentons l&#8217;efficacit\u00e9 et minimisons les risques gr\u00e2ce \u00e0 des sous-syst\u00e8mes pr\u00e9fabriqu\u00e9s et \u00e0 l&#8217;int\u00e9gration de la technologie. Avec des formations et des entra\u00eenements communs, nous offrons un avantage en termes de savoir pour des r\u00e9sultats haut de gamme<\/p>\n<\/div><\/div><\/div><\/div><\/div><\/div><\/section><section class=\"l-section wpb_row height_auto\"><div class=\"l-section-overlay\" style=\"background:#f3f3f3\"><\/div><div class=\"l-section-h i-cf\"><div class=\"g-cols vc_row via_grid cols_1 laptops-cols_inherit tablets-cols_inherit mobiles-cols_1 valign_top type_default stacking_default\"><div class=\"wpb_column vc_column_container\"><div class=\"vc_column-inner\"><div class=\"w-separator size_large\"><\/div><\/div><\/div><\/div><\/div><\/section><section class=\"l-section wpb_row height_small\"><div class=\"l-section-h i-cf\"><div class=\"g-cols vc_row via_grid cols_1 laptops-cols_inherit tablets-cols_inherit mobiles-cols_1 valign_top type_default stacking_default\"><div class=\"wpb_column vc_column_container us_custom_60e9caca us_animate_this\"><div class=\"vc_column-inner\"><div class=\"w-actionbox us_custom_4fb9e5a3 color_light controls_right\"><div class=\"w-actionbox-text\"><h2 class=\"w-actionbox-title\">Commencez d\u00e8s maintenant votre projet de salle de bains.<\/h2><\/div><div class=\"w-actionbox-controls\"><a class=\"w-btn us-btn-style_9\" href=\"\/fr\/renovation-de-salle-de-bain\/\"><span class=\"w-btn-label\">Commencez maintenant<\/span><\/a><\/div><\/div><\/div><\/div><\/div><\/div><\/section>\n","protected":false},"excerpt":{"rendered":"Syst\u00e8mes complets certifi\u00e9s pour la r\u00e9novation de salle de bains Personnalisables, individuels, innovants et de tr\u00e8s haute qualit\u00e9, ARDEX et wedi proposent un ensemble de solutions syst\u00e8me bien pens\u00e9es pour la r\u00e9novation de salles de bains \u2013 fabriqu\u00e9es en Allemagne.Objectif : offrir encore plus de s\u00e9curit\u00e9 et de confort lors de la mise en \u0153uvre,...","protected":false},"author":2,"featured_media":0,"parent":0,"menu_order":0,"comment_status":"closed","ping_status":"closed","template":"","meta":{"footnotes":""},"class_list":["post-4918","page","type-page","status-publish","hentry"],"yoast_head":"<!-- This site is optimized with the Yoast SEO plugin v27.6 - https:\/\/yoast.com\/product\/yoast-seo-wordpress\/ -->\n<title>Une connexion forte - Un lien fort<\/title>\n<meta name=\"robots\" content=\"index, follow, max-snippet:-1, max-image-preview:large, max-video-preview:-1\" \/>\n<link rel=\"canonical\" href=\"https:\/\/strong-connection.com\/fr\/un-lien-fort\/\" \/>\n<meta property=\"og:locale\" content=\"de_DE\" \/>\n<meta property=\"og:type\" content=\"article\" \/>\n<meta property=\"og:title\" content=\"Une connexion forte - Un lien fort\" \/>\n<meta property=\"og:url\" content=\"https:\/\/strong-connection.com\/fr\/un-lien-fort\/\" \/>\n<meta property=\"og:site_name\" content=\"Un lien fort\" \/>\n<meta property=\"article:modified_time\" content=\"2025-11-05T07:53:21+00:00\" \/>\n<meta name=\"twitter:card\" content=\"summary_large_image\" \/>\n<meta name=\"twitter:label1\" content=\"Gesch\u00e4tzte Lesezeit\" \/>\n\t<meta name=\"twitter:data1\" content=\"3\u00a0Minuten\" \/>\n<script type=\"application\/ld+json\" class=\"yoast-schema-graph\">{\"@context\":\"https:\\\/\\\/schema.org\",\"@graph\":[{\"@type\":\"WebPage\",\"@id\":\"https:\\\/\\\/strong-connection.com\\\/fr\\\/un-lien-fort\\\/\",\"url\":\"https:\\\/\\\/strong-connection.com\\\/fr\\\/un-lien-fort\\\/\",\"name\":\"Une connexion forte - Un lien fort\",\"isPartOf\":{\"@id\":\"https:\\\/\\\/strong-connection.com\\\/de\\\/#website\"},\"datePublished\":\"2024-10-23T09:12:00+00:00\",\"dateModified\":\"2025-11-05T07:53:21+00:00\",\"breadcrumb\":{\"@id\":\"https:\\\/\\\/strong-connection.com\\\/fr\\\/un-lien-fort\\\/#breadcrumb\"},\"inLanguage\":\"de\",\"potentialAction\":[{\"@type\":\"ReadAction\",\"target\":[\"https:\\\/\\\/strong-connection.com\\\/fr\\\/un-lien-fort\\\/\"]}]},{\"@type\":\"BreadcrumbList\",\"@id\":\"https:\\\/\\\/strong-connection.com\\\/fr\\\/un-lien-fort\\\/#breadcrumb\",\"itemListElement\":[{\"@type\":\"ListItem\",\"position\":1,\"name\":\"Startseite\",\"item\":\"https:\\\/\\\/strong-connection.com\\\/fr\\\/\"},{\"@type\":\"ListItem\",\"position\":2,\"name\":\"Une connexion forte\"}]},{\"@type\":\"WebSite\",\"@id\":\"https:\\\/\\\/strong-connection.com\\\/de\\\/#website\",\"url\":\"https:\\\/\\\/strong-connection.com\\\/de\\\/\",\"name\":\"Un lien fort\",\"description\":\"\",\"publisher\":{\"@id\":\"https:\\\/\\\/strong-connection.com\\\/de\\\/#organization\"},\"potentialAction\":[{\"@type\":\"SearchAction\",\"target\":{\"@type\":\"EntryPoint\",\"urlTemplate\":\"https:\\\/\\\/strong-connection.com\\\/de\\\/?s={search_term_string}\"},\"query-input\":{\"@type\":\"PropertyValueSpecification\",\"valueRequired\":true,\"valueName\":\"search_term_string\"}}],\"inLanguage\":\"de\"},{\"@type\":\"Organization\",\"@id\":\"https:\\\/\\\/strong-connection.com\\\/de\\\/#organization\",\"name\":\"Un lien fort\",\"url\":\"https:\\\/\\\/strong-connection.com\\\/de\\\/\",\"logo\":{\"@type\":\"ImageObject\",\"inLanguage\":\"de\",\"@id\":\"https:\\\/\\\/strong-connection.com\\\/de\\\/#\\\/schema\\\/logo\\\/image\\\/\",\"url\":\"https:\\\/\\\/strong-connection.com\\\/wp-content\\\/uploads\\\/2023\\\/02\\\/wedi-ardex-cooperation_logo_claim-de_vector-rgb_478x230mm_220811-2.svg\",\"contentUrl\":\"https:\\\/\\\/strong-connection.com\\\/wp-content\\\/uploads\\\/2023\\\/02\\\/wedi-ardex-cooperation_logo_claim-de_vector-rgb_478x230mm_220811-2.svg\",\"width\":\"1024\",\"height\":\"1024\",\"caption\":\"Un lien fort\"},\"image\":{\"@id\":\"https:\\\/\\\/strong-connection.com\\\/de\\\/#\\\/schema\\\/logo\\\/image\\\/\"}}]}<\/script>\n<!-- \/ Yoast SEO plugin. -->","yoast_head_json":{"title":"Une connexion forte - Un lien fort","robots":{"index":"index","follow":"follow","max-snippet":"max-snippet:-1","max-image-preview":"max-image-preview:large","max-video-preview":"max-video-preview:-1"},"canonical":"https:\/\/strong-connection.com\/fr\/un-lien-fort\/","og_locale":"de_DE","og_type":"article","og_title":"Une connexion forte - Un lien fort","og_url":"https:\/\/strong-connection.com\/fr\/un-lien-fort\/","og_site_name":"Un lien fort","article_modified_time":"2025-11-05T07:53:21+00:00","twitter_card":"summary_large_image","twitter_misc":{"Gesch\u00e4tzte Lesezeit":"3\u00a0Minuten"},"schema":{"@context":"https:\/\/schema.org","@graph":[{"@type":"WebPage","@id":"https:\/\/strong-connection.com\/fr\/un-lien-fort\/","url":"https:\/\/strong-connection.com\/fr\/un-lien-fort\/","name":"Une connexion forte - Un lien fort","isPartOf":{"@id":"https:\/\/strong-connection.com\/de\/#website"},"datePublished":"2024-10-23T09:12:00+00:00","dateModified":"2025-11-05T07:53:21+00:00","breadcrumb":{"@id":"https:\/\/strong-connection.com\/fr\/un-lien-fort\/#breadcrumb"},"inLanguage":"de","potentialAction":[{"@type":"ReadAction","target":["https:\/\/strong-connection.com\/fr\/un-lien-fort\/"]}]},{"@type":"BreadcrumbList","@id":"https:\/\/strong-connection.com\/fr\/un-lien-fort\/#breadcrumb","itemListElement":[{"@type":"ListItem","position":1,"name":"Startseite","item":"https:\/\/strong-connection.com\/fr\/"},{"@type":"ListItem","position":2,"name":"Une connexion forte"}]},{"@type":"WebSite","@id":"https:\/\/strong-connection.com\/de\/#website","url":"https:\/\/strong-connection.com\/de\/","name":"Un lien fort","description":"","publisher":{"@id":"https:\/\/strong-connection.com\/de\/#organization"},"potentialAction":[{"@type":"SearchAction","target":{"@type":"EntryPoint","urlTemplate":"https:\/\/strong-connection.com\/de\/?s={search_term_string}"},"query-input":{"@type":"PropertyValueSpecification","valueRequired":true,"valueName":"search_term_string"}}],"inLanguage":"de"},{"@type":"Organization","@id":"https:\/\/strong-connection.com\/de\/#organization","name":"Un lien fort","url":"https:\/\/strong-connection.com\/de\/","logo":{"@type":"ImageObject","inLanguage":"de","@id":"https:\/\/strong-connection.com\/de\/#\/schema\/logo\/image\/","url":"https:\/\/strong-connection.com\/wp-content\/uploads\/2023\/02\/wedi-ardex-cooperation_logo_claim-de_vector-rgb_478x230mm_220811-2.svg","contentUrl":"https:\/\/strong-connection.com\/wp-content\/uploads\/2023\/02\/wedi-ardex-cooperation_logo_claim-de_vector-rgb_478x230mm_220811-2.svg","width":"1024","height":"1024","caption":"Un lien fort"},"image":{"@id":"https:\/\/strong-connection.com\/de\/#\/schema\/logo\/image\/"}}]}},"_links":{"self":[{"href":"https:\/\/strong-connection.com\/fr\/wp-json\/wp\/v2\/pages\/4918","targetHints":{"allow":["GET"]}}],"collection":[{"href":"https:\/\/strong-connection.com\/fr\/wp-json\/wp\/v2\/pages"}],"about":[{"href":"https:\/\/strong-connection.com\/fr\/wp-json\/wp\/v2\/types\/page"}],"author":[{"embeddable":true,"href":"https:\/\/strong-connection.com\/fr\/wp-json\/wp\/v2\/users\/2"}],"replies":[{"embeddable":true,"href":"https:\/\/strong-connection.com\/fr\/wp-json\/wp\/v2\/comments?post=4918"}],"version-history":[{"count":52,"href":"https:\/\/strong-connection.com\/fr\/wp-json\/wp\/v2\/pages\/4918\/revisions"}],"predecessor-version":[{"id":5465,"href":"https:\/\/strong-connection.com\/fr\/wp-json\/wp\/v2\/pages\/4918\/revisions\/5465"}],"wp:attachment":[{"href":"https:\/\/strong-connection.com\/fr\/wp-json\/wp\/v2\/media?parent=4918"}],"curies":[{"name":"wp","href":"https:\/\/api.w.org\/{rel}","templated":true}]}}