{"id":4866,"date":"2024-10-21T12:49:45","date_gmt":"2024-10-21T12:49:45","guid":{"rendered":"https:\/\/strong-connection.com\/fr\/?page_id=4866"},"modified":"2025-11-05T08:41:45","modified_gmt":"2025-11-05T08:41:45","slug":"evenements","status":"publish","type":"page","link":"https:\/\/strong-connection.com\/fr\/evenements\/","title":{"rendered":"Evenements"},"content":{"rendered":"<section class=\"l-section wpb_row height_custom color_primary with_img\"><div class=\"l-section-img\" role=\"img\" aria-label=\"Bild\" data-img-width=\"2000\" data-img-height=\"1333\" style=\"background-image: url(https:\/\/strong-connection.com\/fr\/wp-content\/uploads\/sites\/4\/2023\/09\/20230327-100858TM9_7317_LQ.jpg);\"><\/div><div class=\"l-section-h i-cf\"><div class=\"g-cols vc_row via_grid cols_1 laptops-cols_inherit tablets-cols_inherit mobiles-cols_1 valign_top type_default stacking_default\"><div class=\"wpb_column vc_column_container\"><div class=\"vc_column-inner\"><\/div><\/div><\/div><\/div><\/section><section class=\"l-section wpb_row height_custom\"><div class=\"l-section-h i-cf\"><div class=\"g-cols vc_row via_grid cols_2 laptops-cols_inherit tablets-cols_inherit mobiles-cols_1 valign_top type_default stacking_default\"><div class=\"wpb_column vc_column_container\"><div class=\"vc_column-inner\"><div class=\"wpb_text_column us_custom_0f8f44b7\"><div class=\"wpb_wrapper\"><h1>Tile Roadshow (en Allemagne)<\/h1>\n<\/div><\/div><div class=\"w-separator size_medium\"><\/div><div class=\"wpb_text_column\"><div class=\"wpb_wrapper\"><h4>Faites de la r\u00e9novation une opportunit\u00e9<\/h4>\n<p>D\u00e9couvrez comment tirer parti du march\u00e9 actuel de la r\u00e9novation pour d\u00e9velopper votre activit\u00e9.<\/p>\n<p>Lors de cet \u00e9v\u00e9nement pratique, nous te montrerons comment les solutions syst\u00e8mes innovante peuvent t&#8217;aider \u00e0 r\u00e9aliser tes projets de mani\u00e8re encore plus efficace.<\/p>\n<p><span>Et le meilleur Avec votre participation, vous gagnerez 100 points de formation pour le programme de qualification <b>\u201e\u00a0ZERT-Mosa\u00efque\u201c!<\/b>\u00a0<\/span><\/p>\n<p><b><span data-contrast=\"auto\">\u00c0 quoi s&#8217;attendre :<\/span><\/b><span data-ccp-props=\"{}\">\u00a0<\/span><\/p>\n<ul>\n<li data-leveltext=\"\uf0b7\" data-font=\"Symbol\" data-listid=\"5\" data-list-defn-props=\"{&quot;335552541&quot;:1,&quot;335559685&quot;:720,&quot;335559991&quot;:360,&quot;469769226&quot;:&quot;Symbol&quot;,&quot;469769242&quot;:&#091;8226&#093;,&quot;469777803&quot;:&quot;left&quot;,&quot;469777804&quot;:&quot;\uf0b7&quot;,&quot;469777815&quot;:&quot;multilevel&quot;}\" data-aria-posinset=\"1\" data-aria-level=\"1\"><span data-contrast=\"auto\"><strong>Solutions pratiques :<\/strong> Vivez en direct comment optimiser votre travail gr\u00e2ce \u00e0 des produits et solutions syst\u00e8me innovants \u2013 de la planification de salle de bains aux syst\u00e8mes de chauffage, jusqu\u2019\u00e0 l\u2019am\u00e9nagement des espaces ext\u00e9rieurs.\n<p><\/span><\/li>\n<li data-leveltext=\"\uf0b7\" data-font=\"Symbol\" data-listid=\"5\" data-list-defn-props=\"{&quot;335552541&quot;:1,&quot;335559685&quot;:720,&quot;335559991&quot;:360,&quot;469769226&quot;:&quot;Symbol&quot;,&quot;469769242&quot;:&#091;8226&#093;,&quot;469777803&quot;:&quot;left&quot;,&quot;469777804&quot;:&quot;\uf0b7&quot;,&quot;469777815&quot;:&quot;multilevel&quot;}\" data-aria-posinset=\"1\" data-aria-level=\"1\"><span data-contrast=\"auto\"><strong>Sujets tendance et innovations<\/strong> : Apprenez \u00e0 sublimer les solutions de confort pour les zones spa et bien-\u00eatre, ainsi que l\u2019utilisation des grands formats en am\u00e9nagement ext\u00e9rieur.\n<p><\/span><\/li>\n<li data-leveltext=\"\uf0b7\" data-font=\"Symbol\" data-listid=\"5\" data-list-defn-props=\"{&quot;335552541&quot;:1,&quot;335559685&quot;:720,&quot;335559991&quot;:360,&quot;469769226&quot;:&quot;Symbol&quot;,&quot;469769242&quot;:&#091;8226&#093;,&quot;469777803&quot;:&quot;left&quot;,&quot;469777804&quot;:&quot;\uf0b7&quot;,&quot;469777815&quot;:&quot;multilevel&quot;}\" data-aria-posinset=\"1\" data-aria-level=\"1\"><span data-contrast=\"auto\"><strong>R\u00e9seautage et partage d&#8217;exp\u00e9rience<\/strong> : \u00c9changez avec vos coll\u00e8gues et nouez des contacts pr\u00e9cieux dans le secteur. <\/span><\/li>\n<\/ul>\n<h4>Fixez votre assise<\/h4>\n<\/div><\/div><div class=\"w-separator size_small\"><\/div><div class=\"wpb_text_column\"><div class=\"wpb_wrapper\"><table>\n<tbody>\n<tr>\n<td style=\"text-align: left; vertical-align: bottom;\">10.04.2025<\/td>\n<td style=\"vertical-align: bottom; text-align: right;\">58453<\/td>\n<td style=\"vertical-align: bottom; text-align: left;\">Witten<\/td>\n<td style=\"text-align: right;\"><a href=\"#\">Inscrivez-vous maintenant<\/a><\/td>\n<\/tr>\n<\/tbody>\n<\/table>\n<\/div><\/div><\/div><\/div><div class=\"wpb_column vc_column_container\"><div class=\"vc_column-inner\"><div class=\"w-image align_right\"><div class=\"w-image-h\"><img decoding=\"async\" width=\"1024\" height=\"1024\" src=\"https:\/\/strong-connection.com\/fr\/wp-content\/uploads\/sites\/4\/2024\/11\/wedi-eu_nuPSC_nuPBC_v2-gutjahr-ardex-wedi_si_log_print_690x215mm_240701_nv.svg\" class=\"attachment-large size-large\" alt=\"\" loading=\"lazy\" \/><\/div><\/div><div class=\"w-separator size_small\"><\/div><div class=\"wpb_text_column us_custom_be088ba5\"><div class=\"wpb_wrapper\"><table>\n<tbody>\n<tr>\n<td style=\"border: 0px;\" colspan=\"2\">D\u00e9roulement de la formation<\/td>\n<\/tr>\n<tr>\n<td style=\"border: 0px;\" width=\"130\">\u00c0 partir de<br \/>8 h 30<\/td>\n<td style=\"border: 0px;\">Arriv\u00e9e des participants<\/td>\n<\/tr>\n<tr>\n<td style=\"border: 0px;\">9 h 00<\/td>\n<td style=\"border: 0px;\">Accueil des participants<\/td>\n<\/tr>\n<tr>\n<td style=\"border: 0px;\">9 h 15<\/td>\n<td style=\"border: 0px;\">\n<p>Bloc pratique 1 : Des solutions de syst\u00e8me innovant pour une planification moderne de la salle de bains<\/p>\n<ul>\n<li>\n<p>Chapes et syst\u00e8mes de chauffage adapt\u00e9s aux poseurs de carrelage et de pierre naturelle<\/p>\n<\/li>\n<li>\n<p>Niche de douche et receveurs pr\u00eats \u00e0 carreler<\/p>\n<\/li>\n<li>\n<p>Rev\u00eatement sans joints grand format<\/p>\n<\/li>\n<\/ul>\n<\/td>\n<\/tr>\n<tr>\n<td style=\"border: 0px;\">10 h 45<\/td>\n<td style=\"border: 0px;\">Pause caf\u00e9<\/td>\n<\/tr>\n<tr>\n<td style=\"border: 0px;\">11 h 15<\/td>\n<td style=\"border: 0px;\">\n<p>Bloc pratique 2 : Syst\u00e8mes intelligents pour un am\u00e9nagement int\u00e9rieur performant Syst\u00e8mes de chauffage efficaces pour l\u2019int\u00e9rieur<\/p>\n<ul>\n<li>\n<p>Pr\u00e9paration du support et solutions d\u2019\u00e9tanch\u00e9it\u00e9 fiables<\/p>\n<\/li>\n<li>\n<p>Chauffage \u00e0 eau chaude int\u00e9gr\u00e9 aux syst\u00e8mes de sol Support technique et solution syst\u00e8me compl\u00e8te<\/p>\n<\/li>\n<\/ul>\n<\/td>\n<\/tr>\n<tr>\n<td style=\"border: 0px;\">12 h 15<\/td>\n<td style=\"border: 0px;\">\n<p>Bloc th\u00e9orique\u00a0: Cap sur les solutions modernes pour les espaces spa et bien-\u00eatre<\/p>\n<ul>\n<li>Concepts personnalis\u00e9s pour spas priv\u00e9s et pi\u00e8ces humides sur mesure<\/li>\n<li>La pr\u00e9fabrication comme levier d&#8217;efficacit\u00e9 et de diff\u00e9renciation<\/li>\n<\/ul>\n<\/td>\n<\/tr>\n<tr>\n<td style=\"border: 0px;\">12 h 30<\/td>\n<td style=\"border: 0px;\">Repas de midi en groupe<\/td>\n<\/tr>\n<tr>\n<td style=\"border: 0px;\">13 h 15<\/td>\n<td style=\"border: 0px;\">\n<p>Bloc pratique 3 : Des solutions rapides et impeccables pour balcons et terrasses<\/p>\n<ul>\n<li>Mortier parfaitement structur\u00e9<\/li>\n<li>Profil\u00e9s de derni\u00e8re g\u00e9n\u00e9ration<\/li>\n<\/ul>\n<\/td>\n<\/tr>\n<tr>\n<td style=\"border: 0px;\">14 h 00<\/td>\n<td style=\"border: 0px;\">\n<p>Bloc pratique 4 : Grands formats pour des am\u00e9nagements ext\u00e9rieurs<\/p>\n<ul>\n<li>Int\u00e9gration de l\u2019\u00e9clairage et du chauffage dans les syst\u00e8mes \u00e0 cadre et les rev\u00eatements sur\u00e9lev\u00e9s<\/li>\n<li>Pose libre sans dalles instables<\/li>\n<\/ul>\n<\/td>\n<\/tr>\n<tr>\n<td style=\"border: 0px;\">14 h 45<\/td>\n<td style=\"border: 0px;\">S\u00e9ance de cl\u00f4ture et salutations finales<\/td>\n<\/tr>\n<\/tbody>\n<\/table>\n<\/div><\/div><\/div><\/div><\/div><\/div><\/section>\n","protected":false},"excerpt":{"rendered":"Tile Roadshow (en Allemagne) Faites de la r\u00e9novation une opportunit\u00e9 D\u00e9couvrez comment tirer parti du march\u00e9 actuel de la r\u00e9novation pour d\u00e9velopper votre activit\u00e9. Lors de cet \u00e9v\u00e9nement pratique, nous te montrerons comment les solutions syst\u00e8mes innovante peuvent t&#8217;aider \u00e0 r\u00e9aliser tes projets de mani\u00e8re encore plus efficace. Et le meilleur Avec votre participation, vous...","protected":false},"author":2,"featured_media":0,"parent":0,"menu_order":0,"comment_status":"closed","ping_status":"closed","template":"","meta":{"footnotes":""},"class_list":["post-4866","page","type-page","status-publish","hentry"],"yoast_head":"<!-- This site is optimized with the Yoast SEO plugin v27.6 - https:\/\/yoast.com\/product\/yoast-seo-wordpress\/ -->\n<title>Evenements - Un lien fort<\/title>\n<meta name=\"robots\" content=\"index, follow, max-snippet:-1, max-image-preview:large, max-video-preview:-1\" \/>\n<link rel=\"canonical\" href=\"https:\/\/strong-connection.com\/fr\/evenements\/\" \/>\n<meta property=\"og:locale\" content=\"de_DE\" \/>\n<meta property=\"og:type\" content=\"article\" \/>\n<meta property=\"og:title\" content=\"Evenements - Un lien fort\" \/>\n<meta property=\"og:url\" content=\"https:\/\/strong-connection.com\/fr\/evenements\/\" \/>\n<meta property=\"og:site_name\" content=\"Un lien fort\" \/>\n<meta property=\"article:modified_time\" content=\"2025-11-05T08:41:45+00:00\" \/>\n<meta name=\"twitter:card\" content=\"summary_large_image\" \/>\n<meta name=\"twitter:label1\" content=\"Gesch\u00e4tzte Lesezeit\" \/>\n\t<meta name=\"twitter:data1\" content=\"2\u00a0Minuten\" \/>\n<script type=\"application\/ld+json\" class=\"yoast-schema-graph\">{\"@context\":\"https:\\\/\\\/schema.org\",\"@graph\":[{\"@type\":\"WebPage\",\"@id\":\"https:\\\/\\\/strong-connection.com\\\/fr\\\/evenements\\\/\",\"url\":\"https:\\\/\\\/strong-connection.com\\\/fr\\\/evenements\\\/\",\"name\":\"Evenements - Un lien fort\",\"isPartOf\":{\"@id\":\"https:\\\/\\\/strong-connection.com\\\/de\\\/#website\"},\"datePublished\":\"2024-10-21T12:49:45+00:00\",\"dateModified\":\"2025-11-05T08:41:45+00:00\",\"breadcrumb\":{\"@id\":\"https:\\\/\\\/strong-connection.com\\\/fr\\\/evenements\\\/#breadcrumb\"},\"inLanguage\":\"de\",\"potentialAction\":[{\"@type\":\"ReadAction\",\"target\":[\"https:\\\/\\\/strong-connection.com\\\/fr\\\/evenements\\\/\"]}]},{\"@type\":\"BreadcrumbList\",\"@id\":\"https:\\\/\\\/strong-connection.com\\\/fr\\\/evenements\\\/#breadcrumb\",\"itemListElement\":[{\"@type\":\"ListItem\",\"position\":1,\"name\":\"Startseite\",\"item\":\"https:\\\/\\\/strong-connection.com\\\/fr\\\/\"},{\"@type\":\"ListItem\",\"position\":2,\"name\":\"Evenements\"}]},{\"@type\":\"WebSite\",\"@id\":\"https:\\\/\\\/strong-connection.com\\\/de\\\/#website\",\"url\":\"https:\\\/\\\/strong-connection.com\\\/de\\\/\",\"name\":\"Un lien fort\",\"description\":\"\",\"publisher\":{\"@id\":\"https:\\\/\\\/strong-connection.com\\\/de\\\/#organization\"},\"potentialAction\":[{\"@type\":\"SearchAction\",\"target\":{\"@type\":\"EntryPoint\",\"urlTemplate\":\"https:\\\/\\\/strong-connection.com\\\/de\\\/?s={search_term_string}\"},\"query-input\":{\"@type\":\"PropertyValueSpecification\",\"valueRequired\":true,\"valueName\":\"search_term_string\"}}],\"inLanguage\":\"de\"},{\"@type\":\"Organization\",\"@id\":\"https:\\\/\\\/strong-connection.com\\\/de\\\/#organization\",\"name\":\"Un lien fort\",\"url\":\"https:\\\/\\\/strong-connection.com\\\/de\\\/\",\"logo\":{\"@type\":\"ImageObject\",\"inLanguage\":\"de\",\"@id\":\"https:\\\/\\\/strong-connection.com\\\/de\\\/#\\\/schema\\\/logo\\\/image\\\/\",\"url\":\"https:\\\/\\\/strong-connection.com\\\/wp-content\\\/uploads\\\/2023\\\/02\\\/wedi-ardex-cooperation_logo_claim-de_vector-rgb_478x230mm_220811-2.svg\",\"contentUrl\":\"https:\\\/\\\/strong-connection.com\\\/wp-content\\\/uploads\\\/2023\\\/02\\\/wedi-ardex-cooperation_logo_claim-de_vector-rgb_478x230mm_220811-2.svg\",\"width\":\"1024\",\"height\":\"1024\",\"caption\":\"Un lien fort\"},\"image\":{\"@id\":\"https:\\\/\\\/strong-connection.com\\\/de\\\/#\\\/schema\\\/logo\\\/image\\\/\"}}]}<\/script>\n<!-- \/ Yoast SEO plugin. -->","yoast_head_json":{"title":"Evenements - Un lien fort","robots":{"index":"index","follow":"follow","max-snippet":"max-snippet:-1","max-image-preview":"max-image-preview:large","max-video-preview":"max-video-preview:-1"},"canonical":"https:\/\/strong-connection.com\/fr\/evenements\/","og_locale":"de_DE","og_type":"article","og_title":"Evenements - Un lien fort","og_url":"https:\/\/strong-connection.com\/fr\/evenements\/","og_site_name":"Un lien fort","article_modified_time":"2025-11-05T08:41:45+00:00","twitter_card":"summary_large_image","twitter_misc":{"Gesch\u00e4tzte Lesezeit":"2\u00a0Minuten"},"schema":{"@context":"https:\/\/schema.org","@graph":[{"@type":"WebPage","@id":"https:\/\/strong-connection.com\/fr\/evenements\/","url":"https:\/\/strong-connection.com\/fr\/evenements\/","name":"Evenements - Un lien fort","isPartOf":{"@id":"https:\/\/strong-connection.com\/de\/#website"},"datePublished":"2024-10-21T12:49:45+00:00","dateModified":"2025-11-05T08:41:45+00:00","breadcrumb":{"@id":"https:\/\/strong-connection.com\/fr\/evenements\/#breadcrumb"},"inLanguage":"de","potentialAction":[{"@type":"ReadAction","target":["https:\/\/strong-connection.com\/fr\/evenements\/"]}]},{"@type":"BreadcrumbList","@id":"https:\/\/strong-connection.com\/fr\/evenements\/#breadcrumb","itemListElement":[{"@type":"ListItem","position":1,"name":"Startseite","item":"https:\/\/strong-connection.com\/fr\/"},{"@type":"ListItem","position":2,"name":"Evenements"}]},{"@type":"WebSite","@id":"https:\/\/strong-connection.com\/de\/#website","url":"https:\/\/strong-connection.com\/de\/","name":"Un lien fort","description":"","publisher":{"@id":"https:\/\/strong-connection.com\/de\/#organization"},"potentialAction":[{"@type":"SearchAction","target":{"@type":"EntryPoint","urlTemplate":"https:\/\/strong-connection.com\/de\/?s={search_term_string}"},"query-input":{"@type":"PropertyValueSpecification","valueRequired":true,"valueName":"search_term_string"}}],"inLanguage":"de"},{"@type":"Organization","@id":"https:\/\/strong-connection.com\/de\/#organization","name":"Un lien fort","url":"https:\/\/strong-connection.com\/de\/","logo":{"@type":"ImageObject","inLanguage":"de","@id":"https:\/\/strong-connection.com\/de\/#\/schema\/logo\/image\/","url":"https:\/\/strong-connection.com\/wp-content\/uploads\/2023\/02\/wedi-ardex-cooperation_logo_claim-de_vector-rgb_478x230mm_220811-2.svg","contentUrl":"https:\/\/strong-connection.com\/wp-content\/uploads\/2023\/02\/wedi-ardex-cooperation_logo_claim-de_vector-rgb_478x230mm_220811-2.svg","width":"1024","height":"1024","caption":"Un lien fort"},"image":{"@id":"https:\/\/strong-connection.com\/de\/#\/schema\/logo\/image\/"}}]}},"_links":{"self":[{"href":"https:\/\/strong-connection.com\/fr\/wp-json\/wp\/v2\/pages\/4866","targetHints":{"allow":["GET"]}}],"collection":[{"href":"https:\/\/strong-connection.com\/fr\/wp-json\/wp\/v2\/pages"}],"about":[{"href":"https:\/\/strong-connection.com\/fr\/wp-json\/wp\/v2\/types\/page"}],"author":[{"embeddable":true,"href":"https:\/\/strong-connection.com\/fr\/wp-json\/wp\/v2\/users\/2"}],"replies":[{"embeddable":true,"href":"https:\/\/strong-connection.com\/fr\/wp-json\/wp\/v2\/comments?post=4866"}],"version-history":[{"count":91,"href":"https:\/\/strong-connection.com\/fr\/wp-json\/wp\/v2\/pages\/4866\/revisions"}],"predecessor-version":[{"id":5490,"href":"https:\/\/strong-connection.com\/fr\/wp-json\/wp\/v2\/pages\/4866\/revisions\/5490"}],"wp:attachment":[{"href":"https:\/\/strong-connection.com\/fr\/wp-json\/wp\/v2\/media?parent=4866"}],"curies":[{"name":"wp","href":"https:\/\/api.w.org\/{rel}","templated":true}]}}