{"id":2179,"date":"2023-02-13T10:30:04","date_gmt":"2023-02-13T10:30:04","guid":{"rendered":"https:\/\/strong-connection.com\/fr\/?page_id=2179"},"modified":"2025-07-07T09:19:53","modified_gmt":"2025-07-07T09:19:53","slug":"impressum","status":"publish","type":"page","link":"https:\/\/strong-connection.com\/fr\/impressum\/","title":{"rendered":"Mentions l\u00e9gales"},"content":{"rendered":"<section class=\"l-section wpb_row height_custom\"><div class=\"l-section-h i-cf\"><div class=\"g-cols vc_row via_grid cols_1 laptops-cols_inherit tablets-cols_inherit mobiles-cols_1 valign_top type_default stacking_default\"><div class=\"wpb_column vc_column_container\"><div class=\"vc_column-inner\"><div class=\"wpb_text_column\"><div class=\"wpb_wrapper\"><h1>Mentions l\u00e9gales<\/h1>\n<h2>Informations l\u00e9gales<\/h2>\n<p><strong>wedi GmbH<\/strong><br \/>Directeur g\u00e9n\u00e9ral\u00a0: Fabian Rechlin, Andreas F\u00fcrer<br \/>Hollefeldstr. 51<br \/>D-48282 Emsdetten<br \/>Tel.: +49 (0)2572 156 0<br \/>Fax: +49 (0)2572 156 133<br \/>E-Mail: info@wedi.fr<br \/>Internet:\u00a0<a href=\"http:\/\/www.wedi.net\/\" target=\"_blank\" rel=\"noopener\">www.wedi.net<\/a><\/p>\n<p><strong>Mentions l\u00e9gales\u00a0:<\/strong><br \/>Inscrit au registre du commerce aupr\u00e8s du tribunal de district de Steinfurt<br \/>num\u00e9ro de registre\u00a0: HRB 3782<br \/>N\u00b0 TVA\u00a0: DE 124394248<\/p>\n<p>Questions et suggestions veuillez contacter\u00a0: info@wedi.fr<\/p>\n<p><strong>Personnes responsables du contenu conform\u00e9ment \u00e0 l\u2019article 10, paragraphe 3 de la MDStV (trait\u00e9 inter\u00e9tatique sur les services de m\u00e9dias) :<\/strong><br \/>Fabian Rechlin, Andreas F\u00fcrer<br \/>wedi GmbH<br \/>Hollefeldstr. 51<br \/>48282 Emsdetten<\/p>\n<p><strong>Protection des donn\u00e9es<\/strong><br \/>Toutes les informations sur la protection des donn\u00e9es peuvent \u00eatre trouv\u00e9es <a href=\"https:\/\/www.wedi.net\/fr\/protection-des-donnees\/\">ici<\/a>.<\/p>\n<p><strong>Avis de responsabilit\u00e9 :<\/strong><br \/>Malgr\u00e9 un contr\u00f4le rigoureux du contenu, nous d\u00e9clinons toute responsabilit\u00e9 quant aux contenus des liens externes. Les exploitants des sites li\u00e9s sont seuls responsables du contenu des pages r\u00e9f\u00e9renc\u00e9es.<\/p>\n<p>Tous droits r\u00e9serv\u00e9s. Les informations sont la propri\u00e9t\u00e9 de wedi GmbH. Elles repr\u00e9sentent les informations les plus r\u00e9centes disponibles au moment de la publication. Toute responsabilit\u00e9 ou garantie quant \u00e0 l\u2019actualit\u00e9, l\u2019exactitude et l\u2019exhaustivit\u00e9 des informations et donn\u00e9es fournies est exclue. Ceci s&#8217;applique \u00e9galement \u00e0 tous les autres sites Web auxquels il est fait r\u00e9f\u00e9rence au moyen d&#8217;un lien hypertexte. La soci\u00e9t\u00e9 wedi GmbH n\u2019est \u00e9galement pas responsable du contenu de ces sites.<\/p>\n<p>&#8222;Les informations figurant sur les sites ne constituent en aucun cas des garanties l\u00e9gales. La soci\u00e9t\u00e9 wedi GmbH se r\u00e9serve le droit d\u2019apporter, si n\u00e9cessaire, des modifications ou des compl\u00e9ments aux informations ou donn\u00e9es fournies.<\/p>\n<p>Aucune pr\u00e9tention juridique ne peut \u00eatre d\u00e9duite des sujets d\u00e9crits ici. Les offres sont non contraignantes dans tous leurs aspects.&#8220;<\/p>\n<p>La soci\u00e9t\u00e9 wedi GmbH n\u2019assume aucune responsabilit\u00e9, ni pour les dommages directs ni pour les dommages indirects, r\u00e9sultant de l\u2019utilisation des informations ou donn\u00e9es pr\u00e9sentes sur ce site internet. Aucun droit ni obligation n\u2019existe entre la soci\u00e9t\u00e9 wedi GmbH et l\u2019utilisateur du site web ou des tiers.<\/p>\n<p>Le contenu du wedi GmbH est prot\u00e9g\u00e9 par des droit d&#8217;auteur. Le contenu ne peut \u00eatre reproduit ni int\u00e9gralement ni partiellement, ni publi\u00e9, ni stock\u00e9 dans un syst\u00e8me d\u2019information sans l\u2019autorisation \u00e9crite pr\u00e9alable de l\u2019auteur.<\/p>\n<p>Toutes les informations ou donn\u00e9es, leur utilisation ainsi que toute action, tol\u00e9rance ou omission li\u00e9e au site internet de la soci\u00e9t\u00e9 wedi GmbH sont exclusivement soumises au droit allemand, \u00e0 l\u2019exclusion du droit international. Le lieu d\u2019ex\u00e9cution et la comp\u00e9tence juridictionnelle exclusive sont \u00e0 Emsdetten.<\/p>\n<\/div><\/div><\/div><\/div><\/div><\/div><\/section>\n","protected":false},"excerpt":{"rendered":"Mentions l\u00e9gales Informations l\u00e9gales wedi GmbHDirecteur g\u00e9n\u00e9ral\u00a0: Fabian Rechlin, Andreas F\u00fcrerHollefeldstr. 51D-48282 EmsdettenTel.: +49 (0)2572 156 0Fax: +49 (0)2572 156 133E-Mail: info@wedi.frInternet:\u00a0www.wedi.net Mentions l\u00e9gales\u00a0:Inscrit au registre du commerce aupr\u00e8s du tribunal de district de Steinfurtnum\u00e9ro de registre\u00a0: HRB 3782N\u00b0 TVA\u00a0: DE 124394248 Questions et suggestions veuillez contacter\u00a0: info@wedi.fr Personnes responsables du contenu conform\u00e9ment \u00e0 l\u2019article...","protected":false},"author":2,"featured_media":0,"parent":0,"menu_order":0,"comment_status":"closed","ping_status":"closed","template":"","meta":{"footnotes":""},"class_list":["post-2179","page","type-page","status-publish","hentry"],"yoast_head":"<!-- This site is optimized with the Yoast SEO plugin v27.6 - https:\/\/yoast.com\/product\/yoast-seo-wordpress\/ -->\n<title>Mentions l\u00e9gales - Un lien fort<\/title>\n<meta name=\"robots\" content=\"index, follow, max-snippet:-1, max-image-preview:large, max-video-preview:-1\" \/>\n<link rel=\"canonical\" href=\"https:\/\/strong-connection.com\/fr\/impressum\/\" \/>\n<meta property=\"og:locale\" content=\"de_DE\" \/>\n<meta property=\"og:type\" content=\"article\" \/>\n<meta property=\"og:title\" content=\"Mentions l\u00e9gales - Un lien fort\" \/>\n<meta property=\"og:url\" content=\"https:\/\/strong-connection.com\/fr\/impressum\/\" \/>\n<meta property=\"og:site_name\" content=\"Un lien fort\" \/>\n<meta property=\"article:modified_time\" content=\"2025-07-07T09:19:53+00:00\" \/>\n<meta name=\"twitter:card\" content=\"summary_large_image\" \/>\n<meta name=\"twitter:label1\" content=\"Gesch\u00e4tzte Lesezeit\" \/>\n\t<meta name=\"twitter:data1\" content=\"2\u00a0Minuten\" \/>\n<script type=\"application\/ld+json\" class=\"yoast-schema-graph\">{\"@context\":\"https:\\\/\\\/schema.org\",\"@graph\":[{\"@type\":\"WebPage\",\"@id\":\"https:\\\/\\\/strong-connection.com\\\/fr\\\/impressum\\\/\",\"url\":\"https:\\\/\\\/strong-connection.com\\\/fr\\\/impressum\\\/\",\"name\":\"Mentions l\u00e9gales - Un lien fort\",\"isPartOf\":{\"@id\":\"https:\\\/\\\/strong-connection.com\\\/de\\\/#website\"},\"datePublished\":\"2023-02-13T10:30:04+00:00\",\"dateModified\":\"2025-07-07T09:19:53+00:00\",\"breadcrumb\":{\"@id\":\"https:\\\/\\\/strong-connection.com\\\/fr\\\/impressum\\\/#breadcrumb\"},\"inLanguage\":\"de\",\"potentialAction\":[{\"@type\":\"ReadAction\",\"target\":[\"https:\\\/\\\/strong-connection.com\\\/fr\\\/impressum\\\/\"]}]},{\"@type\":\"BreadcrumbList\",\"@id\":\"https:\\\/\\\/strong-connection.com\\\/fr\\\/impressum\\\/#breadcrumb\",\"itemListElement\":[{\"@type\":\"ListItem\",\"position\":1,\"name\":\"Startseite\",\"item\":\"https:\\\/\\\/strong-connection.com\\\/fr\\\/\"},{\"@type\":\"ListItem\",\"position\":2,\"name\":\"Mentions l\u00e9gales\"}]},{\"@type\":\"WebSite\",\"@id\":\"https:\\\/\\\/strong-connection.com\\\/de\\\/#website\",\"url\":\"https:\\\/\\\/strong-connection.com\\\/de\\\/\",\"name\":\"Un lien fort\",\"description\":\"\",\"publisher\":{\"@id\":\"https:\\\/\\\/strong-connection.com\\\/de\\\/#organization\"},\"potentialAction\":[{\"@type\":\"SearchAction\",\"target\":{\"@type\":\"EntryPoint\",\"urlTemplate\":\"https:\\\/\\\/strong-connection.com\\\/de\\\/?s={search_term_string}\"},\"query-input\":{\"@type\":\"PropertyValueSpecification\",\"valueRequired\":true,\"valueName\":\"search_term_string\"}}],\"inLanguage\":\"de\"},{\"@type\":\"Organization\",\"@id\":\"https:\\\/\\\/strong-connection.com\\\/de\\\/#organization\",\"name\":\"Un lien fort\",\"url\":\"https:\\\/\\\/strong-connection.com\\\/de\\\/\",\"logo\":{\"@type\":\"ImageObject\",\"inLanguage\":\"de\",\"@id\":\"https:\\\/\\\/strong-connection.com\\\/de\\\/#\\\/schema\\\/logo\\\/image\\\/\",\"url\":\"https:\\\/\\\/strong-connection.com\\\/wp-content\\\/uploads\\\/2023\\\/02\\\/wedi-ardex-cooperation_logo_claim-de_vector-rgb_478x230mm_220811-2.svg\",\"contentUrl\":\"https:\\\/\\\/strong-connection.com\\\/wp-content\\\/uploads\\\/2023\\\/02\\\/wedi-ardex-cooperation_logo_claim-de_vector-rgb_478x230mm_220811-2.svg\",\"width\":\"1024\",\"height\":\"1024\",\"caption\":\"Un lien fort\"},\"image\":{\"@id\":\"https:\\\/\\\/strong-connection.com\\\/de\\\/#\\\/schema\\\/logo\\\/image\\\/\"}}]}<\/script>\n<!-- \/ Yoast SEO plugin. -->","yoast_head_json":{"title":"Mentions l\u00e9gales - Un lien fort","robots":{"index":"index","follow":"follow","max-snippet":"max-snippet:-1","max-image-preview":"max-image-preview:large","max-video-preview":"max-video-preview:-1"},"canonical":"https:\/\/strong-connection.com\/fr\/impressum\/","og_locale":"de_DE","og_type":"article","og_title":"Mentions l\u00e9gales - Un lien fort","og_url":"https:\/\/strong-connection.com\/fr\/impressum\/","og_site_name":"Un lien fort","article_modified_time":"2025-07-07T09:19:53+00:00","twitter_card":"summary_large_image","twitter_misc":{"Gesch\u00e4tzte Lesezeit":"2\u00a0Minuten"},"schema":{"@context":"https:\/\/schema.org","@graph":[{"@type":"WebPage","@id":"https:\/\/strong-connection.com\/fr\/impressum\/","url":"https:\/\/strong-connection.com\/fr\/impressum\/","name":"Mentions l\u00e9gales - Un lien fort","isPartOf":{"@id":"https:\/\/strong-connection.com\/de\/#website"},"datePublished":"2023-02-13T10:30:04+00:00","dateModified":"2025-07-07T09:19:53+00:00","breadcrumb":{"@id":"https:\/\/strong-connection.com\/fr\/impressum\/#breadcrumb"},"inLanguage":"de","potentialAction":[{"@type":"ReadAction","target":["https:\/\/strong-connection.com\/fr\/impressum\/"]}]},{"@type":"BreadcrumbList","@id":"https:\/\/strong-connection.com\/fr\/impressum\/#breadcrumb","itemListElement":[{"@type":"ListItem","position":1,"name":"Startseite","item":"https:\/\/strong-connection.com\/fr\/"},{"@type":"ListItem","position":2,"name":"Mentions l\u00e9gales"}]},{"@type":"WebSite","@id":"https:\/\/strong-connection.com\/de\/#website","url":"https:\/\/strong-connection.com\/de\/","name":"Un lien fort","description":"","publisher":{"@id":"https:\/\/strong-connection.com\/de\/#organization"},"potentialAction":[{"@type":"SearchAction","target":{"@type":"EntryPoint","urlTemplate":"https:\/\/strong-connection.com\/de\/?s={search_term_string}"},"query-input":{"@type":"PropertyValueSpecification","valueRequired":true,"valueName":"search_term_string"}}],"inLanguage":"de"},{"@type":"Organization","@id":"https:\/\/strong-connection.com\/de\/#organization","name":"Un lien fort","url":"https:\/\/strong-connection.com\/de\/","logo":{"@type":"ImageObject","inLanguage":"de","@id":"https:\/\/strong-connection.com\/de\/#\/schema\/logo\/image\/","url":"https:\/\/strong-connection.com\/wp-content\/uploads\/2023\/02\/wedi-ardex-cooperation_logo_claim-de_vector-rgb_478x230mm_220811-2.svg","contentUrl":"https:\/\/strong-connection.com\/wp-content\/uploads\/2023\/02\/wedi-ardex-cooperation_logo_claim-de_vector-rgb_478x230mm_220811-2.svg","width":"1024","height":"1024","caption":"Un lien fort"},"image":{"@id":"https:\/\/strong-connection.com\/de\/#\/schema\/logo\/image\/"}}]}},"_links":{"self":[{"href":"https:\/\/strong-connection.com\/fr\/wp-json\/wp\/v2\/pages\/2179","targetHints":{"allow":["GET"]}}],"collection":[{"href":"https:\/\/strong-connection.com\/fr\/wp-json\/wp\/v2\/pages"}],"about":[{"href":"https:\/\/strong-connection.com\/fr\/wp-json\/wp\/v2\/types\/page"}],"author":[{"embeddable":true,"href":"https:\/\/strong-connection.com\/fr\/wp-json\/wp\/v2\/users\/2"}],"replies":[{"embeddable":true,"href":"https:\/\/strong-connection.com\/fr\/wp-json\/wp\/v2\/comments?post=2179"}],"version-history":[{"count":10,"href":"https:\/\/strong-connection.com\/fr\/wp-json\/wp\/v2\/pages\/2179\/revisions"}],"predecessor-version":[{"id":5405,"href":"https:\/\/strong-connection.com\/fr\/wp-json\/wp\/v2\/pages\/2179\/revisions\/5405"}],"wp:attachment":[{"href":"https:\/\/strong-connection.com\/fr\/wp-json\/wp\/v2\/media?parent=2179"}],"curies":[{"name":"wp","href":"https:\/\/api.w.org\/{rel}","templated":true}]}}