{"id":5044,"date":"2024-10-29T12:46:14","date_gmt":"2024-10-29T12:46:14","guid":{"rendered":"https:\/\/strong-connection.com\/de\/?page_id=5044"},"modified":"2025-03-31T08:47:46","modified_gmt":"2025-03-31T08:47:46","slug":"gewaehrleistung","status":"publish","type":"page","link":"https:\/\/strong-connection.com\/de\/gewaehrleistung\/","title":{"rendered":"Gew\u00e4hrleistung"},"content":{"rendered":"<section class=\"l-section wpb_row height_custom color_primary with_img\"><div class=\"l-section-img\" role=\"img\" aria-label=\"Bild\" data-img-width=\"2000\" data-img-height=\"1333\" style=\"background-image: url(https:\/\/strong-connection.com\/de\/wp-content\/uploads\/sites\/5\/2025\/03\/20250218-143105TM9_2148_LQ.jpg);\"><\/div><div class=\"l-section-h i-cf\"><div class=\"g-cols vc_row via_grid cols_1 laptops-cols_inherit tablets-cols_inherit mobiles-cols_1 valign_top type_default stacking_default\"><div class=\"wpb_column vc_column_container\"><div class=\"vc_column-inner\"><\/div><\/div><\/div><\/div><\/section><section class=\"l-section wpb_row height_custom\"><div class=\"l-section-h i-cf\"><div class=\"g-cols vc_row via_grid cols_1 laptops-cols_inherit tablets-cols_inherit mobiles-cols_1 valign_top type_default stacking_default\"><div class=\"wpb_column vc_column_container\"><div class=\"vc_column-inner\"><div class=\"wpb_text_column\"><div class=\"wpb_wrapper\"><h2>10-j\u00e4hrige System-Gew\u00e4hrleistung<\/h2>\n<p>Doppeltes Know-how, durchdachte Systeml\u00f6sungen f\u00fcr die Badsanierung und alles \u201eMade in Germany\u201c: Top-Vorteile, die Ihnen die Partnerschaft von ARDEX und wedibietet. Mit unserer \u201estarken Verbindung\u201c profitieren Sie von noch mehr Sicherheit und Komfort bei der Ausf\u00fchrung. Zudem k\u00f6nnen Sie sich auch auf erweiterte Unterst\u00fctzung bei Fragen und m\u00f6glichen Herausforderungen rund um Ihr Projekt verlassen. ARDEX und wedi: Gemeinsam f\u00fcr Sie da \u2013mit systemgepr\u00fcften Aufbauempfehlungen, geb\u00fcndelter Vertriebs- und Beratungskompetenz in jeder Projektphase und einer l\u00e4ngeren System-Gew\u00e4hrleistung.<span class=\"Apple-converted-space\">\u00a0<\/span><\/p>\n<h5>Unsere System-Gew\u00e4hrleistung \u2013 Ihre Vorteile im \u00dcberblick:<\/h5>\n<\/div><\/div><div class=\"g-cols wpb_row via_grid cols_2-1 laptops-cols_inherit tablets-cols_inherit mobiles-cols_1 valign_top type_default stacking_default\" style=\"--columns-gap:3rem;\"><div class=\"wpb_column vc_column_container\"><div class=\"vc_column-inner\"><div class=\"w-separator size_medium\"><\/div><div class=\"w-tabs style_default switch_click accordion remove_indents\" style=\"--sections-title-size:1.2rem\"><div class=\"w-tabs-sections titles-align_none icon_chevron cpos_right\"><div class=\"w-tabs-section active\" id=\"j9f5\"><button class=\"w-tabs-section-header active\" aria-controls=\"content-j9f5\" aria-expanded=\"true\"><div class=\"w-tabs-section-title\">Erh\u00f6htes Vertrauen<\/div><div class=\"w-tabs-section-control\"><\/div><\/button><div  class=\"w-tabs-section-content\" id=\"content-j9f5\"><div class=\"w-tabs-section-content-h i-cf\"><div class=\"wpb_text_column\"><div class=\"wpb_wrapper\"><p>Unsere 10-j\u00e4hrige System- Gew\u00e4hrleistung zeigt vor allem eins \u2013 unsere tiefe \u00dcberzeugung von unseren Systeml\u00f6sungen.<span class=\"Apple-converted-space\">\u00a0<\/span><\/p>\n<\/div><\/div><\/div><\/div><\/div><div class=\"w-tabs-section\" id=\"ha9b\"><button class=\"w-tabs-section-header\" aria-controls=\"content-ha9b\" aria-expanded=\"false\"><div class=\"w-tabs-section-title\">Wettbewerbsvorteil<\/div><div class=\"w-tabs-section-control\"><\/div><\/button><div  class=\"w-tabs-section-content\" id=\"content-ha9b\"><div class=\"w-tabs-section-content-h i-cf\"><div class=\"wpb_text_column\"><div class=\"wpb_wrapper\"><p>Indem Sie auf unsere L\u00f6sungen setzen, haben Sie dank der erweiterten System- Gew\u00e4hrleistung gleich ein entscheidendes Verkaufs- argument in der Tasche und damit im Wettbewerb die Nase vorn.<span class=\"Apple-converted-space\">\u00a0<\/span><\/p>\n<\/div><\/div><\/div><\/div><\/div><div class=\"w-tabs-section\" id=\"xb1a\"><button class=\"w-tabs-section-header\" aria-controls=\"content-xb1a\" aria-expanded=\"false\"><div class=\"w-tabs-section-title\">Risikominimierung<\/div><div class=\"w-tabs-section-control\"><\/div><\/button><div  class=\"w-tabs-section-content\" id=\"content-xb1a\"><div class=\"w-tabs-section-content-h i-cf\"><div class=\"wpb_text_column\"><div class=\"wpb_wrapper\"><p>Profitieren Sie von einer erweiterten Absicherung bei m\u00f6glichen M\u00e4ngeln.<span class=\"Apple-converted-space\">\u00a0<\/span><\/p>\n<\/div><\/div><\/div><\/div><\/div><div class=\"w-tabs-section\" id=\"hb93\"><button class=\"w-tabs-section-header\" aria-controls=\"content-hb93\" aria-expanded=\"false\"><div class=\"w-tabs-section-title\">Kundenzufriedenheit<\/div><div class=\"w-tabs-section-control\"><\/div><\/button><div  class=\"w-tabs-section-content\" id=\"content-hb93\"><div class=\"w-tabs-section-content-h i-cf\"><div class=\"wpb_text_column\"><div class=\"wpb_wrapper\"><p>Mit unserer 10-j\u00e4hrigen System- Gew\u00e4hrleistung steigern Sie das Vertrauen Ihrer Kunden in Ihre Arbeit. Das macht nicht nur Ihr aktuelles Projekt einfacher, sondern hat auch Auswirkungen auf die Zukunft. Schlie\u00dflich empfehlen zufriedene Kunden Sie gerne weiter oder geben auch zuk\u00fcnftige Projekte in Ihre H\u00e4nde.<span class=\"Apple-converted-space\">\u00a0<\/span><\/p>\n<\/div><\/div><\/div><\/div><\/div><\/div><\/div><\/div><\/div><div class=\"wpb_column vc_column_container\"><div class=\"vc_column-inner\"><div class=\"w-separator size_medium\"><\/div><div class=\"w-btn-wrapper align_right\"><a class=\"w-btn us-btn-style_1 icon_atleft\" target=\"_blank\" href=\"https:\/\/strong-connection.com\/de\/wp-content\/uploads\/sites\/5\/2025\/02\/ARDEX_wedi_Strong_Connection_Gewaehrleistung_2025.pdf\"><i class=\"fas fa-file-pdf\"><\/i><span class=\"w-btn-label\">10-j\u00e4hrige System-Gew\u00e4hrleistung<\/span><\/a><\/div><div class=\"w-separator size_small\"><\/div><div class=\"w-image align_right\"><div class=\"w-image-h\"><img decoding=\"async\" width=\"300\" height=\"300\" src=\"https:\/\/strong-connection.com\/de\/wp-content\/uploads\/sites\/5\/2024\/11\/ardex-wedi_10-jahre-systemgewaehrleistung-300x300.png\" class=\"attachment-medium size-medium\" alt=\"\" loading=\"lazy\" srcset=\"https:\/\/strong-connection.com\/de\/wp-content\/uploads\/sites\/5\/2024\/11\/ardex-wedi_10-jahre-systemgewaehrleistung-300x300.png 300w, https:\/\/strong-connection.com\/de\/wp-content\/uploads\/sites\/5\/2024\/11\/ardex-wedi_10-jahre-systemgewaehrleistung-150x150.png 150w, https:\/\/strong-connection.com\/de\/wp-content\/uploads\/sites\/5\/2024\/11\/ardex-wedi_10-jahre-systemgewaehrleistung.png 905w\" sizes=\"auto, (max-width: 300px) 100vw, 300px\" \/><\/div><\/div><\/div><\/div><\/div><\/div><\/div><\/div><\/div><\/section><section class=\"l-section wpb_row height_custom\" id=\"produktempfehlungen\"><div class=\"l-section-h i-cf\"><div class=\"g-cols vc_row via_grid cols_1 laptops-cols_inherit tablets-cols_inherit mobiles-cols_1 valign_top type_default stacking_default\"><div class=\"wpb_column vc_column_container\"><div class=\"vc_column-inner\"><div class=\"g-cols wpb_row via_grid cols_1-4-1 laptops-cols_inherit tablets-cols_inherit mobiles-cols_1 valign_top type_default stacking_default\" style=\"--columns-gap:3rem;\"><div class=\"wpb_column vc_column_container\"><div class=\"vc_column-inner\"><\/div><\/div><div class=\"wpb_column vc_column_container\"><div class=\"vc_column-inner\"><div class=\"wpb_text_column\"><div class=\"wpb_wrapper\"><h2 style=\"text-align: center;\">abP-Pr\u00fcfzeugnisse<\/h2>\n<\/div><\/div><\/div><\/div><div class=\"wpb_column vc_column_container\"><div class=\"vc_column-inner\"><\/div><\/div><\/div><div class=\"w-separator size_medium\"><\/div><div class=\"g-cols wpb_row w-actionbox color_light products via_grid cols_5-1 laptops-cols_inherit tablets-cols_inherit mobiles-cols_1 valign_middle type_default stacking_default\" style=\"--columns-gap:3rem;\"><div class=\"wpb_column vc_column_container\"><div class=\"vc_column-inner\"><div class=\"w-hwrapper valign_middle align_left\" style=\"--hwrapper-gap:1.20rem\"><div class=\"w-vwrapper align_none valign_top\"><div class=\"wpb_text_column\"><div class=\"wpb_wrapper\"><h6>Ardex S7 PLUS<\/h6>\n<\/div><\/div><\/div><\/div><\/div><\/div><div class=\"wpb_column vc_column_container\"><div class=\"vc_column-inner\"><div class=\"w-btn-wrapper align_right\"><a class=\"w-btn us-btn-style_4 icon_atleft\" target=\"_blank\" rel=\"nofollow\" href=\"https:\/\/strong-connection.com\/de\/wp-content\/uploads\/sites\/5\/2025\/02\/abP-P-99002302.201.pdf\"><i class=\"fal fa-chevron-right\"><\/i><span class=\"w-btn-label\">Download<\/span><\/a><\/div><\/div><\/div><\/div><div class=\"w-separator size_custom with_line width_default thick_1 style_solid color_border align_center\" style=\"height:1px\"><div class=\"w-separator-h\"><\/div><\/div><div class=\"g-cols wpb_row w-actionbox color_light products via_grid cols_5-1 laptops-cols_inherit tablets-cols_inherit mobiles-cols_1 valign_middle type_default stacking_default\" style=\"--columns-gap:3rem;\"><div class=\"wpb_column vc_column_container\"><div class=\"vc_column-inner\"><div class=\"w-hwrapper valign_middle align_left\" style=\"--hwrapper-gap:1.20rem\"><div class=\"w-vwrapper align_none valign_top\"><div class=\"wpb_text_column\"><div class=\"wpb_wrapper\"><h6>Ardex 8+9 Dichtmasse<\/h6>\n<\/div><\/div><\/div><\/div><\/div><\/div><div class=\"wpb_column vc_column_container\"><div class=\"vc_column-inner\"><div class=\"w-btn-wrapper align_right\"><a class=\"w-btn us-btn-style_4 icon_atleft\" target=\"_blank\" rel=\"nofollow\" href=\"https:\/\/strong-connection.com\/de\/wp-content\/uploads\/sites\/5\/2025\/02\/abP-P-99002301.201.pdf\"><i class=\"fal fa-chevron-right\"><\/i><span class=\"w-btn-label\">Download<\/span><\/a><\/div><\/div><\/div><\/div><\/div><\/div><\/div><\/div><\/section>\n","protected":false},"excerpt":{"rendered":"10-j\u00e4hrige System-Gew\u00e4hrleistung Doppeltes Know-how, durchdachte Systeml\u00f6sungen f\u00fcr die Badsanierung und alles \u201eMade in Germany\u201c: Top-Vorteile, die Ihnen die Partnerschaft von ARDEX und wedibietet. Mit unserer \u201estarken Verbindung\u201c profitieren Sie von noch mehr Sicherheit und Komfort bei der Ausf\u00fchrung. Zudem k\u00f6nnen Sie sich auch auf erweiterte Unterst\u00fctzung bei Fragen und m\u00f6glichen Herausforderungen rund um Ihr Projekt...","protected":false},"author":2,"featured_media":0,"parent":0,"menu_order":0,"comment_status":"closed","ping_status":"closed","template":"","meta":{"footnotes":""},"class_list":["post-5044","page","type-page","status-publish","hentry"],"yoast_head":"<!-- This site is optimized with the Yoast SEO plugin v27.5 - https:\/\/yoast.com\/product\/yoast-seo-wordpress\/ -->\n<title>Gew\u00e4hrleistung - Eine starke Verbindung<\/title>\n<meta name=\"robots\" content=\"index, follow, max-snippet:-1, max-image-preview:large, max-video-preview:-1\" \/>\n<link rel=\"canonical\" href=\"https:\/\/strong-connection.com\/de\/gewaehrleistung\/\" \/>\n<meta property=\"og:locale\" content=\"de_DE\" \/>\n<meta property=\"og:type\" content=\"article\" \/>\n<meta property=\"og:title\" content=\"Gew\u00e4hrleistung - Eine starke Verbindung\" \/>\n<meta property=\"og:url\" content=\"https:\/\/strong-connection.com\/de\/gewaehrleistung\/\" \/>\n<meta property=\"og:site_name\" content=\"Eine starke Verbindung\" \/>\n<meta property=\"article:modified_time\" content=\"2025-03-31T08:47:46+00:00\" \/>\n<meta name=\"twitter:card\" content=\"summary_large_image\" \/>\n<meta name=\"twitter:label1\" content=\"Gesch\u00e4tzte Lesezeit\" \/>\n\t<meta name=\"twitter:data1\" content=\"2\u00a0Minuten\" \/>\n<script type=\"application\/ld+json\" class=\"yoast-schema-graph\">{\"@context\":\"https:\\\/\\\/schema.org\",\"@graph\":[{\"@type\":\"WebPage\",\"@id\":\"https:\\\/\\\/strong-connection.com\\\/de\\\/gewaehrleistung\\\/\",\"url\":\"https:\\\/\\\/strong-connection.com\\\/de\\\/gewaehrleistung\\\/\",\"name\":\"Gew\u00e4hrleistung - Eine starke Verbindung\",\"isPartOf\":{\"@id\":\"https:\\\/\\\/strong-connection.com\\\/de\\\/#website\"},\"datePublished\":\"2024-10-29T12:46:14+00:00\",\"dateModified\":\"2025-03-31T08:47:46+00:00\",\"breadcrumb\":{\"@id\":\"https:\\\/\\\/strong-connection.com\\\/de\\\/gewaehrleistung\\\/#breadcrumb\"},\"inLanguage\":\"de\",\"potentialAction\":[{\"@type\":\"ReadAction\",\"target\":[\"https:\\\/\\\/strong-connection.com\\\/de\\\/gewaehrleistung\\\/\"]}]},{\"@type\":\"BreadcrumbList\",\"@id\":\"https:\\\/\\\/strong-connection.com\\\/de\\\/gewaehrleistung\\\/#breadcrumb\",\"itemListElement\":[{\"@type\":\"ListItem\",\"position\":1,\"name\":\"Startseite\",\"item\":\"https:\\\/\\\/strong-connection.com\\\/de\\\/\"},{\"@type\":\"ListItem\",\"position\":2,\"name\":\"Gew\u00e4hrleistung\"}]},{\"@type\":\"WebSite\",\"@id\":\"https:\\\/\\\/strong-connection.com\\\/de\\\/#website\",\"url\":\"https:\\\/\\\/strong-connection.com\\\/de\\\/\",\"name\":\"Eine starke Verbindung\",\"description\":\"\",\"publisher\":{\"@id\":\"https:\\\/\\\/strong-connection.com\\\/de\\\/#organization\"},\"potentialAction\":[{\"@type\":\"SearchAction\",\"target\":{\"@type\":\"EntryPoint\",\"urlTemplate\":\"https:\\\/\\\/strong-connection.com\\\/de\\\/?s={search_term_string}\"},\"query-input\":{\"@type\":\"PropertyValueSpecification\",\"valueRequired\":true,\"valueName\":\"search_term_string\"}}],\"inLanguage\":\"de\"},{\"@type\":\"Organization\",\"@id\":\"https:\\\/\\\/strong-connection.com\\\/de\\\/#organization\",\"name\":\"Eine starke Verbindung\",\"url\":\"https:\\\/\\\/strong-connection.com\\\/de\\\/\",\"logo\":{\"@type\":\"ImageObject\",\"inLanguage\":\"de\",\"@id\":\"https:\\\/\\\/strong-connection.com\\\/de\\\/#\\\/schema\\\/logo\\\/image\\\/\",\"url\":\"https:\\\/\\\/strong-connection.com\\\/wp-content\\\/uploads\\\/2023\\\/02\\\/wedi-ardex-cooperation_logo_claim-de_vector-rgb_478x230mm_220811-2.svg\",\"contentUrl\":\"https:\\\/\\\/strong-connection.com\\\/wp-content\\\/uploads\\\/2023\\\/02\\\/wedi-ardex-cooperation_logo_claim-de_vector-rgb_478x230mm_220811-2.svg\",\"width\":\"1024\",\"height\":\"1024\",\"caption\":\"Eine starke Verbindung\"},\"image\":{\"@id\":\"https:\\\/\\\/strong-connection.com\\\/de\\\/#\\\/schema\\\/logo\\\/image\\\/\"}}]}<\/script>\n<!-- \/ Yoast SEO plugin. -->","yoast_head_json":{"title":"Gew\u00e4hrleistung - Eine starke Verbindung","robots":{"index":"index","follow":"follow","max-snippet":"max-snippet:-1","max-image-preview":"max-image-preview:large","max-video-preview":"max-video-preview:-1"},"canonical":"https:\/\/strong-connection.com\/de\/gewaehrleistung\/","og_locale":"de_DE","og_type":"article","og_title":"Gew\u00e4hrleistung - Eine starke Verbindung","og_url":"https:\/\/strong-connection.com\/de\/gewaehrleistung\/","og_site_name":"Eine starke Verbindung","article_modified_time":"2025-03-31T08:47:46+00:00","twitter_card":"summary_large_image","twitter_misc":{"Gesch\u00e4tzte Lesezeit":"2\u00a0Minuten"},"schema":{"@context":"https:\/\/schema.org","@graph":[{"@type":"WebPage","@id":"https:\/\/strong-connection.com\/de\/gewaehrleistung\/","url":"https:\/\/strong-connection.com\/de\/gewaehrleistung\/","name":"Gew\u00e4hrleistung - Eine starke Verbindung","isPartOf":{"@id":"https:\/\/strong-connection.com\/de\/#website"},"datePublished":"2024-10-29T12:46:14+00:00","dateModified":"2025-03-31T08:47:46+00:00","breadcrumb":{"@id":"https:\/\/strong-connection.com\/de\/gewaehrleistung\/#breadcrumb"},"inLanguage":"de","potentialAction":[{"@type":"ReadAction","target":["https:\/\/strong-connection.com\/de\/gewaehrleistung\/"]}]},{"@type":"BreadcrumbList","@id":"https:\/\/strong-connection.com\/de\/gewaehrleistung\/#breadcrumb","itemListElement":[{"@type":"ListItem","position":1,"name":"Startseite","item":"https:\/\/strong-connection.com\/de\/"},{"@type":"ListItem","position":2,"name":"Gew\u00e4hrleistung"}]},{"@type":"WebSite","@id":"https:\/\/strong-connection.com\/de\/#website","url":"https:\/\/strong-connection.com\/de\/","name":"Eine starke Verbindung","description":"","publisher":{"@id":"https:\/\/strong-connection.com\/de\/#organization"},"potentialAction":[{"@type":"SearchAction","target":{"@type":"EntryPoint","urlTemplate":"https:\/\/strong-connection.com\/de\/?s={search_term_string}"},"query-input":{"@type":"PropertyValueSpecification","valueRequired":true,"valueName":"search_term_string"}}],"inLanguage":"de"},{"@type":"Organization","@id":"https:\/\/strong-connection.com\/de\/#organization","name":"Eine starke Verbindung","url":"https:\/\/strong-connection.com\/de\/","logo":{"@type":"ImageObject","inLanguage":"de","@id":"https:\/\/strong-connection.com\/de\/#\/schema\/logo\/image\/","url":"https:\/\/strong-connection.com\/wp-content\/uploads\/2023\/02\/wedi-ardex-cooperation_logo_claim-de_vector-rgb_478x230mm_220811-2.svg","contentUrl":"https:\/\/strong-connection.com\/wp-content\/uploads\/2023\/02\/wedi-ardex-cooperation_logo_claim-de_vector-rgb_478x230mm_220811-2.svg","width":"1024","height":"1024","caption":"Eine starke Verbindung"},"image":{"@id":"https:\/\/strong-connection.com\/de\/#\/schema\/logo\/image\/"}}]}},"_links":{"self":[{"href":"https:\/\/strong-connection.com\/de\/wp-json\/wp\/v2\/pages\/5044","targetHints":{"allow":["GET"]}}],"collection":[{"href":"https:\/\/strong-connection.com\/de\/wp-json\/wp\/v2\/pages"}],"about":[{"href":"https:\/\/strong-connection.com\/de\/wp-json\/wp\/v2\/types\/page"}],"author":[{"embeddable":true,"href":"https:\/\/strong-connection.com\/de\/wp-json\/wp\/v2\/users\/2"}],"replies":[{"embeddable":true,"href":"https:\/\/strong-connection.com\/de\/wp-json\/wp\/v2\/comments?post=5044"}],"version-history":[{"count":30,"href":"https:\/\/strong-connection.com\/de\/wp-json\/wp\/v2\/pages\/5044\/revisions"}],"predecessor-version":[{"id":5327,"href":"https:\/\/strong-connection.com\/de\/wp-json\/wp\/v2\/pages\/5044\/revisions\/5327"}],"wp:attachment":[{"href":"https:\/\/strong-connection.com\/de\/wp-json\/wp\/v2\/media?parent=5044"}],"curies":[{"name":"wp","href":"https:\/\/api.w.org\/{rel}","templated":true}]}}