{"id":4920,"date":"2024-10-23T09:12:31","date_gmt":"2024-10-23T09:12:31","guid":{"rendered":"https:\/\/strong-connection.com\/de\/?page_id=4920"},"modified":"2024-11-04T11:07:05","modified_gmt":"2024-11-04T11:07:05","slug":"referenzen","status":"publish","type":"page","link":"https:\/\/strong-connection.com\/de\/referenzen\/","title":{"rendered":"Geschichten"},"content":{"rendered":"<section class=\"l-section wpb_row height_custom with_img\"><div class=\"l-section-img\" role=\"img\" aria-label=\"Bild\" data-img-width=\"2560\" data-img-height=\"1713\" style=\"background-image: url(https:\/\/strong-connection.com\/de\/wp-content\/uploads\/sites\/5\/2024\/11\/AdobeStock_22470491-scaled-e1730718417781.jpeg);\"><\/div><div class=\"l-section-h i-cf\"><div class=\"g-cols vc_row via_grid cols_1 laptops-cols_inherit tablets-cols_inherit mobiles-cols_1 valign_top type_default stacking_default\"><div class=\"wpb_column vc_column_container\"><div class=\"vc_column-inner\"><\/div><\/div><\/div><\/div><\/section><section class=\"l-section wpb_row height_custom\"><div class=\"l-section-overlay\" style=\"background:#f3f3f3\"><\/div><div class=\"l-section-h i-cf\"><div class=\"g-cols vc_row via_grid cols_2 laptops-cols_inherit tablets-cols_inherit mobiles-cols_1 valign_top type_default stacking_default\"><div class=\"wpb_column vc_column_container\"><div class=\"vc_column-inner\"><div class=\"wpb_text_column\"><div class=\"wpb_wrapper\"><h2 class=\"case-study-hero-heading\"><span>So unterst\u00fctzen wir Fliesenleger dabei, anspruchsvolle Projekte effizient und erfolgreich umzusetzen.<\/span><\/h2>\n<p><span>Mit unseren L\u00f6sungen erm\u00f6glichen wir Fliesenlegern auf der ganzen Welt perfekte Ergebnisse \u2013 schneller, sicherer und kundenorientierter.<\/span><\/p>\n<\/div><\/div><\/div><\/div><div class=\"wpb_column vc_column_container\"><div class=\"vc_column-inner\"><div class=\"w-image align_none\"><div class=\"w-image-h\"><img decoding=\"async\" width=\"1024\" height=\"683\" src=\"https:\/\/strong-connection.com\/de\/wp-content\/uploads\/sites\/5\/2024\/11\/AdobeStock_275037291-1024x683.jpeg\" class=\"attachment-large size-large\" alt=\"\" loading=\"lazy\" srcset=\"https:\/\/strong-connection.com\/de\/wp-content\/uploads\/sites\/5\/2024\/11\/AdobeStock_275037291-1024x683.jpeg 1024w, https:\/\/strong-connection.com\/de\/wp-content\/uploads\/sites\/5\/2024\/11\/AdobeStock_275037291-300x200.jpeg 300w\" sizes=\"auto, (max-width: 1024px) 100vw, 1024px\" \/><\/div><\/div><\/div><\/div><\/div><\/div><\/section><section class=\"l-section wpb_row height_custom\"><div class=\"l-section-h i-cf\"><div class=\"g-cols vc_row via_grid cols_1 laptops-cols_inherit tablets-cols_inherit mobiles-cols_1 valign_top type_default stacking_default\"><div class=\"wpb_column vc_column_container\"><div class=\"vc_column-inner\"><\/div><\/div><\/div><\/div><\/section>\n","protected":false},"excerpt":{"rendered":"So unterst\u00fctzen wir Fliesenleger dabei, anspruchsvolle Projekte effizient und erfolgreich umzusetzen. Mit unseren L\u00f6sungen erm\u00f6glichen wir Fliesenlegern auf der ganzen Welt perfekte Ergebnisse \u2013 schneller, sicherer und kundenorientierter.","protected":false},"author":2,"featured_media":0,"parent":0,"menu_order":0,"comment_status":"closed","ping_status":"closed","template":"","meta":{"footnotes":""},"class_list":["post-4920","page","type-page","status-publish","hentry"],"yoast_head":"<!-- This site is optimized with the Yoast SEO plugin v27.5 - https:\/\/yoast.com\/product\/yoast-seo-wordpress\/ -->\n<title>Geschichten - Eine starke Verbindung<\/title>\n<meta name=\"robots\" content=\"index, follow, max-snippet:-1, max-image-preview:large, max-video-preview:-1\" \/>\n<link rel=\"canonical\" href=\"https:\/\/strong-connection.com\/de\/referenzen\/\" \/>\n<meta property=\"og:locale\" content=\"de_DE\" \/>\n<meta property=\"og:type\" content=\"article\" \/>\n<meta property=\"og:title\" content=\"Geschichten - Eine starke Verbindung\" \/>\n<meta property=\"og:url\" content=\"https:\/\/strong-connection.com\/de\/referenzen\/\" \/>\n<meta property=\"og:site_name\" content=\"Eine starke Verbindung\" \/>\n<meta property=\"article:modified_time\" content=\"2024-11-04T11:07:05+00:00\" \/>\n<meta name=\"twitter:card\" content=\"summary_large_image\" \/>\n<meta name=\"twitter:label1\" content=\"Gesch\u00e4tzte Lesezeit\" \/>\n\t<meta name=\"twitter:data1\" content=\"1\u00a0Minute\" \/>\n<script type=\"application\/ld+json\" class=\"yoast-schema-graph\">{\"@context\":\"https:\\\/\\\/schema.org\",\"@graph\":[{\"@type\":\"WebPage\",\"@id\":\"https:\\\/\\\/strong-connection.com\\\/de\\\/referenzen\\\/\",\"url\":\"https:\\\/\\\/strong-connection.com\\\/de\\\/referenzen\\\/\",\"name\":\"Geschichten - Eine starke Verbindung\",\"isPartOf\":{\"@id\":\"https:\\\/\\\/strong-connection.com\\\/de\\\/#website\"},\"datePublished\":\"2024-10-23T09:12:31+00:00\",\"dateModified\":\"2024-11-04T11:07:05+00:00\",\"breadcrumb\":{\"@id\":\"https:\\\/\\\/strong-connection.com\\\/de\\\/referenzen\\\/#breadcrumb\"},\"inLanguage\":\"de\",\"potentialAction\":[{\"@type\":\"ReadAction\",\"target\":[\"https:\\\/\\\/strong-connection.com\\\/de\\\/referenzen\\\/\"]}]},{\"@type\":\"BreadcrumbList\",\"@id\":\"https:\\\/\\\/strong-connection.com\\\/de\\\/referenzen\\\/#breadcrumb\",\"itemListElement\":[{\"@type\":\"ListItem\",\"position\":1,\"name\":\"Startseite\",\"item\":\"https:\\\/\\\/strong-connection.com\\\/de\\\/\"},{\"@type\":\"ListItem\",\"position\":2,\"name\":\"Geschichten\"}]},{\"@type\":\"WebSite\",\"@id\":\"https:\\\/\\\/strong-connection.com\\\/de\\\/#website\",\"url\":\"https:\\\/\\\/strong-connection.com\\\/de\\\/\",\"name\":\"Eine starke Verbindung\",\"description\":\"\",\"publisher\":{\"@id\":\"https:\\\/\\\/strong-connection.com\\\/de\\\/#organization\"},\"potentialAction\":[{\"@type\":\"SearchAction\",\"target\":{\"@type\":\"EntryPoint\",\"urlTemplate\":\"https:\\\/\\\/strong-connection.com\\\/de\\\/?s={search_term_string}\"},\"query-input\":{\"@type\":\"PropertyValueSpecification\",\"valueRequired\":true,\"valueName\":\"search_term_string\"}}],\"inLanguage\":\"de\"},{\"@type\":\"Organization\",\"@id\":\"https:\\\/\\\/strong-connection.com\\\/de\\\/#organization\",\"name\":\"Eine starke Verbindung\",\"url\":\"https:\\\/\\\/strong-connection.com\\\/de\\\/\",\"logo\":{\"@type\":\"ImageObject\",\"inLanguage\":\"de\",\"@id\":\"https:\\\/\\\/strong-connection.com\\\/de\\\/#\\\/schema\\\/logo\\\/image\\\/\",\"url\":\"https:\\\/\\\/strong-connection.com\\\/wp-content\\\/uploads\\\/2023\\\/02\\\/wedi-ardex-cooperation_logo_claim-de_vector-rgb_478x230mm_220811-2.svg\",\"contentUrl\":\"https:\\\/\\\/strong-connection.com\\\/wp-content\\\/uploads\\\/2023\\\/02\\\/wedi-ardex-cooperation_logo_claim-de_vector-rgb_478x230mm_220811-2.svg\",\"width\":\"1024\",\"height\":\"1024\",\"caption\":\"Eine starke Verbindung\"},\"image\":{\"@id\":\"https:\\\/\\\/strong-connection.com\\\/de\\\/#\\\/schema\\\/logo\\\/image\\\/\"}}]}<\/script>\n<!-- \/ Yoast SEO plugin. -->","yoast_head_json":{"title":"Geschichten - Eine starke Verbindung","robots":{"index":"index","follow":"follow","max-snippet":"max-snippet:-1","max-image-preview":"max-image-preview:large","max-video-preview":"max-video-preview:-1"},"canonical":"https:\/\/strong-connection.com\/de\/referenzen\/","og_locale":"de_DE","og_type":"article","og_title":"Geschichten - Eine starke Verbindung","og_url":"https:\/\/strong-connection.com\/de\/referenzen\/","og_site_name":"Eine starke Verbindung","article_modified_time":"2024-11-04T11:07:05+00:00","twitter_card":"summary_large_image","twitter_misc":{"Gesch\u00e4tzte Lesezeit":"1\u00a0Minute"},"schema":{"@context":"https:\/\/schema.org","@graph":[{"@type":"WebPage","@id":"https:\/\/strong-connection.com\/de\/referenzen\/","url":"https:\/\/strong-connection.com\/de\/referenzen\/","name":"Geschichten - Eine starke Verbindung","isPartOf":{"@id":"https:\/\/strong-connection.com\/de\/#website"},"datePublished":"2024-10-23T09:12:31+00:00","dateModified":"2024-11-04T11:07:05+00:00","breadcrumb":{"@id":"https:\/\/strong-connection.com\/de\/referenzen\/#breadcrumb"},"inLanguage":"de","potentialAction":[{"@type":"ReadAction","target":["https:\/\/strong-connection.com\/de\/referenzen\/"]}]},{"@type":"BreadcrumbList","@id":"https:\/\/strong-connection.com\/de\/referenzen\/#breadcrumb","itemListElement":[{"@type":"ListItem","position":1,"name":"Startseite","item":"https:\/\/strong-connection.com\/de\/"},{"@type":"ListItem","position":2,"name":"Geschichten"}]},{"@type":"WebSite","@id":"https:\/\/strong-connection.com\/de\/#website","url":"https:\/\/strong-connection.com\/de\/","name":"Eine starke Verbindung","description":"","publisher":{"@id":"https:\/\/strong-connection.com\/de\/#organization"},"potentialAction":[{"@type":"SearchAction","target":{"@type":"EntryPoint","urlTemplate":"https:\/\/strong-connection.com\/de\/?s={search_term_string}"},"query-input":{"@type":"PropertyValueSpecification","valueRequired":true,"valueName":"search_term_string"}}],"inLanguage":"de"},{"@type":"Organization","@id":"https:\/\/strong-connection.com\/de\/#organization","name":"Eine starke Verbindung","url":"https:\/\/strong-connection.com\/de\/","logo":{"@type":"ImageObject","inLanguage":"de","@id":"https:\/\/strong-connection.com\/de\/#\/schema\/logo\/image\/","url":"https:\/\/strong-connection.com\/wp-content\/uploads\/2023\/02\/wedi-ardex-cooperation_logo_claim-de_vector-rgb_478x230mm_220811-2.svg","contentUrl":"https:\/\/strong-connection.com\/wp-content\/uploads\/2023\/02\/wedi-ardex-cooperation_logo_claim-de_vector-rgb_478x230mm_220811-2.svg","width":"1024","height":"1024","caption":"Eine starke Verbindung"},"image":{"@id":"https:\/\/strong-connection.com\/de\/#\/schema\/logo\/image\/"}}]}},"_links":{"self":[{"href":"https:\/\/strong-connection.com\/de\/wp-json\/wp\/v2\/pages\/4920","targetHints":{"allow":["GET"]}}],"collection":[{"href":"https:\/\/strong-connection.com\/de\/wp-json\/wp\/v2\/pages"}],"about":[{"href":"https:\/\/strong-connection.com\/de\/wp-json\/wp\/v2\/types\/page"}],"author":[{"embeddable":true,"href":"https:\/\/strong-connection.com\/de\/wp-json\/wp\/v2\/users\/2"}],"replies":[{"embeddable":true,"href":"https:\/\/strong-connection.com\/de\/wp-json\/wp\/v2\/comments?post=4920"}],"version-history":[{"count":8,"href":"https:\/\/strong-connection.com\/de\/wp-json\/wp\/v2\/pages\/4920\/revisions"}],"predecessor-version":[{"id":5074,"href":"https:\/\/strong-connection.com\/de\/wp-json\/wp\/v2\/pages\/4920\/revisions\/5074"}],"wp:attachment":[{"href":"https:\/\/strong-connection.com\/de\/wp-json\/wp\/v2\/media?parent=4920"}],"curies":[{"name":"wp","href":"https:\/\/api.w.org\/{rel}","templated":true}]}}