{"id":4918,"date":"2024-10-23T09:12:00","date_gmt":"2024-10-23T09:12:00","guid":{"rendered":"https:\/\/strong-connection.com\/de\/?page_id=4918"},"modified":"2025-10-20T14:00:51","modified_gmt":"2025-10-20T14:00:51","slug":"eine-starke-verbindung","status":"publish","type":"page","link":"https:\/\/strong-connection.com\/de\/eine-starke-verbindung\/","title":{"rendered":"Eine starke Verbindung"},"content":{"rendered":"<section class=\"l-section wpb_row height_custom color_primary with_img\" id=\"home\"><div class=\"l-section-img\" role=\"img\" aria-label=\"Bild\" data-img-width=\"2560\" data-img-height=\"1707\" style=\"background-image: url(https:\/\/strong-connection.com\/de\/wp-content\/uploads\/sites\/5\/2025\/04\/20250218-141202TM8_7455_HQ-scaled.jpg);\"><\/div><div class=\"l-section-h i-cf\"><div class=\"g-cols vc_row via_grid cols_1 laptops-cols_inherit tablets-cols_inherit mobiles-cols_1 valign_middle type_default stacking_default\"><div class=\"wpb_column vc_column_container us_custom_83b4de32 us_animate_this\"><div class=\"vc_column-inner\"><\/div><\/div><\/div><\/div><\/section><section class=\"l-section wpb_row height_custom\"><div class=\"l-section-h i-cf\"><div class=\"g-cols vc_row via_grid cols_1 laptops-cols_inherit tablets-cols_inherit mobiles-cols_1 valign_top type_default stacking_default\" style=\"--columns-gap:5rem;\"><div class=\"wpb_column vc_column_container\"><div class=\"vc_column-inner\"><div class=\"g-cols wpb_row via_grid cols_1 laptops-cols_inherit tablets-cols_inherit mobiles-cols_1 valign_top type_default stacking_default\" style=\"--columns-gap:3rem;\"><div class=\"wpb_column vc_column_container\"><div class=\"vc_column-inner\"><div class=\"wpb_text_column\"><div class=\"wpb_wrapper\"><h2 style=\"font-weight: 400;text-align: center\">Zertifizierte Komplettsysteme f\u00fcr die Badsanierung<\/h2>\n<p style=\"font-weight: 400;text-align: center\">Individuell, innovativ und absolut hochwertig &#8211; ARDEX und wedi bieten gemeinsam durchdachte Systeml\u00f6sungen fu\u0308r die Badsanierung \u2013 made in Germany. Das Ziel: Noch mehr Sicherheit und Komfort bei der Ausfu\u0308hrung, noch mehr Unterstu\u0308tzung bei Fragen und Problemen.<\/p>\n<\/div><\/div><\/div><\/div><\/div><div class=\"w-separator size_medium\"><\/div><div class=\"g-cols wpb_row via_grid cols_2 laptops-cols_inherit tablets-cols_inherit mobiles-cols_1 valign_top type_default stacking_default\" style=\"--columns-gap:5rem;\"><div class=\"wpb_column vc_column_container\"><div class=\"vc_column-inner\"><div class=\"w-flipbox home-flipbox-ardex animation_cubetilt direction_n\"><div class=\"w-flipbox-h easing_ease\" style=\"transition-duration:0.5s;\"><div class=\"w-flipbox-hh\"><div class=\"w-flipbox-front\" style=\"background:#f9f9f9;\"><div class=\"w-flipbox-front-h\"><div class=\"w-flipbox-front-icon type_image\" style=\"width:200px;\"><img loading=\"lazy\" decoding=\"async\" width=\"250\" height=\"155\" src=\"https:\/\/strong-connection.com\/de\/wp-content\/uploads\/sites\/5\/2023\/02\/csm_Logo_5a5a189733.png\" class=\"attachment-medium size-medium\" alt=\"\" \/><\/div><h3 class=\"w-flipbox-front-title\">Erste Wahl in Sachen Baustoffe<\/h3><\/div><\/div><div class=\"w-flipbox-back\" style=\"display:none;background:#f9f9f9;\"><div class=\"w-flipbox-back-h\"><div class=\"w-flipbox-back-desc\"><p>Die Ardex GmbH ist ein Weltmarktf\u00fchrer in bauchemischen Spezialbaustoffen mit \u00fcber 70 Jahren Erfahrung. Mit etwa 3.900 Mitarbeitern in \u00fcber 50 L\u00e4ndern erzielt das Unternehmen einen konsolidierten Gesamtumsatz von \u00fcber 930 Millionen Euro.<\/p>\n<\/div><a class=\"w-btn us-btn-style_4\" target=\"_blank\" rel=\"nofollow\" href=\"https:\/\/www.ardex.de\"><span class=\"w-btn-label\">www.ardex.de<\/span><\/a><\/div><\/div><\/div><\/div><\/div><\/div><\/div><div class=\"wpb_column vc_column_container\"><div class=\"vc_column-inner\"><div class=\"w-flipbox home-flipbox-wedi animation_cubetilt direction_n\"><div class=\"w-flipbox-h easing_ease\" style=\"transition-duration:0.5s;\"><div class=\"w-flipbox-hh\"><div class=\"w-flipbox-front\" style=\"background:#f9f9f9;\"><div class=\"w-flipbox-front-h\"><div class=\"w-flipbox-front-icon type_image\" style=\"width:300px;\"><img loading=\"lazy\" decoding=\"async\" width=\"300\" height=\"300\" src=\"https:\/\/strong-connection.com\/de\/wp-content\/uploads\/sites\/5\/2024\/08\/wedi-logo-blue.svg\" class=\"attachment-medium size-medium\" alt=\"\" \/><\/div><h3 class=\"w-flipbox-front-title\">Innovative Systeme f\u00fcr den Nassraum<\/h3><\/div><\/div><div class=\"w-flipbox-back\" style=\"display:none;background:#f9f9f9;\"><div class=\"w-flipbox-back-h\"><div class=\"w-flipbox-back-desc\"><p>Die wedi Gruppe ist ein f\u00fchrender Hersteller von innovativen Systeml\u00f6sungen f\u00fcr B\u00e4der und Nassr\u00e4ume. Gegr\u00fcndet 1983 in Emsdetten, besch\u00e4ftigt das Unternehmen \u00fcber 500 Mitarbeiter und ist in \u00fcber 50 L\u00e4ndern aktiv, produziert in Deutschland und den USA.<\/p>\n<\/div><a class=\"w-btn us-btn-style_4\" target=\"_blank\" rel=\"nofollow\" href=\"https:\/\/www.wedi.net\"><span class=\"w-btn-label\">www.wedi.net<\/span><\/a><\/div><\/div><\/div><\/div><\/div><\/div><\/div><\/div><\/div><\/div><\/div><\/div><\/section><section class=\"l-section wpb_row height_auto\"><div class=\"l-section-overlay\" style=\"background:#f3f3f3\"><\/div><div class=\"l-section-h i-cf\"><div class=\"g-cols vc_row via_grid cols_1 laptops-cols_inherit tablets-cols_inherit mobiles-cols_1 valign_top type_default stacking_default\" style=\"--columns-gap:5rem;\"><div class=\"wpb_column vc_column_container\"><div class=\"vc_column-inner\"><div class=\"w-separator size_custom\" style=\"height:5vmax\"><\/div><div class=\"wpb_text_column us_custom_b4851f87 us_animate_this\"><div class=\"wpb_wrapper\"><h2 style=\"text-align: center\">Einzeln stark, gemeinsam st\u00e4rker.<\/h2>\n<\/div><\/div><div class=\"w-separator size_large\"><\/div><\/div><\/div><\/div><\/div><\/section><section class=\"l-section wpb_row height_auto\"><div class=\"l-section-overlay\" style=\"background:#f3f3f3\"><\/div><div class=\"l-section-h i-cf\"><div class=\"g-cols vc_row via_grid cols_3-2 laptops-cols_inherit tablets-cols_1 mobiles-cols_1 valign_top type_default stacking_default\" style=\"--columns-gap:0rem;\"><div class=\"wpb_column vc_column_container us_custom_840f5171 us_animate_this has_bg_color\"><div class=\"vc_column-inner\"><div class=\"w-separator size_custom\" style=\"height:17rem\"><\/div><\/div><\/div><div class=\"wpb_column vc_column_container us_custom_bcb09676 us_animate_this has_bg_color\"><div class=\"vc_column-inner\"><div class=\"w-iconbox iconpos_top style_default color_primary align_left no_text no_title\"><div class=\"w-iconbox-icon\" style=\"font-size:2rem;\"><i class=\"fal fa-users-class\"><\/i><\/div><div class=\"w-iconbox-meta\"><\/div><\/div><div class=\"wpb_text_column\"><div class=\"wpb_wrapper\"><h3 style=\"font-weight: 200;text-transform: uppercase\">beratungs<strong>st\u00e4rker<\/strong><\/h3>\n<p style=\"font-weight: 400\">Entdecke die beratungsstarke Expertise zwei starker Teams f\u00fcr maximale Sicherheit in deinem Bauprojekt. Mit systemgepr\u00fcften Aufbauempfehlungen von ARDEX und wedi bieten wir geb\u00fcndelte Vertriebs- und Beratungskompetenz in jeder Projektphase.<\/p>\n<\/div><\/div><\/div><\/div><\/div><\/div><\/section><section class=\"l-section wpb_row height_auto\"><div class=\"l-section-overlay\" style=\"background:#f3f3f3\"><\/div><div class=\"l-section-h i-cf\"><div class=\"g-cols vc_row via_grid cols_1 laptops-cols_inherit tablets-cols_inherit mobiles-cols_1 valign_top type_default stacking_default\"><div class=\"wpb_column vc_column_container\"><div class=\"vc_column-inner\"><div class=\"w-separator size_large\"><\/div><\/div><\/div><\/div><\/div><\/section><section class=\"l-section wpb_row height_auto\"><div class=\"l-section-overlay\" style=\"background:#f3f3f3\"><\/div><div class=\"l-section-h i-cf\"><div class=\"g-cols vc_row via_grid cols_2-3 laptops-cols_inherit tablets-cols_inherit mobiles-cols_1 valign_top type_default stacking_default\" style=\"--columns-gap:0rem;\"><div class=\"wpb_column vc_column_container us_custom_bcb09676 us_animate_this has_bg_color\"><div class=\"vc_column-inner\"><div class=\"w-iconbox iconpos_top style_default color_primary align_left no_text no_title\"><div class=\"w-iconbox-icon\" style=\"font-size:2rem;\"><i class=\"fal fa-puzzle-piece\"><\/i><\/div><div class=\"w-iconbox-meta\"><\/div><\/div><div class=\"wpb_text_column\"><div class=\"wpb_wrapper\"><h3 style=\"font-weight: 200;text-transform: uppercase\">anpassungs<strong>st\u00e4rker<\/strong><\/h3>\n<p style=\"font-weight: 400\">Als dein zuverl\u00e4ssiger Partner f\u00fcr zukunftsweisende Bauprojekte bieten wir gemeinsam ma\u00dfgeschneiderte L\u00f6sungen f\u00fcr jede Baustellensituation. Entdecke unsere anpassungsst\u00e4rkere Produktvielfalt, Spezialisierung und Sicherheit bei Sonder- und Individualaufbauten sowie innovative L\u00f6sungen f\u00fcr aktuelle Markttrends wie Wellness &amp; Spa und modulares Bauen.<\/p>\n<\/div><\/div><\/div><\/div><div class=\"wpb_column vc_column_container us_custom_312638c5 us_animate_this has_bg_color\"><div class=\"vc_column-inner\"><div class=\"w-separator size_custom\" style=\"height:17rem\"><\/div><\/div><\/div><\/div><\/div><\/section><section class=\"l-section wpb_row height_auto\"><div class=\"l-section-overlay\" style=\"background:#f3f3f3\"><\/div><div class=\"l-section-h i-cf\"><div class=\"g-cols vc_row via_grid cols_1 laptops-cols_inherit tablets-cols_inherit mobiles-cols_1 valign_top type_default stacking_default\"><div class=\"wpb_column vc_column_container\"><div class=\"vc_column-inner\"><div class=\"w-separator size_large\"><\/div><\/div><\/div><\/div><\/div><\/section><section class=\"l-section wpb_row height_auto\"><div class=\"l-section-overlay\" style=\"background:#f3f3f3\"><\/div><div class=\"l-section-h i-cf\"><div class=\"g-cols vc_row via_grid cols_3-2 laptops-cols_inherit tablets-cols_1 mobiles-cols_1 valign_top type_default stacking_default\" style=\"--columns-gap:0rem;\"><div class=\"wpb_column vc_column_container us_custom_1a06125c us_animate_this has_bg_color\"><div class=\"vc_column-inner\"><div class=\"w-separator size_custom\" style=\"height:17rem\"><\/div><\/div><\/div><div class=\"wpb_column vc_column_container us_custom_bcb09676 us_animate_this has_bg_color\"><div class=\"vc_column-inner\"><div class=\"w-iconbox iconpos_top style_default color_primary align_left no_text no_title\"><div class=\"w-iconbox-icon\" style=\"font-size:2rem;\"><i class=\"fal fa-tools\"><\/i><\/div><div class=\"w-iconbox-meta\"><\/div><\/div><div class=\"wpb_text_column\"><div class=\"wpb_wrapper\"><h3 style=\"font-weight: 200;text-transform: uppercase\">praxis<strong>st\u00e4rker<\/strong><\/h3>\n<p style=\"font-weight: 400\">Erlebe unsere praxisst\u00e4rkere Expertise, die sich auf die Anwendung konzentriert. Durch durchdachte Systemkombinationen zwei starker Marken reduzieren wir Schnittstellen im Bauprozess und steigern die Effizienz sowie minimieren Risiken durch vorgefertigte Teilsysteme und Technikintegration. Mit gemeinsamen Schulungen und Trainings bieten wir einen Wissensvorsprung f\u00fcr erstklassige Ergebnisse.<\/p>\n<\/div><\/div><\/div><\/div><\/div><\/div><\/section><section class=\"l-section wpb_row height_auto\"><div class=\"l-section-overlay\" style=\"background:#f3f3f3\"><\/div><div class=\"l-section-h i-cf\"><div class=\"g-cols vc_row via_grid cols_1 laptops-cols_inherit tablets-cols_inherit mobiles-cols_1 valign_top type_default stacking_default\"><div class=\"wpb_column vc_column_container\"><div class=\"vc_column-inner\"><div class=\"w-separator size_large\"><\/div><\/div><\/div><\/div><\/div><\/section><section class=\"l-section wpb_row height_small\"><div class=\"l-section-h i-cf\"><div class=\"g-cols vc_row via_grid cols_1 laptops-cols_inherit tablets-cols_inherit mobiles-cols_1 valign_top type_default stacking_default\"><div class=\"wpb_column vc_column_container us_custom_60e9caca us_animate_this\"><div class=\"vc_column-inner\"><div class=\"w-actionbox us_custom_4fb9e5a3 color_light controls_right\"><div class=\"w-actionbox-text\"><h2 class=\"w-actionbox-title\">Starte jetzt dein Badprojekt<\/h2><\/div><div class=\"w-actionbox-controls\"><a class=\"w-btn us-btn-style_9\" href=\"\/de\/badsanierung\/\"><span class=\"w-btn-label\">Jetzt starten<\/span><\/a><\/div><\/div><\/div><\/div><\/div><\/div><\/section>\n","protected":false},"excerpt":{"rendered":"Zertifizierte Komplettsysteme f\u00fcr die Badsanierung Individuell, innovativ und absolut hochwertig &#8211; ARDEX und wedi bieten gemeinsam durchdachte Systeml\u00f6sungen fu\u0308r die Badsanierung \u2013 made in Germany. Das Ziel: Noch mehr Sicherheit und Komfort bei der Ausfu\u0308hrung, noch mehr Unterstu\u0308tzung bei Fragen und Problemen. Erste Wahl in Sachen BaustoffeDie Ardex GmbH ist ein Weltmarktf\u00fchrer in bauchemischen Spezialbaustoffen...","protected":false},"author":2,"featured_media":0,"parent":0,"menu_order":0,"comment_status":"closed","ping_status":"closed","template":"","meta":{"footnotes":""},"class_list":["post-4918","page","type-page","status-publish","hentry"],"yoast_head":"<!-- This site is optimized with the Yoast SEO plugin v27.5 - https:\/\/yoast.com\/product\/yoast-seo-wordpress\/ -->\n<title>Eine starke Verbindung - Eine starke Verbindung<\/title>\n<meta name=\"robots\" content=\"index, follow, max-snippet:-1, max-image-preview:large, max-video-preview:-1\" \/>\n<link rel=\"canonical\" href=\"https:\/\/strong-connection.com\/de\/eine-starke-verbindung\/\" \/>\n<meta property=\"og:locale\" content=\"de_DE\" \/>\n<meta property=\"og:type\" content=\"article\" \/>\n<meta property=\"og:title\" content=\"Eine starke Verbindung - Eine starke Verbindung\" \/>\n<meta property=\"og:url\" content=\"https:\/\/strong-connection.com\/de\/eine-starke-verbindung\/\" \/>\n<meta property=\"og:site_name\" content=\"Eine starke Verbindung\" \/>\n<meta property=\"article:modified_time\" content=\"2025-10-20T14:00:51+00:00\" \/>\n<meta name=\"twitter:card\" content=\"summary_large_image\" \/>\n<meta name=\"twitter:label1\" content=\"Gesch\u00e4tzte Lesezeit\" \/>\n\t<meta name=\"twitter:data1\" content=\"3\u00a0Minuten\" \/>\n<script type=\"application\/ld+json\" class=\"yoast-schema-graph\">{\"@context\":\"https:\\\/\\\/schema.org\",\"@graph\":[{\"@type\":\"WebPage\",\"@id\":\"https:\\\/\\\/strong-connection.com\\\/de\\\/eine-starke-verbindung\\\/\",\"url\":\"https:\\\/\\\/strong-connection.com\\\/de\\\/eine-starke-verbindung\\\/\",\"name\":\"Eine starke Verbindung - Eine starke Verbindung\",\"isPartOf\":{\"@id\":\"https:\\\/\\\/strong-connection.com\\\/de\\\/#website\"},\"datePublished\":\"2024-10-23T09:12:00+00:00\",\"dateModified\":\"2025-10-20T14:00:51+00:00\",\"breadcrumb\":{\"@id\":\"https:\\\/\\\/strong-connection.com\\\/de\\\/eine-starke-verbindung\\\/#breadcrumb\"},\"inLanguage\":\"de\",\"potentialAction\":[{\"@type\":\"ReadAction\",\"target\":[\"https:\\\/\\\/strong-connection.com\\\/de\\\/eine-starke-verbindung\\\/\"]}]},{\"@type\":\"BreadcrumbList\",\"@id\":\"https:\\\/\\\/strong-connection.com\\\/de\\\/eine-starke-verbindung\\\/#breadcrumb\",\"itemListElement\":[{\"@type\":\"ListItem\",\"position\":1,\"name\":\"Startseite\",\"item\":\"https:\\\/\\\/strong-connection.com\\\/de\\\/\"},{\"@type\":\"ListItem\",\"position\":2,\"name\":\"Eine starke Verbindung\"}]},{\"@type\":\"WebSite\",\"@id\":\"https:\\\/\\\/strong-connection.com\\\/de\\\/#website\",\"url\":\"https:\\\/\\\/strong-connection.com\\\/de\\\/\",\"name\":\"Eine starke Verbindung\",\"description\":\"\",\"publisher\":{\"@id\":\"https:\\\/\\\/strong-connection.com\\\/de\\\/#organization\"},\"potentialAction\":[{\"@type\":\"SearchAction\",\"target\":{\"@type\":\"EntryPoint\",\"urlTemplate\":\"https:\\\/\\\/strong-connection.com\\\/de\\\/?s={search_term_string}\"},\"query-input\":{\"@type\":\"PropertyValueSpecification\",\"valueRequired\":true,\"valueName\":\"search_term_string\"}}],\"inLanguage\":\"de\"},{\"@type\":\"Organization\",\"@id\":\"https:\\\/\\\/strong-connection.com\\\/de\\\/#organization\",\"name\":\"Eine starke Verbindung\",\"url\":\"https:\\\/\\\/strong-connection.com\\\/de\\\/\",\"logo\":{\"@type\":\"ImageObject\",\"inLanguage\":\"de\",\"@id\":\"https:\\\/\\\/strong-connection.com\\\/de\\\/#\\\/schema\\\/logo\\\/image\\\/\",\"url\":\"https:\\\/\\\/strong-connection.com\\\/wp-content\\\/uploads\\\/2023\\\/02\\\/wedi-ardex-cooperation_logo_claim-de_vector-rgb_478x230mm_220811-2.svg\",\"contentUrl\":\"https:\\\/\\\/strong-connection.com\\\/wp-content\\\/uploads\\\/2023\\\/02\\\/wedi-ardex-cooperation_logo_claim-de_vector-rgb_478x230mm_220811-2.svg\",\"width\":\"1024\",\"height\":\"1024\",\"caption\":\"Eine starke Verbindung\"},\"image\":{\"@id\":\"https:\\\/\\\/strong-connection.com\\\/de\\\/#\\\/schema\\\/logo\\\/image\\\/\"}}]}<\/script>\n<!-- \/ Yoast SEO plugin. -->","yoast_head_json":{"title":"Eine starke Verbindung - Eine starke Verbindung","robots":{"index":"index","follow":"follow","max-snippet":"max-snippet:-1","max-image-preview":"max-image-preview:large","max-video-preview":"max-video-preview:-1"},"canonical":"https:\/\/strong-connection.com\/de\/eine-starke-verbindung\/","og_locale":"de_DE","og_type":"article","og_title":"Eine starke Verbindung - Eine starke Verbindung","og_url":"https:\/\/strong-connection.com\/de\/eine-starke-verbindung\/","og_site_name":"Eine starke Verbindung","article_modified_time":"2025-10-20T14:00:51+00:00","twitter_card":"summary_large_image","twitter_misc":{"Gesch\u00e4tzte Lesezeit":"3\u00a0Minuten"},"schema":{"@context":"https:\/\/schema.org","@graph":[{"@type":"WebPage","@id":"https:\/\/strong-connection.com\/de\/eine-starke-verbindung\/","url":"https:\/\/strong-connection.com\/de\/eine-starke-verbindung\/","name":"Eine starke Verbindung - Eine starke Verbindung","isPartOf":{"@id":"https:\/\/strong-connection.com\/de\/#website"},"datePublished":"2024-10-23T09:12:00+00:00","dateModified":"2025-10-20T14:00:51+00:00","breadcrumb":{"@id":"https:\/\/strong-connection.com\/de\/eine-starke-verbindung\/#breadcrumb"},"inLanguage":"de","potentialAction":[{"@type":"ReadAction","target":["https:\/\/strong-connection.com\/de\/eine-starke-verbindung\/"]}]},{"@type":"BreadcrumbList","@id":"https:\/\/strong-connection.com\/de\/eine-starke-verbindung\/#breadcrumb","itemListElement":[{"@type":"ListItem","position":1,"name":"Startseite","item":"https:\/\/strong-connection.com\/de\/"},{"@type":"ListItem","position":2,"name":"Eine starke Verbindung"}]},{"@type":"WebSite","@id":"https:\/\/strong-connection.com\/de\/#website","url":"https:\/\/strong-connection.com\/de\/","name":"Eine starke Verbindung","description":"","publisher":{"@id":"https:\/\/strong-connection.com\/de\/#organization"},"potentialAction":[{"@type":"SearchAction","target":{"@type":"EntryPoint","urlTemplate":"https:\/\/strong-connection.com\/de\/?s={search_term_string}"},"query-input":{"@type":"PropertyValueSpecification","valueRequired":true,"valueName":"search_term_string"}}],"inLanguage":"de"},{"@type":"Organization","@id":"https:\/\/strong-connection.com\/de\/#organization","name":"Eine starke Verbindung","url":"https:\/\/strong-connection.com\/de\/","logo":{"@type":"ImageObject","inLanguage":"de","@id":"https:\/\/strong-connection.com\/de\/#\/schema\/logo\/image\/","url":"https:\/\/strong-connection.com\/wp-content\/uploads\/2023\/02\/wedi-ardex-cooperation_logo_claim-de_vector-rgb_478x230mm_220811-2.svg","contentUrl":"https:\/\/strong-connection.com\/wp-content\/uploads\/2023\/02\/wedi-ardex-cooperation_logo_claim-de_vector-rgb_478x230mm_220811-2.svg","width":"1024","height":"1024","caption":"Eine starke Verbindung"},"image":{"@id":"https:\/\/strong-connection.com\/de\/#\/schema\/logo\/image\/"}}]}},"_links":{"self":[{"href":"https:\/\/strong-connection.com\/de\/wp-json\/wp\/v2\/pages\/4918","targetHints":{"allow":["GET"]}}],"collection":[{"href":"https:\/\/strong-connection.com\/de\/wp-json\/wp\/v2\/pages"}],"about":[{"href":"https:\/\/strong-connection.com\/de\/wp-json\/wp\/v2\/types\/page"}],"author":[{"embeddable":true,"href":"https:\/\/strong-connection.com\/de\/wp-json\/wp\/v2\/users\/2"}],"replies":[{"embeddable":true,"href":"https:\/\/strong-connection.com\/de\/wp-json\/wp\/v2\/comments?post=4918"}],"version-history":[{"count":51,"href":"https:\/\/strong-connection.com\/de\/wp-json\/wp\/v2\/pages\/4918\/revisions"}],"predecessor-version":[{"id":5458,"href":"https:\/\/strong-connection.com\/de\/wp-json\/wp\/v2\/pages\/4918\/revisions\/5458"}],"wp:attachment":[{"href":"https:\/\/strong-connection.com\/de\/wp-json\/wp\/v2\/media?parent=4918"}],"curies":[{"name":"wp","href":"https:\/\/api.w.org\/{rel}","templated":true}]}}