{"id":4866,"date":"2024-10-21T12:49:45","date_gmt":"2024-10-21T12:49:45","guid":{"rendered":"https:\/\/strong-connection.com\/de\/?page_id=4866"},"modified":"2025-11-13T11:59:22","modified_gmt":"2025-11-13T11:59:22","slug":"veranstaltungen","status":"publish","type":"page","link":"https:\/\/strong-connection.com\/de\/veranstaltungen\/","title":{"rendered":"Veranstaltungen"},"content":{"rendered":"<section class=\"l-section wpb_row height_custom color_primary with_img\"><div class=\"l-section-img\" role=\"img\" aria-label=\"Bild\" data-img-width=\"2000\" data-img-height=\"1333\" style=\"background-image: url(https:\/\/strong-connection.com\/de\/wp-content\/uploads\/sites\/5\/2023\/09\/20230327-100858TM9_7317_LQ.jpg);\"><\/div><div class=\"l-section-h i-cf\"><div class=\"g-cols vc_row via_grid cols_1 laptops-cols_inherit tablets-cols_inherit mobiles-cols_1 valign_top type_default stacking_default\"><div class=\"wpb_column vc_column_container\"><div class=\"vc_column-inner\"><\/div><\/div><\/div><\/div><\/section><section class=\"l-section wpb_row height_custom\"><div class=\"l-section-h i-cf\"><div class=\"g-cols vc_row via_grid cols_2 laptops-cols_inherit tablets-cols_inherit mobiles-cols_1 valign_top type_default stacking_default\"><div class=\"wpb_column vc_column_container\"><div class=\"vc_column-inner\"><div class=\"wpb_text_column us_custom_0f8f44b7\"><div class=\"wpb_wrapper\"><h1>FLIESENROADSHOW<br \/>\n2025 \u2013 SEI DABEI!<\/h1>\n<\/div><\/div><div class=\"w-separator size_medium\"><\/div><div class=\"wpb_text_column\"><div class=\"wpb_wrapper\"><h4><span data-contrast=\"auto\" xml:lang=\"DE-DE\" lang=\"DE-DE\" class=\"TextRun SCXW100490247 BCX4\"><span class=\"NormalTextRun SCXW100490247 BCX4\">Erlebe den Sanierungsmarkt als Chance<\/span><\/span><span class=\"EOP SCXW100490247 BCX4\" data-ccp-props=\"{}\">\u00a0<\/span><\/h4>\n<p><span data-contrast=\"auto\">Entdecke, wie du den aktuellen Sanierungsmarkt als Wachstumschance f\u00fcr dich nutzen kannst.<\/span><span data-ccp-props=\"{}\">\u00a0<\/span><\/p>\n<p><span data-contrast=\"auto\">In dieser praxisnahen Veranstaltung zeigen wir dir, wie moderne Systeml\u00f6sungen dir helfen Projekte noch effizienter umzusetzen.<\/span><span data-ccp-props=\"{}\">\u00a0<\/span><\/p>\n<p><b><span>Und das Beste:<\/span><\/b><span>\u00a0Mit deiner Teilnahme sammelst du <b>100<\/b> Fortbildungspunkte f\u00fcr das Qualifizierungsprogramm\u00a0<b>\u201eZert-Fliese\u201c!<\/b>\u00a0<\/span><\/p>\n<p><b><span data-contrast=\"auto\">Was dich erwartet:<\/span><\/b><span data-ccp-props=\"{}\">\u00a0<\/span><\/p>\n<ul>\n<li data-leveltext=\"\uf0b7\" data-font=\"Symbol\" data-listid=\"5\" data-list-defn-props=\"{&quot;335552541&quot;:1,&quot;335559685&quot;:720,&quot;335559991&quot;:360,&quot;469769226&quot;:&quot;Symbol&quot;,&quot;469769242&quot;:&#091;8226&#093;,&quot;469777803&quot;:&quot;left&quot;,&quot;469777804&quot;:&quot;\uf0b7&quot;,&quot;469777815&quot;:&quot;multilevel&quot;}\" data-aria-posinset=\"1\" data-aria-level=\"1\"><b><span data-contrast=\"auto\">Praxisnahe L\u00f6sungen<\/span><\/b><span data-contrast=\"auto\">: Erlebe live, wie du mit innovativen Produkten und Systeml\u00f6sungen deine Arbeit optimierst \u2013 von der Badplanung \u00fcber Heizungssysteme bis hin zur Gestaltung von Au\u00dfenbereichen.<\/span><span data-ccp-props=\"{}\">\u00a0<\/span><\/li>\n<\/ul>\n<ul>\n<li data-leveltext=\"\uf0b7\" data-font=\"Symbol\" data-listid=\"5\" data-list-defn-props=\"{&quot;335552541&quot;:1,&quot;335559685&quot;:720,&quot;335559991&quot;:360,&quot;469769226&quot;:&quot;Symbol&quot;,&quot;469769242&quot;:&#091;8226&#093;,&quot;469777803&quot;:&quot;left&quot;,&quot;469777804&quot;:&quot;\uf0b7&quot;,&quot;469777815&quot;:&quot;multilevel&quot;}\" data-aria-posinset=\"2\" data-aria-level=\"1\"><b><span data-contrast=\"auto\">Trendthemen und Innovationen<\/span><\/b><span data-contrast=\"auto\">: Erfahre, wie\u202fKomfortl\u00f6sungen im Spa- und Wellnessbereich und Gro\u00dfformate im Au\u00dfenbereich eindrucksvoll in Szene setzt kannst.<\/span><span data-ccp-props=\"{}\">\u00a0<\/span><\/li>\n<li data-leveltext=\"\uf0b7\" data-font=\"Symbol\" data-listid=\"5\" data-list-defn-props=\"{&quot;335552541&quot;:1,&quot;335559685&quot;:720,&quot;335559991&quot;:360,&quot;469769226&quot;:&quot;Symbol&quot;,&quot;469769242&quot;:&#091;8226&#093;,&quot;469777803&quot;:&quot;left&quot;,&quot;469777804&quot;:&quot;\uf0b7&quot;,&quot;469777815&quot;:&quot;multilevel&quot;}\" data-aria-posinset=\"3\" data-aria-level=\"1\"><b><span data-contrast=\"auto\">Netzwerken und Erfahrungsaustausch<\/span><\/b><span data-contrast=\"auto\">: Tausche dich mit Kollegen aus und kn\u00fcpfe wertvolle Kontakte in der Branche.<\/span><span data-ccp-props=\"{}\">\u00a0<\/span><\/li>\n<\/ul>\n<h4><span data-contrast=\"auto\" xml:lang=\"DE-DE\" lang=\"DE-DE\" class=\"TextRun SCXW100490247 BCX4\"><span class=\"NormalTextRun SCXW100490247 BCX4\">Sichere dir deinen Platz<\/span><\/span><\/h4>\n<\/div><\/div><div class=\"w-separator size_small\"><\/div><div class=\"wpb_text_column\"><div class=\"wpb_wrapper\"><table>\n<tbody>\n<tr>\n<td style=\"text-align: left; vertical-align: bottom;\">10.04.2025<\/td>\n<td style=\"vertical-align: bottom; text-align: right;\">58453<\/td>\n<td style=\"vertical-align: bottom; text-align: left;\">Witten<\/td>\n<td style=\"text-align: right;\"><a class=\"w-btn us-btn-style_4\" href=\"https:\/\/www.ardex.de\/voranmeldung\/fliesenroadshow-2025-witten\" target=\"_blank\" rel=\"noopener\"><span class=\"w-btn-label\">Jetzt anmelden<\/span><\/a><\/td>\n<\/tr>\n<\/tbody>\n<\/table>\n<\/div><\/div><\/div><\/div><div class=\"wpb_column vc_column_container\"><div class=\"vc_column-inner\"><div class=\"w-image align_right\"><div class=\"w-image-h\"><img decoding=\"async\" width=\"1024\" height=\"1024\" src=\"https:\/\/strong-connection.com\/de\/wp-content\/uploads\/sites\/5\/2024\/11\/wedi-eu_nuPSC_nuPBC_v2-gutjahr-ardex-wedi_si_log_print_690x215mm_240701_nv.svg\" class=\"attachment-large size-large\" alt=\"\" loading=\"lazy\" \/><\/div><\/div><div class=\"w-separator size_small\"><\/div><div class=\"wpb_text_column us_custom_be088ba5\"><div class=\"wpb_wrapper\"><table>\n<tbody>\n<tr>\n<td style=\"border: 0px;\" colspan=\"2\"><strong>Veranstaltungsablauf<\/strong><\/td>\n<\/tr>\n<tr>\n<td style=\"border: 0px;\" width=\"130\">ab 08:30 Uhr<\/td>\n<td style=\"border: 0px;\">Eintreffen der Teilnehmer<\/td>\n<\/tr>\n<tr>\n<td style=\"border: 0px;\">09:00 Uhr<\/td>\n<td style=\"border: 0px;\">Offizielle Begr\u00fc\u00dfung<\/td>\n<\/tr>\n<tr>\n<td style=\"border: 0px;\">09:15 Uhr<\/td>\n<td style=\"border: 0px;\"><strong>Praxisblock 1: Innovative Systeml\u00f6sungen f\u00fcr die moderne Badplanung<\/strong><\/p>\n<ul>\n<li>D\u00fcnnschichtige Estriche und Heizsysteme f\u00fcr Fliesen- und Natursteinleger<\/li>\n<li>Duschrinnen und Duschboards<\/li>\n<li>Gro\u00dfformatige, fugenlose Designoberfl\u00e4chen<\/li>\n<\/ul>\n<\/td>\n<\/tr>\n<tr>\n<td style=\"border: 0px;\">10:45 Uhr<\/td>\n<td style=\"border: 0px;\">Kaffepause<\/td>\n<\/tr>\n<tr>\n<td style=\"border: 0px;\">11:15 Uhr<\/td>\n<td style=\"border: 0px;\"><b>Praxisblock 2: Effiziente Heizungssysteme im Innenbereich<\/b><\/p>\n<ul>\n<li>Untergrundvorbereitung und Abdichtung<\/li>\n<li>Warmwasserheizung: Tr\u00e4gerelement und Komplettsystem<\/li>\n<\/ul>\n<\/td>\n<\/tr>\n<tr>\n<td style=\"border: 0px;\">12:15 Uhr<\/td>\n<td style=\"border: 0px;\"><b>Theorieblock: Moderne Spa- und Wellnessl\u00f6sungen im Fokus<\/b><\/p>\n<ul>\n<li>Private Spa- und individuelle Nassraumkonzepte<\/li>\n<li>Vorfertigung als Chance<\/li>\n<\/ul>\n<\/td>\n<\/tr>\n<tr>\n<td style=\"border: 0px;\">12:30 Uhr<\/td>\n<td style=\"border: 0px;\">Gemeinsames Mittagessen<\/td>\n<\/tr>\n<tr>\n<td style=\"border: 0px;\">13:15 Uhr<\/td>\n<td style=\"border: 0px;\"><strong>Praxisblock 3: Schnelle und perfekte\u202fL\u00f6sungen f\u00fcr Balkone und Terrassen<\/strong><\/p>\n<ul>\n<li>Drainagem\u00f6rtel perfekt aufgebaut<\/li>\n<li>Randprofile der neuesten Generation<\/li>\n<\/ul>\n<\/td>\n<\/tr>\n<tr>\n<td style=\"border: 0px;\">14:00 Uhr<\/td>\n<td style=\"border: 0px;\"><strong>Praxisblock 4: Gro\u00dfformate f\u00fcr eindrucksvolle Au\u00dfenbereiche<\/strong><\/p>\n<ul>\n<li>Lichttechnik und Heiztechnik beim Rahmensystem und bei aufgestelzten Bel\u00e4gen<\/li>\n<li>Lose Verlegung ohne wackelnde Platten<\/li>\n<\/ul>\n<\/td>\n<\/tr>\n<tr>\n<td style=\"border: 0px;\">14:45 Uhr<\/td>\n<td style=\"border: 0px;\">Gemeinsamer Abschluss und Verabschiedung<\/td>\n<\/tr>\n<\/tbody>\n<\/table>\n<\/div><\/div><\/div><\/div><\/div><\/div><\/section>\n","protected":false},"excerpt":{"rendered":"FLIESENROADSHOW 2025 \u2013 SEI DABEI! Erlebe den Sanierungsmarkt als Chance\u00a0 Entdecke, wie du den aktuellen Sanierungsmarkt als Wachstumschance f\u00fcr dich nutzen kannst.\u00a0 In dieser praxisnahen Veranstaltung zeigen wir dir, wie moderne Systeml\u00f6sungen dir helfen Projekte noch effizienter umzusetzen.\u00a0 Und das Beste:\u00a0Mit deiner Teilnahme sammelst du 100 Fortbildungspunkte f\u00fcr das Qualifizierungsprogramm\u00a0\u201eZert-Fliese\u201c!\u00a0 Was dich erwartet:\u00a0 Praxisnahe L\u00f6sungen:...","protected":false},"author":2,"featured_media":0,"parent":0,"menu_order":0,"comment_status":"closed","ping_status":"closed","template":"","meta":{"footnotes":""},"class_list":["post-4866","page","type-page","status-publish","hentry"],"yoast_head":"<!-- This site is optimized with the Yoast SEO plugin v27.5 - https:\/\/yoast.com\/product\/yoast-seo-wordpress\/ -->\n<title>Veranstaltungen - Eine starke Verbindung<\/title>\n<meta name=\"robots\" content=\"index, follow, max-snippet:-1, max-image-preview:large, max-video-preview:-1\" \/>\n<link rel=\"canonical\" href=\"https:\/\/strong-connection.com\/de\/veranstaltungen\/\" \/>\n<meta property=\"og:locale\" content=\"de_DE\" \/>\n<meta property=\"og:type\" content=\"article\" \/>\n<meta property=\"og:title\" content=\"Veranstaltungen - Eine starke Verbindung\" \/>\n<meta property=\"og:url\" content=\"https:\/\/strong-connection.com\/de\/veranstaltungen\/\" \/>\n<meta property=\"og:site_name\" content=\"Eine starke Verbindung\" \/>\n<meta property=\"article:modified_time\" content=\"2025-11-13T11:59:22+00:00\" \/>\n<meta name=\"twitter:card\" content=\"summary_large_image\" \/>\n<meta name=\"twitter:label1\" content=\"Gesch\u00e4tzte Lesezeit\" \/>\n\t<meta name=\"twitter:data1\" content=\"2\u00a0Minuten\" \/>\n<script type=\"application\/ld+json\" class=\"yoast-schema-graph\">{\"@context\":\"https:\\\/\\\/schema.org\",\"@graph\":[{\"@type\":\"WebPage\",\"@id\":\"https:\\\/\\\/strong-connection.com\\\/de\\\/veranstaltungen\\\/\",\"url\":\"https:\\\/\\\/strong-connection.com\\\/de\\\/veranstaltungen\\\/\",\"name\":\"Veranstaltungen - Eine starke Verbindung\",\"isPartOf\":{\"@id\":\"https:\\\/\\\/strong-connection.com\\\/de\\\/#website\"},\"datePublished\":\"2024-10-21T12:49:45+00:00\",\"dateModified\":\"2025-11-13T11:59:22+00:00\",\"breadcrumb\":{\"@id\":\"https:\\\/\\\/strong-connection.com\\\/de\\\/veranstaltungen\\\/#breadcrumb\"},\"inLanguage\":\"de\",\"potentialAction\":[{\"@type\":\"ReadAction\",\"target\":[\"https:\\\/\\\/strong-connection.com\\\/de\\\/veranstaltungen\\\/\"]}]},{\"@type\":\"BreadcrumbList\",\"@id\":\"https:\\\/\\\/strong-connection.com\\\/de\\\/veranstaltungen\\\/#breadcrumb\",\"itemListElement\":[{\"@type\":\"ListItem\",\"position\":1,\"name\":\"Startseite\",\"item\":\"https:\\\/\\\/strong-connection.com\\\/de\\\/\"},{\"@type\":\"ListItem\",\"position\":2,\"name\":\"Veranstaltungen\"}]},{\"@type\":\"WebSite\",\"@id\":\"https:\\\/\\\/strong-connection.com\\\/de\\\/#website\",\"url\":\"https:\\\/\\\/strong-connection.com\\\/de\\\/\",\"name\":\"Eine starke Verbindung\",\"description\":\"\",\"publisher\":{\"@id\":\"https:\\\/\\\/strong-connection.com\\\/de\\\/#organization\"},\"potentialAction\":[{\"@type\":\"SearchAction\",\"target\":{\"@type\":\"EntryPoint\",\"urlTemplate\":\"https:\\\/\\\/strong-connection.com\\\/de\\\/?s={search_term_string}\"},\"query-input\":{\"@type\":\"PropertyValueSpecification\",\"valueRequired\":true,\"valueName\":\"search_term_string\"}}],\"inLanguage\":\"de\"},{\"@type\":\"Organization\",\"@id\":\"https:\\\/\\\/strong-connection.com\\\/de\\\/#organization\",\"name\":\"Eine starke Verbindung\",\"url\":\"https:\\\/\\\/strong-connection.com\\\/de\\\/\",\"logo\":{\"@type\":\"ImageObject\",\"inLanguage\":\"de\",\"@id\":\"https:\\\/\\\/strong-connection.com\\\/de\\\/#\\\/schema\\\/logo\\\/image\\\/\",\"url\":\"https:\\\/\\\/strong-connection.com\\\/wp-content\\\/uploads\\\/2023\\\/02\\\/wedi-ardex-cooperation_logo_claim-de_vector-rgb_478x230mm_220811-2.svg\",\"contentUrl\":\"https:\\\/\\\/strong-connection.com\\\/wp-content\\\/uploads\\\/2023\\\/02\\\/wedi-ardex-cooperation_logo_claim-de_vector-rgb_478x230mm_220811-2.svg\",\"width\":\"1024\",\"height\":\"1024\",\"caption\":\"Eine starke Verbindung\"},\"image\":{\"@id\":\"https:\\\/\\\/strong-connection.com\\\/de\\\/#\\\/schema\\\/logo\\\/image\\\/\"}}]}<\/script>\n<!-- \/ Yoast SEO plugin. -->","yoast_head_json":{"title":"Veranstaltungen - Eine starke Verbindung","robots":{"index":"index","follow":"follow","max-snippet":"max-snippet:-1","max-image-preview":"max-image-preview:large","max-video-preview":"max-video-preview:-1"},"canonical":"https:\/\/strong-connection.com\/de\/veranstaltungen\/","og_locale":"de_DE","og_type":"article","og_title":"Veranstaltungen - Eine starke Verbindung","og_url":"https:\/\/strong-connection.com\/de\/veranstaltungen\/","og_site_name":"Eine starke Verbindung","article_modified_time":"2025-11-13T11:59:22+00:00","twitter_card":"summary_large_image","twitter_misc":{"Gesch\u00e4tzte Lesezeit":"2\u00a0Minuten"},"schema":{"@context":"https:\/\/schema.org","@graph":[{"@type":"WebPage","@id":"https:\/\/strong-connection.com\/de\/veranstaltungen\/","url":"https:\/\/strong-connection.com\/de\/veranstaltungen\/","name":"Veranstaltungen - Eine starke Verbindung","isPartOf":{"@id":"https:\/\/strong-connection.com\/de\/#website"},"datePublished":"2024-10-21T12:49:45+00:00","dateModified":"2025-11-13T11:59:22+00:00","breadcrumb":{"@id":"https:\/\/strong-connection.com\/de\/veranstaltungen\/#breadcrumb"},"inLanguage":"de","potentialAction":[{"@type":"ReadAction","target":["https:\/\/strong-connection.com\/de\/veranstaltungen\/"]}]},{"@type":"BreadcrumbList","@id":"https:\/\/strong-connection.com\/de\/veranstaltungen\/#breadcrumb","itemListElement":[{"@type":"ListItem","position":1,"name":"Startseite","item":"https:\/\/strong-connection.com\/de\/"},{"@type":"ListItem","position":2,"name":"Veranstaltungen"}]},{"@type":"WebSite","@id":"https:\/\/strong-connection.com\/de\/#website","url":"https:\/\/strong-connection.com\/de\/","name":"Eine starke Verbindung","description":"","publisher":{"@id":"https:\/\/strong-connection.com\/de\/#organization"},"potentialAction":[{"@type":"SearchAction","target":{"@type":"EntryPoint","urlTemplate":"https:\/\/strong-connection.com\/de\/?s={search_term_string}"},"query-input":{"@type":"PropertyValueSpecification","valueRequired":true,"valueName":"search_term_string"}}],"inLanguage":"de"},{"@type":"Organization","@id":"https:\/\/strong-connection.com\/de\/#organization","name":"Eine starke Verbindung","url":"https:\/\/strong-connection.com\/de\/","logo":{"@type":"ImageObject","inLanguage":"de","@id":"https:\/\/strong-connection.com\/de\/#\/schema\/logo\/image\/","url":"https:\/\/strong-connection.com\/wp-content\/uploads\/2023\/02\/wedi-ardex-cooperation_logo_claim-de_vector-rgb_478x230mm_220811-2.svg","contentUrl":"https:\/\/strong-connection.com\/wp-content\/uploads\/2023\/02\/wedi-ardex-cooperation_logo_claim-de_vector-rgb_478x230mm_220811-2.svg","width":"1024","height":"1024","caption":"Eine starke Verbindung"},"image":{"@id":"https:\/\/strong-connection.com\/de\/#\/schema\/logo\/image\/"}}]}},"_links":{"self":[{"href":"https:\/\/strong-connection.com\/de\/wp-json\/wp\/v2\/pages\/4866","targetHints":{"allow":["GET"]}}],"collection":[{"href":"https:\/\/strong-connection.com\/de\/wp-json\/wp\/v2\/pages"}],"about":[{"href":"https:\/\/strong-connection.com\/de\/wp-json\/wp\/v2\/types\/page"}],"author":[{"embeddable":true,"href":"https:\/\/strong-connection.com\/de\/wp-json\/wp\/v2\/users\/2"}],"replies":[{"embeddable":true,"href":"https:\/\/strong-connection.com\/de\/wp-json\/wp\/v2\/comments?post=4866"}],"version-history":[{"count":118,"href":"https:\/\/strong-connection.com\/de\/wp-json\/wp\/v2\/pages\/4866\/revisions"}],"predecessor-version":[{"id":5516,"href":"https:\/\/strong-connection.com\/de\/wp-json\/wp\/v2\/pages\/4866\/revisions\/5516"}],"wp:attachment":[{"href":"https:\/\/strong-connection.com\/de\/wp-json\/wp\/v2\/media?parent=4866"}],"curies":[{"name":"wp","href":"https:\/\/api.w.org\/{rel}","templated":true}]}}