{"id":4918,"date":"2024-10-23T09:12:00","date_gmt":"2024-10-23T09:12:00","guid":{"rendered":"https:\/\/strong-connection.com\/de\/?page_id=4918"},"modified":"2025-08-05T07:33:03","modified_gmt":"2025-08-05T07:33:03","slug":"silne-spojeni","status":"publish","type":"page","link":"https:\/\/strong-connection.com\/cz\/silne-spojeni\/","title":{"rendered":"Siln\u00e9 spojen\u00ed"},"content":{"rendered":"<section class=\"l-section wpb_row height_custom color_primary with_img\" id=\"home\"><div class=\"l-section-img\" role=\"img\" aria-label=\"Bild\" data-img-width=\"2560\" data-img-height=\"1707\" style=\"background-image: url(https:\/\/strong-connection.com\/cz\/wp-content\/uploads\/sites\/6\/2025\/04\/20250218-141202TM8_7455_HQ-scaled.jpg);\"><\/div><div class=\"l-section-h i-cf\"><div class=\"g-cols vc_row via_grid cols_1 laptops-cols_inherit tablets-cols_inherit mobiles-cols_1 valign_middle type_default stacking_default\"><div class=\"wpb_column vc_column_container us_custom_83b4de32 us_animate_this\"><div class=\"vc_column-inner\"><\/div><\/div><\/div><\/div><\/section><section class=\"l-section wpb_row height_custom\"><div class=\"l-section-h i-cf\"><div class=\"g-cols vc_row via_grid cols_1 laptops-cols_inherit tablets-cols_inherit mobiles-cols_1 valign_top type_default stacking_default\" style=\"--columns-gap:5rem;\"><div class=\"wpb_column vc_column_container\"><div class=\"vc_column-inner\"><div class=\"g-cols wpb_row via_grid cols_1 laptops-cols_inherit tablets-cols_inherit mobiles-cols_1 valign_top type_default stacking_default\" style=\"--columns-gap:3rem;\"><div class=\"wpb_column vc_column_container\"><div class=\"vc_column-inner\"><div class=\"wpb_text_column\"><div class=\"wpb_wrapper\"><h2 style=\"font-weight: 400; text-align: center;\">Certifikovan\u00e9 kompletn\u00ed syst\u00e9my pro renovaci koupelen<\/h2>\n<p style=\"font-weight: 400; text-align: center;\">Individu\u00e1ln\u00ed, inovativn\u00ed a vysoce kvalitn\u00ed \u2013 ARDEX a wedi spole\u010dn\u011b nab\u00edzej\u00ed promy\u0161len\u00e1 syst\u00e9mov\u00e1 \u0159e\u0161en\u00ed pro renovaci koupelen \u2013 made in Germany. C\u00edl: je\u0161t\u011b v\u011bt\u0161\u00ed jistota a komfort p\u0159i realizaci a je\u0161t\u011b v\u00edce podpory p\u0159i ot\u00e1zk\u00e1ch a probl\u00e9mech.<\/p>\n<p>\u00a0<\/p>\n<\/div><\/div><\/div><\/div><\/div><div class=\"w-separator size_medium\"><\/div><div class=\"g-cols wpb_row via_grid cols_2 laptops-cols_inherit tablets-cols_inherit mobiles-cols_1 valign_top type_default stacking_default\" style=\"--columns-gap:5rem;\"><div class=\"wpb_column vc_column_container\"><div class=\"vc_column-inner\"><div class=\"w-flipbox home-flipbox-ardex animation_cubetilt direction_n\"><div class=\"w-flipbox-h easing_ease\" style=\"transition-duration:0.5s;\"><div class=\"w-flipbox-hh\"><div class=\"w-flipbox-front\" style=\"background:#f9f9f9;\"><div class=\"w-flipbox-front-h\"><div class=\"w-flipbox-front-icon type_image\" style=\"width:200px;\"><img loading=\"lazy\" decoding=\"async\" width=\"250\" height=\"155\" src=\"https:\/\/strong-connection.com\/cz\/wp-content\/uploads\/sites\/6\/2023\/02\/csm_Logo_5a5a189733.png\" class=\"attachment-medium size-medium\" alt=\"\" \/><\/div><h3 class=\"w-flipbox-front-title\">Prvn\u00ed volba v oblasti stavebn\u00edch materi\u00e1l\u016f<\/h3><\/div><\/div><div class=\"w-flipbox-back\" style=\"display:none;background:#f9f9f9;\"><div class=\"w-flipbox-back-h\"><div class=\"w-flipbox-back-desc\"><p>\"Spole\u010dnost Ardex GmbH je sv\u011btov\u00fdm l\u00eddrem v oblasti speci\u00e1ln\u00edch stavebn\u00edch chemick\u00fdch produkt\u016f s v\u00edce ne\u017e 70letou zku\u0161enost\u00ed. S p\u0159ibli\u017en\u011b 3 900 zam\u011bstnanci ve v\u00edce ne\u017e 50 zem\u00edch dosahuje konsolidovan\u00e9ho celkov\u00e9ho obratu p\u0159es 930 milion\u016f eur.<\/p>\n<\/div><a class=\"w-btn us-btn-style_4\" target=\"_blank\" rel=\"nofollow\" href=\"https:\/\/www.ardex.cz\"><span class=\"w-btn-label\">www.ardex.cz<\/span><\/a><\/div><\/div><\/div><\/div><\/div><\/div><\/div><div class=\"wpb_column vc_column_container\"><div class=\"vc_column-inner\"><div class=\"w-flipbox home-flipbox-wedi animation_cubetilt direction_n\"><div class=\"w-flipbox-h easing_ease\" style=\"transition-duration:0.5s;\"><div class=\"w-flipbox-hh\"><div class=\"w-flipbox-front\" style=\"background:#f9f9f9;\"><div class=\"w-flipbox-front-h\"><div class=\"w-flipbox-front-icon type_image\" style=\"width:300px;\"><img loading=\"lazy\" decoding=\"async\" width=\"300\" height=\"300\" src=\"https:\/\/strong-connection.com\/cz\/wp-content\/uploads\/sites\/6\/2024\/08\/wedi-logo-blue.svg\" class=\"attachment-medium size-medium\" alt=\"\" \/><\/div><h3 class=\"w-flipbox-front-title\">Inovativn\u00ed syst\u00e9my pro mokr\u00e9 prostory<\/h3><\/div><\/div><div class=\"w-flipbox-back\" style=\"display:none;background:#f9f9f9;\"><div class=\"w-flipbox-back-h\"><div class=\"w-flipbox-back-desc\"><p>\"Skupina wedi je p\u0159edn\u00edm v\u00fdrobcem inovativn\u00edch syst\u00e9mov\u00fdch \u0159e\u0161en\u00ed pro koupelny a mokr\u00e9 prostory. Byla zalo\u017eena v roce 1983 v Emsdettanu, zam\u011bstn\u00e1v\u00e1 v\u00edce ne\u017e 500 lid\u00ed a p\u016fsob\u00ed ve v\u00edce ne\u017e 50 zem\u00edch. V\u00fdroba prob\u00edh\u00e1 v N\u011bmecku a USA.<\/p>\n<\/div><a class=\"w-btn us-btn-style_4\" target=\"_blank\" rel=\"nofollow\" href=\"https:\/\/www.wedi.net\"><span class=\"w-btn-label\">www.wedi.net<\/span><\/a><\/div><\/div><\/div><\/div><\/div><\/div><\/div><\/div><\/div><\/div><\/div><\/div><\/section><section class=\"l-section wpb_row height_auto\"><div class=\"l-section-overlay\" style=\"background:#f3f3f3\"><\/div><div class=\"l-section-h i-cf\"><div class=\"g-cols vc_row via_grid cols_1 laptops-cols_inherit tablets-cols_inherit mobiles-cols_1 valign_top type_default stacking_default\" style=\"--columns-gap:5rem;\"><div class=\"wpb_column vc_column_container\"><div class=\"vc_column-inner\"><div class=\"w-separator size_custom\" style=\"height:5vmax\"><\/div><div class=\"wpb_text_column us_custom_b4851f87 us_animate_this\"><div class=\"wpb_wrapper\"><h2 style=\"text-align: center;\">Siln\u00ed jednotliv\u011b, siln\u011bj\u0161\u00ed spolu!<\/h2>\n<\/div><\/div><div class=\"w-separator size_large\"><\/div><\/div><\/div><\/div><\/div><\/section><section class=\"l-section wpb_row height_auto\"><div class=\"l-section-overlay\" style=\"background:#f3f3f3\"><\/div><div class=\"l-section-h i-cf\"><div class=\"g-cols vc_row via_grid cols_3-2 laptops-cols_inherit tablets-cols_1 mobiles-cols_1 valign_top type_default stacking_default\" style=\"--columns-gap:0rem;\"><div class=\"wpb_column vc_column_container us_custom_840f5171 us_animate_this has_bg_color\"><div class=\"vc_column-inner\"><div class=\"w-separator size_custom\" style=\"height:17rem\"><\/div><\/div><\/div><div class=\"wpb_column vc_column_container us_custom_bcb09676 us_animate_this has_bg_color\"><div class=\"vc_column-inner\"><div class=\"w-iconbox iconpos_top style_default color_primary align_left no_text no_title\"><div class=\"w-iconbox-icon\" style=\"font-size:2rem;\"><i class=\"fal fa-users-class\"><\/i><\/div><div class=\"w-iconbox-meta\"><\/div><\/div><div class=\"wpb_text_column\"><div class=\"wpb_wrapper\"><h3 style=\"font-weight: 200; text-transform: uppercase;\">Siln\u011bj\u0161\u00ed v oblasti poradenstv\u00ed<\/h3>\n<p style=\"font-weight: 400;\">Spoj s\u00edly se dv\u011bma \u0161pi\u010dkov\u00fdmi t\u00fdmy a z\u00edskej maxim\u00e1ln\u00ed jistotu pro sv\u016fj stavebn\u00ed projekt. D\u00edky prov\u011b\u0159en\u00fdm syst\u00e9mov\u00fdm doporu\u010den\u00edm od ARDEX a wedi ti nab\u00edz\u00edme jednotnou podporu i odborn\u00e9 poradenstv\u00ed ve v\u0161ech f\u00e1z\u00edch stavby.<\/p>\n<p>\u00a0<\/p>\n<\/div><\/div><\/div><\/div><\/div><\/div><\/section><section class=\"l-section wpb_row height_auto\"><div class=\"l-section-overlay\" style=\"background:#f3f3f3\"><\/div><div class=\"l-section-h i-cf\"><div class=\"g-cols vc_row via_grid cols_1 laptops-cols_inherit tablets-cols_inherit mobiles-cols_1 valign_top type_default stacking_default\"><div class=\"wpb_column vc_column_container\"><div class=\"vc_column-inner\"><div class=\"w-separator size_large\"><\/div><\/div><\/div><\/div><\/div><\/section><section class=\"l-section wpb_row height_auto\"><div class=\"l-section-overlay\" style=\"background:#f3f3f3\"><\/div><div class=\"l-section-h i-cf\"><div class=\"g-cols vc_row via_grid cols_2-3 laptops-cols_inherit tablets-cols_inherit mobiles-cols_1 valign_top type_default stacking_default\" style=\"--columns-gap:0rem;\"><div class=\"wpb_column vc_column_container us_custom_bcb09676 us_animate_this has_bg_color\"><div class=\"vc_column-inner\"><div class=\"w-iconbox iconpos_top style_default color_primary align_left no_text no_title\"><div class=\"w-iconbox-icon\" style=\"font-size:2rem;\"><i class=\"fal fa-puzzle-piece\"><\/i><\/div><div class=\"w-iconbox-meta\"><\/div><\/div><div class=\"wpb_text_column\"><div class=\"wpb_wrapper\"><h3 style=\"font-weight: 200; text-transform: uppercase;\">V\u011bt\u0161\u00ed flexibilita<\/h3>\n<p style=\"font-weight: 400;\">Jako tv\u016fj spolehliv\u00fd partner pro budouc\u00ed stavebn\u00ed projekty spole\u010dn\u011b nab\u00edz\u00edme \u0159e\u0161en\u00ed na m\u00edru pro ka\u017edou situaci na stavb\u011b. Vyu\u017eij na\u0161i \u0161irokou \u0161k\u00e1lu produkt\u016f, specializaci a jistotu p\u0159i speci\u00e1ln\u00edch a individu\u00e1ln\u00edch konstrukc\u00edch, stejn\u011b jako inovativn\u00ed \u0159e\u0161en\u00ed pro aktu\u00e1ln\u00ed trendy na trhu, jako jsou wellness &amp; spa a modul\u00e1rn\u00ed v\u00fdstavba.<\/p>\n<p>\u00a0<\/p>\n<\/div><\/div><\/div><\/div><div class=\"wpb_column vc_column_container us_custom_312638c5 us_animate_this has_bg_color\"><div class=\"vc_column-inner\"><div class=\"w-separator size_custom\" style=\"height:17rem\"><\/div><\/div><\/div><\/div><\/div><\/section><section class=\"l-section wpb_row height_auto\"><div class=\"l-section-overlay\" style=\"background:#f3f3f3\"><\/div><div class=\"l-section-h i-cf\"><div class=\"g-cols vc_row via_grid cols_1 laptops-cols_inherit tablets-cols_inherit mobiles-cols_1 valign_top type_default stacking_default\"><div class=\"wpb_column vc_column_container\"><div class=\"vc_column-inner\"><div class=\"w-separator size_large\"><\/div><\/div><\/div><\/div><\/div><\/section><section class=\"l-section wpb_row height_auto\"><div class=\"l-section-overlay\" style=\"background:#f3f3f3\"><\/div><div class=\"l-section-h i-cf\"><div class=\"g-cols vc_row via_grid cols_3-2 laptops-cols_inherit tablets-cols_1 mobiles-cols_1 valign_top type_default stacking_default\" style=\"--columns-gap:0rem;\"><div class=\"wpb_column vc_column_container us_custom_1a06125c us_animate_this has_bg_color\"><div class=\"vc_column-inner\"><div class=\"w-separator size_custom\" style=\"height:17rem\"><\/div><\/div><\/div><div class=\"wpb_column vc_column_container us_custom_bcb09676 us_animate_this has_bg_color\"><div class=\"vc_column-inner\"><div class=\"w-iconbox iconpos_top style_default color_primary align_left no_text no_title\"><div class=\"w-iconbox-icon\" style=\"font-size:2rem;\"><i class=\"fal fa-tools\"><\/i><\/div><div class=\"w-iconbox-meta\"><\/div><\/div><div class=\"wpb_text_column\"><div class=\"wpb_wrapper\"><h3 style=\"font-weight: 200; text-transform: uppercase;\">S\u00edla v praxi<\/h3>\n<p style=\"font-weight: 400;\">P\u0159esv\u011bd\u010d se o na\u0161\u00ed odbornosti zam\u011b\u0159en\u00e9 na skute\u010dn\u00e9 pou\u017eit\u00ed v praxi. D\u00edky promy\u0161len\u00fdm kombinac\u00edm syst\u00e9m\u016f dvou siln\u00fdch zna\u010dek sni\u017eujeme po\u010det krok\u016f stavebn\u00edho procesu, zvy\u0161ujeme efektivitu a minimalizujeme rizika a to d\u00edky p\u0159edp\u0159ipraven\u00fdm syst\u00e9mov\u00fdm \u0159e\u0161en\u00edm a modern\u00edm technologi\u00edm. Spole\u010dn\u00fdmi \u0161kolen\u00edmi a tr\u00e9ninky ti nav\u00edc p\u0159ed\u00e1me znalosti, kter\u00e9 ti pomohou dos\u00e1hnout \u0161pi\u010dkov\u00fdch v\u00fdsledk\u016f.<\/p>\n<p>\u00a0<\/p>\n<\/div><\/div><\/div><\/div><\/div><\/div><\/section><section class=\"l-section wpb_row height_auto\"><div class=\"l-section-overlay\" style=\"background:#f3f3f3\"><\/div><div class=\"l-section-h i-cf\"><div class=\"g-cols vc_row via_grid cols_1 laptops-cols_inherit tablets-cols_inherit mobiles-cols_1 valign_top type_default stacking_default\"><div class=\"wpb_column vc_column_container\"><div class=\"vc_column-inner\"><div class=\"w-separator size_large\"><\/div><\/div><\/div><\/div><\/div><\/section><section class=\"l-section wpb_row height_small\"><div class=\"l-section-h i-cf\"><div class=\"g-cols vc_row via_grid cols_1 laptops-cols_inherit tablets-cols_inherit mobiles-cols_1 valign_top type_default stacking_default\"><div class=\"wpb_column vc_column_container us_custom_60e9caca us_animate_this\"><div class=\"vc_column-inner\"><div class=\"w-actionbox us_custom_4fb9e5a3 color_light controls_right\"><div class=\"w-actionbox-text\"><h2 class=\"w-actionbox-title\">Za\u010dni sv\u016fj projekt te\u010f<\/h2><\/div><div class=\"w-actionbox-controls\"><a class=\"w-btn us-btn-style_9\" href=\"\/cz\/rekonstrukce-koupelny\/\"><span class=\"w-btn-label\">Za\u010dni te\u010f!<\/span><\/a><\/div><\/div><\/div><\/div><\/div><\/div><\/section>\n","protected":false},"excerpt":{"rendered":"Certifikovan\u00e9 kompletn\u00ed syst\u00e9my pro renovaci koupelen Individu\u00e1ln\u00ed, inovativn\u00ed a vysoce kvalitn\u00ed \u2013 ARDEX a wedi spole\u010dn\u011b nab\u00edzej\u00ed promy\u0161len\u00e1 syst\u00e9mov\u00e1 \u0159e\u0161en\u00ed pro renovaci koupelen \u2013 made in Germany. C\u00edl: je\u0161t\u011b v\u011bt\u0161\u00ed jistota a komfort p\u0159i realizaci a je\u0161t\u011b v\u00edce podpory p\u0159i ot\u00e1zk\u00e1ch a probl\u00e9mech. \u00a0 Prvn\u00ed volba v oblasti stavebn\u00edch materi\u00e1l\u016f\"Spole\u010dnost Ardex GmbH je sv\u011btov\u00fdm l\u00eddrem...","protected":false},"author":2,"featured_media":0,"parent":0,"menu_order":0,"comment_status":"closed","ping_status":"closed","template":"","meta":{"footnotes":""},"class_list":["post-4918","page","type-page","status-publish","hentry"],"yoast_head":"<!-- This site is optimized with the Yoast SEO plugin v27.4 - https:\/\/yoast.com\/product\/yoast-seo-wordpress\/ -->\n<title>Siln\u00e9 spojen\u00ed - Siln\u00e9 spojen\u00ed<\/title>\n<meta name=\"robots\" content=\"index, follow, max-snippet:-1, max-image-preview:large, max-video-preview:-1\" \/>\n<link rel=\"canonical\" href=\"https:\/\/strong-connection.com\/cz\/silne-spojeni\/\" \/>\n<meta property=\"og:locale\" content=\"de_DE\" \/>\n<meta property=\"og:type\" content=\"article\" \/>\n<meta property=\"og:title\" content=\"Siln\u00e9 spojen\u00ed - Siln\u00e9 spojen\u00ed\" \/>\n<meta property=\"og:url\" content=\"https:\/\/strong-connection.com\/cz\/silne-spojeni\/\" \/>\n<meta property=\"og:site_name\" content=\"Siln\u00e9 spojen\u00ed\" \/>\n<meta property=\"article:modified_time\" content=\"2025-08-05T07:33:03+00:00\" \/>\n<meta name=\"twitter:card\" content=\"summary_large_image\" \/>\n<meta name=\"twitter:label1\" content=\"Gesch\u00e4tzte Lesezeit\" \/>\n\t<meta name=\"twitter:data1\" content=\"3\u00a0Minuten\" \/>\n<script type=\"application\/ld+json\" class=\"yoast-schema-graph\">{\"@context\":\"https:\\\/\\\/schema.org\",\"@graph\":[{\"@type\":\"WebPage\",\"@id\":\"https:\\\/\\\/strong-connection.com\\\/cz\\\/silne-spojeni\\\/\",\"url\":\"https:\\\/\\\/strong-connection.com\\\/cz\\\/silne-spojeni\\\/\",\"name\":\"Siln\u00e9 spojen\u00ed - Siln\u00e9 spojen\u00ed\",\"isPartOf\":{\"@id\":\"https:\\\/\\\/strong-connection.com\\\/cz\\\/#website\"},\"datePublished\":\"2024-10-23T09:12:00+00:00\",\"dateModified\":\"2025-08-05T07:33:03+00:00\",\"breadcrumb\":{\"@id\":\"https:\\\/\\\/strong-connection.com\\\/cz\\\/silne-spojeni\\\/#breadcrumb\"},\"inLanguage\":\"de\",\"potentialAction\":[{\"@type\":\"ReadAction\",\"target\":[\"https:\\\/\\\/strong-connection.com\\\/cz\\\/silne-spojeni\\\/\"]}]},{\"@type\":\"BreadcrumbList\",\"@id\":\"https:\\\/\\\/strong-connection.com\\\/cz\\\/silne-spojeni\\\/#breadcrumb\",\"itemListElement\":[{\"@type\":\"ListItem\",\"position\":1,\"name\":\"Startseite\",\"item\":\"https:\\\/\\\/strong-connection.com\\\/cz\\\/\"},{\"@type\":\"ListItem\",\"position\":2,\"name\":\"Siln\u00e9 spojen\u00ed\"}]},{\"@type\":\"WebSite\",\"@id\":\"https:\\\/\\\/strong-connection.com\\\/cz\\\/#website\",\"url\":\"https:\\\/\\\/strong-connection.com\\\/cz\\\/\",\"name\":\"Siln\u00e9 spojen\u00ed\",\"description\":\"\",\"publisher\":{\"@id\":\"https:\\\/\\\/strong-connection.com\\\/cz\\\/#organization\"},\"potentialAction\":[{\"@type\":\"SearchAction\",\"target\":{\"@type\":\"EntryPoint\",\"urlTemplate\":\"https:\\\/\\\/strong-connection.com\\\/cz\\\/?s={search_term_string}\"},\"query-input\":{\"@type\":\"PropertyValueSpecification\",\"valueRequired\":true,\"valueName\":\"search_term_string\"}}],\"inLanguage\":\"de\"},{\"@type\":\"Organization\",\"@id\":\"https:\\\/\\\/strong-connection.com\\\/cz\\\/#organization\",\"name\":\"Siln\u00e9 spojen\u00ed\",\"url\":\"https:\\\/\\\/strong-connection.com\\\/cz\\\/\",\"logo\":{\"@type\":\"ImageObject\",\"inLanguage\":\"de\",\"@id\":\"https:\\\/\\\/strong-connection.com\\\/cz\\\/#\\\/schema\\\/logo\\\/image\\\/\",\"url\":\"https:\\\/\\\/strong-connection.com\\\/wp-content\\\/uploads\\\/2023\\\/02\\\/wedi-ardex-cooperation_logo_claim-de_vector-rgb_478x230mm_220811-2.svg\",\"contentUrl\":\"https:\\\/\\\/strong-connection.com\\\/wp-content\\\/uploads\\\/2023\\\/02\\\/wedi-ardex-cooperation_logo_claim-de_vector-rgb_478x230mm_220811-2.svg\",\"width\":\"1024\",\"height\":\"1024\",\"caption\":\"Siln\u00e9 spojen\u00ed\"},\"image\":{\"@id\":\"https:\\\/\\\/strong-connection.com\\\/cz\\\/#\\\/schema\\\/logo\\\/image\\\/\"}}]}<\/script>\n<!-- \/ Yoast SEO plugin. -->","yoast_head_json":{"title":"Siln\u00e9 spojen\u00ed - Siln\u00e9 spojen\u00ed","robots":{"index":"index","follow":"follow","max-snippet":"max-snippet:-1","max-image-preview":"max-image-preview:large","max-video-preview":"max-video-preview:-1"},"canonical":"https:\/\/strong-connection.com\/cz\/silne-spojeni\/","og_locale":"de_DE","og_type":"article","og_title":"Siln\u00e9 spojen\u00ed - Siln\u00e9 spojen\u00ed","og_url":"https:\/\/strong-connection.com\/cz\/silne-spojeni\/","og_site_name":"Siln\u00e9 spojen\u00ed","article_modified_time":"2025-08-05T07:33:03+00:00","twitter_card":"summary_large_image","twitter_misc":{"Gesch\u00e4tzte Lesezeit":"3\u00a0Minuten"},"schema":{"@context":"https:\/\/schema.org","@graph":[{"@type":"WebPage","@id":"https:\/\/strong-connection.com\/cz\/silne-spojeni\/","url":"https:\/\/strong-connection.com\/cz\/silne-spojeni\/","name":"Siln\u00e9 spojen\u00ed - Siln\u00e9 spojen\u00ed","isPartOf":{"@id":"https:\/\/strong-connection.com\/cz\/#website"},"datePublished":"2024-10-23T09:12:00+00:00","dateModified":"2025-08-05T07:33:03+00:00","breadcrumb":{"@id":"https:\/\/strong-connection.com\/cz\/silne-spojeni\/#breadcrumb"},"inLanguage":"de","potentialAction":[{"@type":"ReadAction","target":["https:\/\/strong-connection.com\/cz\/silne-spojeni\/"]}]},{"@type":"BreadcrumbList","@id":"https:\/\/strong-connection.com\/cz\/silne-spojeni\/#breadcrumb","itemListElement":[{"@type":"ListItem","position":1,"name":"Startseite","item":"https:\/\/strong-connection.com\/cz\/"},{"@type":"ListItem","position":2,"name":"Siln\u00e9 spojen\u00ed"}]},{"@type":"WebSite","@id":"https:\/\/strong-connection.com\/cz\/#website","url":"https:\/\/strong-connection.com\/cz\/","name":"Siln\u00e9 spojen\u00ed","description":"","publisher":{"@id":"https:\/\/strong-connection.com\/cz\/#organization"},"potentialAction":[{"@type":"SearchAction","target":{"@type":"EntryPoint","urlTemplate":"https:\/\/strong-connection.com\/cz\/?s={search_term_string}"},"query-input":{"@type":"PropertyValueSpecification","valueRequired":true,"valueName":"search_term_string"}}],"inLanguage":"de"},{"@type":"Organization","@id":"https:\/\/strong-connection.com\/cz\/#organization","name":"Siln\u00e9 spojen\u00ed","url":"https:\/\/strong-connection.com\/cz\/","logo":{"@type":"ImageObject","inLanguage":"de","@id":"https:\/\/strong-connection.com\/cz\/#\/schema\/logo\/image\/","url":"https:\/\/strong-connection.com\/wp-content\/uploads\/2023\/02\/wedi-ardex-cooperation_logo_claim-de_vector-rgb_478x230mm_220811-2.svg","contentUrl":"https:\/\/strong-connection.com\/wp-content\/uploads\/2023\/02\/wedi-ardex-cooperation_logo_claim-de_vector-rgb_478x230mm_220811-2.svg","width":"1024","height":"1024","caption":"Siln\u00e9 spojen\u00ed"},"image":{"@id":"https:\/\/strong-connection.com\/cz\/#\/schema\/logo\/image\/"}}]}},"_links":{"self":[{"href":"https:\/\/strong-connection.com\/cz\/wp-json\/wp\/v2\/pages\/4918","targetHints":{"allow":["GET"]}}],"collection":[{"href":"https:\/\/strong-connection.com\/cz\/wp-json\/wp\/v2\/pages"}],"about":[{"href":"https:\/\/strong-connection.com\/cz\/wp-json\/wp\/v2\/types\/page"}],"author":[{"embeddable":true,"href":"https:\/\/strong-connection.com\/cz\/wp-json\/wp\/v2\/users\/2"}],"replies":[{"embeddable":true,"href":"https:\/\/strong-connection.com\/cz\/wp-json\/wp\/v2\/comments?post=4918"}],"version-history":[{"count":52,"href":"https:\/\/strong-connection.com\/cz\/wp-json\/wp\/v2\/pages\/4918\/revisions"}],"predecessor-version":[{"id":5384,"href":"https:\/\/strong-connection.com\/cz\/wp-json\/wp\/v2\/pages\/4918\/revisions\/5384"}],"wp:attachment":[{"href":"https:\/\/strong-connection.com\/cz\/wp-json\/wp\/v2\/media?parent=4918"}],"curies":[{"name":"wp","href":"https:\/\/api.w.org\/{rel}","templated":true}]}}