{"id":4866,"date":"2024-10-21T12:49:45","date_gmt":"2024-10-21T12:49:45","guid":{"rendered":"https:\/\/strong-connection.com\/de\/?page_id=4866"},"modified":"2025-08-22T08:01:32","modified_gmt":"2025-08-22T08:01:32","slug":"udalosti","status":"publish","type":"page","link":"https:\/\/strong-connection.com\/cz\/udalosti\/","title":{"rendered":"Ud\u00e1losti"},"content":{"rendered":"<section class=\"l-section wpb_row height_custom color_primary with_img\"><div class=\"l-section-img\" role=\"img\" aria-label=\"Bild\" data-img-width=\"2000\" data-img-height=\"1333\" style=\"background-image: url(https:\/\/strong-connection.com\/cz\/wp-content\/uploads\/sites\/6\/2023\/09\/20230327-100858TM9_7317_LQ.jpg);\"><\/div><div class=\"l-section-h i-cf\"><div class=\"g-cols vc_row via_grid cols_1 laptops-cols_inherit tablets-cols_inherit mobiles-cols_1 valign_top type_default stacking_default\"><div class=\"wpb_column vc_column_container\"><div class=\"vc_column-inner\"><\/div><\/div><\/div><\/div><\/section><section class=\"l-section wpb_row height_custom\"><div class=\"l-section-h i-cf\"><div class=\"g-cols vc_row via_grid cols_2 laptops-cols_inherit tablets-cols_inherit mobiles-cols_1 valign_top type_default stacking_default\"><div class=\"wpb_column vc_column_container\"><div class=\"vc_column-inner\"><div class=\"wpb_text_column us_custom_0f8f44b7\"><div class=\"wpb_wrapper\"><h1>FLIESENROADSHOW<br \/>2025 \u2013 BU\u010e U TOHO!<\/h1>\n<\/div><\/div><div class=\"w-separator size_medium\"><\/div><div class=\"wpb_text_column\"><div class=\"wpb_wrapper\"><h4>Vn\u00edmej trh s renovacemi jako p\u0159\u00edle\u017eitost<\/h4>\n<p>Objev, jak m\u016f\u017ee\u0161 sou\u010dasn\u00fd trh s renovacemi vyu\u017e\u00edt jako p\u0159\u00edle\u017eitost k r\u016fstu.<\/p>\n<p>Na t\u00e9to prakticky zam\u011b\u0159en\u00e9 akci ti uk\u00e1\u017eeme, jak ti modern\u00ed syst\u00e9mov\u00e1 \u0159e\u0161en\u00ed pomohou realizovat projekty je\u0161t\u011b efektivn\u011bji.<\/p>\n<p><strong>A to nejlep\u0161\u00ed<\/strong>: \u00fa\u010dast\u00ed z\u00edsk\u00e1\u0161 <strong>100<\/strong> bod\u016f do vzd\u011bl\u00e1vac\u00edho programu <strong>\u201eZert-Fliese\u201c<\/strong>!<\/p>\n<p><strong>Na co se m\u016f\u017ee\u0161 t\u011b\u0161it:<\/strong><\/p>\n<ul>\n<li data-leveltext=\"\uf0b7\" data-font=\"Symbol\" data-listid=\"5\" data-list-defn-props=\"{&quot;335552541&quot;:1,&quot;335559685&quot;:720,&quot;335559991&quot;:360,&quot;469769226&quot;:&quot;Symbol&quot;,&quot;469769242&quot;:&#091;8226&#093;,&quot;469777803&quot;:&quot;left&quot;,&quot;469777804&quot;:&quot;\uf0b7&quot;,&quot;469777815&quot;:&quot;multilevel&quot;}\" data-aria-posinset=\"1\" data-aria-level=\"1\"><strong>Praktick\u00e1 \u0159e\u0161en\u00ed:<\/strong> Za\u017eij na\u017eivo, jak pomoc\u00ed inovativn\u00edch produkt\u016f a syst\u00e9mov\u00fdch \u0159e\u0161en\u00ed optimalizuje\u0161 svou pr\u00e1ci \u2013 od pl\u00e1nov\u00e1n\u00ed koupelen p\u0159es topn\u00e9 syst\u00e9my a\u017e po design venkovn\u00edch ploch.<\/li>\n<li data-leveltext=\"\uf0b7\" data-font=\"Symbol\" data-listid=\"5\" data-list-defn-props=\"{&quot;335552541&quot;:1,&quot;335559685&quot;:720,&quot;335559991&quot;:360,&quot;469769226&quot;:&quot;Symbol&quot;,&quot;469769242&quot;:&#091;8226&#093;,&quot;469777803&quot;:&quot;left&quot;,&quot;469777804&quot;:&quot;\uf0b7&quot;,&quot;469777815&quot;:&quot;multilevel&quot;}\" data-aria-posinset=\"1\" data-aria-level=\"1\"><strong>Trendy a inovace:<\/strong> Zjisti, jak m\u016f\u017ee\u0161 p\u016fsobiv\u011b uv\u00e9st do praxe komfortn\u00ed \u0159e\u0161en\u00ed v oblasti Spa a Wellness a velkoform\u00e1tov\u00e9 prvky ve venkovn\u00edch prostorech.<\/li>\n<li data-leveltext=\"\uf0b7\" data-font=\"Symbol\" data-listid=\"5\" data-list-defn-props=\"{&quot;335552541&quot;:1,&quot;335559685&quot;:720,&quot;335559991&quot;:360,&quot;469769226&quot;:&quot;Symbol&quot;,&quot;469769242&quot;:&#091;8226&#093;,&quot;469777803&quot;:&quot;left&quot;,&quot;469777804&quot;:&quot;\uf0b7&quot;,&quot;469777815&quot;:&quot;multilevel&quot;}\" data-aria-posinset=\"1\" data-aria-level=\"1\"><strong>S\u00ed\u0165ov\u00e1n\u00ed a v\u00fdm\u011bna zku\u0161enost\u00ed:<\/strong> Vym\u011b\u0148 si zku\u0161enosti s kolegy a navazuj cenn\u00e9 kontakty v oboru.<\/li>\n<\/ul>\n<h4>Zajisti si sv\u00e9 m\u00edsto<\/h4>\n<\/div><\/div><div class=\"w-separator size_small\"><\/div><div class=\"wpb_text_column\"><div class=\"wpb_wrapper\"><table>\n<tbody>\n<tr>\n<td style=\"text-align: left; vertical-align: bottom;\">10.04.2025<\/td>\n<td style=\"vertical-align: bottom; text-align: right;\">58453<\/td>\n<td style=\"vertical-align: bottom; text-align: left;\">Witten<\/td>\n<td style=\"text-align: right;\"><a class=\"w-btn us-btn-style_4\" href=\"https:\/\/www.ardex.de\/voranmeldung\/fliesenroadshow-2025-witten\" target=\"_blank\" rel=\"noopener\"><span class=\"w-btn-label\">Nyn\u00ed se p\u0159ihlas<br \/><\/span><\/a><\/td>\n<\/tr>\n<\/tbody>\n<\/table>\n<\/div><\/div><\/div><\/div><div class=\"wpb_column vc_column_container\"><div class=\"vc_column-inner\"><div class=\"w-image align_right\"><div class=\"w-image-h\"><img decoding=\"async\" width=\"1024\" height=\"1024\" src=\"https:\/\/strong-connection.com\/cz\/wp-content\/uploads\/sites\/6\/2024\/11\/wedi-eu_nuPSC_nuPBC_v2-gutjahr-ardex-wedi_si_log_print_690x215mm_240701_nv.svg\" class=\"attachment-large size-large\" alt=\"\" loading=\"lazy\" \/><\/div><\/div><div class=\"w-separator size_small\"><\/div><div class=\"wpb_text_column us_custom_be088ba5\"><div class=\"wpb_wrapper\"><table>\n<tbody>\n<tr>\n<td style=\"border: 0px;\" colspan=\"2\"><strong>Program akce<\/strong><\/td>\n<\/tr>\n<tr>\n<td style=\"border: 0px;\" width=\"130\">od 08:30 hodin<\/td>\n<td style=\"border: 0px;\">P\u0159\u00edjezd \u00fa\u010dastn\u00edk\u016f<\/td>\n<\/tr>\n<tr>\n<td style=\"border: 0px;\">09:00 hodin<\/td>\n<td style=\"border: 0px;\">Ofici\u00e1ln\u00ed p\u0159iv\u00edt\u00e1n\u00ed<\/td>\n<\/tr>\n<tr>\n<td style=\"border: 0px;\">09:15 hodin<\/td>\n<td style=\"border: 0px;\">\n<p><strong>Praktick\u00fd blok 1: Inovativn\u00ed syst\u00e9mov\u00e1 \u0159e\u0161en\u00ed pro modern\u00ed pl\u00e1nov\u00e1n\u00ed koupelen<\/strong><\/p>\n<ul>\n<li>Tenkovrstv\u00e9 pot\u011bry a topn\u00e9 syst\u00e9my pro pokl\u00e1dku dla\u017edic a p\u0159\u00edrodn\u00edho kamene<\/li>\n<li>Sprchov\u00e9 \u017elaby a sprchov\u00e9 desky<\/li>\n<li>Velkoform\u00e1tov\u00e9, bezespar\u00e9 designov\u00e9 povrchy<\/li>\n<\/ul>\n<\/td>\n<\/tr>\n<tr>\n<td style=\"border: 0px;\">10:45 hodin<\/td>\n<td style=\"border: 0px;\">P\u0159est\u00e1vka na k\u00e1vu<\/td>\n<\/tr>\n<tr>\n<td style=\"border: 0px;\">11:15 hodin<\/td>\n<td style=\"border: 0px;\">\n<p><strong>Praktick\u00fd blok 2: Efektivn\u00ed topn\u00e9 syst\u00e9my v interi\u00e9ru<\/strong><\/p>\n<ul>\n<li>P\u0159\u00edprava podkladu a izolace<\/li>\n<li>Teplovodn\u00ed vyt\u00e1p\u011bn\u00ed: nosn\u00fd prvek a kompletn\u00ed syst\u00e9m<\/li>\n<\/ul>\n<\/td>\n<\/tr>\n<tr>\n<td style=\"border: 0px;\">12:15 hodin<\/td>\n<td style=\"border: 0px;\">\n<p><strong>Teoretick\u00fd blok: Modern\u00ed spa a wellness \u0159e\u0161en\u00ed v centru pozornosti<\/strong><\/p>\n<ul>\n<li>Soukrom\u00e9 spa a individu\u00e1ln\u00ed koncepty mokr\u00fdch prostor<\/li>\n<li>Prefab jako p\u0159\u00edle\u017eitost<\/li>\n<\/ul>\n<\/td>\n<\/tr>\n<tr>\n<td style=\"border: 0px;\">12:30 hodin<\/td>\n<td style=\"border: 0px;\">Spole\u010dn\u00fd ob\u011bd<\/td>\n<\/tr>\n<tr>\n<td style=\"border: 0px;\">13:15 hodin<\/td>\n<td style=\"border: 0px;\">\n<p><strong>Praktick\u00fd blok 3: Rychl\u00e1 a dokonal\u00e1 \u0159e\u0161en\u00ed pro balkony a terasy<\/strong><\/p>\n<ul>\n<li>Dokonale nanesen\u00e1 dren\u00e1\u017en\u00ed malta<\/li>\n<li>Okrajov\u00e9 profily nejnov\u011bj\u0161\u00ed generace<\/li>\n<\/ul>\n<\/td>\n<\/tr>\n<tr>\n<td style=\"border: 0px;\">14:00 hodin<\/td>\n<td style=\"border: 0px;\">\n<p><strong>Praktick\u00fd blok 4: Velkoform\u00e1ty pro p\u016fsobiv\u00e9 plochy v exteri\u00e9ru<\/strong><\/p>\n<ul>\n<li>Osv\u011btlovac\u00ed technika a topn\u00e1 technika u r\u00e1mov\u00fdch syst\u00e9m\u016f a u voln\u011b polo\u017een\u00fdch povrch\u016f<\/li>\n<li>Voln\u00e1 pokl\u00e1dka bez viklaj\u00edc\u00edch se desek<\/li>\n<\/ul>\n<\/td>\n<\/tr>\n<tr>\n<td style=\"border: 0px;\">14:45 hodin<\/td>\n<td style=\"border: 0px;\">Spole\u010dn\u00e9 ukon\u010den\u00ed a rozlou\u010den\u00ed<\/td>\n<\/tr>\n<\/tbody>\n<\/table>\n<\/div><\/div><\/div><\/div><\/div><\/div><\/section>\n","protected":false},"excerpt":{"rendered":"FLIESENROADSHOW2025 \u2013 BU\u010e U TOHO! Vn\u00edmej trh s renovacemi jako p\u0159\u00edle\u017eitost Objev, jak m\u016f\u017ee\u0161 sou\u010dasn\u00fd trh s renovacemi vyu\u017e\u00edt jako p\u0159\u00edle\u017eitost k r\u016fstu. Na t\u00e9to prakticky zam\u011b\u0159en\u00e9 akci ti uk\u00e1\u017eeme, jak ti modern\u00ed syst\u00e9mov\u00e1 \u0159e\u0161en\u00ed pomohou realizovat projekty je\u0161t\u011b efektivn\u011bji. A to nejlep\u0161\u00ed: \u00fa\u010dast\u00ed z\u00edsk\u00e1\u0161 100 bod\u016f do vzd\u011bl\u00e1vac\u00edho programu \u201eZert-Fliese\u201c! Na co se m\u016f\u017ee\u0161...","protected":false},"author":2,"featured_media":0,"parent":0,"menu_order":0,"comment_status":"closed","ping_status":"closed","template":"","meta":{"footnotes":""},"class_list":["post-4866","page","type-page","status-publish","hentry"],"yoast_head":"<!-- This site is optimized with the Yoast SEO plugin v27.4 - https:\/\/yoast.com\/product\/yoast-seo-wordpress\/ -->\n<title>Ud\u00e1losti - Siln\u00e9 spojen\u00ed<\/title>\n<meta name=\"robots\" content=\"index, follow, max-snippet:-1, max-image-preview:large, max-video-preview:-1\" \/>\n<link rel=\"canonical\" href=\"https:\/\/strong-connection.com\/cz\/udalosti\/\" \/>\n<meta property=\"og:locale\" content=\"de_DE\" \/>\n<meta property=\"og:type\" content=\"article\" \/>\n<meta property=\"og:title\" content=\"Ud\u00e1losti - Siln\u00e9 spojen\u00ed\" \/>\n<meta property=\"og:url\" content=\"https:\/\/strong-connection.com\/cz\/udalosti\/\" \/>\n<meta property=\"og:site_name\" content=\"Siln\u00e9 spojen\u00ed\" \/>\n<meta property=\"article:modified_time\" content=\"2025-08-22T08:01:32+00:00\" \/>\n<meta name=\"twitter:card\" content=\"summary_large_image\" \/>\n<meta name=\"twitter:label1\" content=\"Gesch\u00e4tzte Lesezeit\" \/>\n\t<meta name=\"twitter:data1\" content=\"2\u00a0Minuten\" \/>\n<script type=\"application\/ld+json\" class=\"yoast-schema-graph\">{\"@context\":\"https:\\\/\\\/schema.org\",\"@graph\":[{\"@type\":\"WebPage\",\"@id\":\"https:\\\/\\\/strong-connection.com\\\/cz\\\/udalosti\\\/\",\"url\":\"https:\\\/\\\/strong-connection.com\\\/cz\\\/udalosti\\\/\",\"name\":\"Ud\u00e1losti - Siln\u00e9 spojen\u00ed\",\"isPartOf\":{\"@id\":\"https:\\\/\\\/strong-connection.com\\\/cz\\\/#website\"},\"datePublished\":\"2024-10-21T12:49:45+00:00\",\"dateModified\":\"2025-08-22T08:01:32+00:00\",\"breadcrumb\":{\"@id\":\"https:\\\/\\\/strong-connection.com\\\/cz\\\/udalosti\\\/#breadcrumb\"},\"inLanguage\":\"de\",\"potentialAction\":[{\"@type\":\"ReadAction\",\"target\":[\"https:\\\/\\\/strong-connection.com\\\/cz\\\/udalosti\\\/\"]}]},{\"@type\":\"BreadcrumbList\",\"@id\":\"https:\\\/\\\/strong-connection.com\\\/cz\\\/udalosti\\\/#breadcrumb\",\"itemListElement\":[{\"@type\":\"ListItem\",\"position\":1,\"name\":\"Startseite\",\"item\":\"https:\\\/\\\/strong-connection.com\\\/cz\\\/\"},{\"@type\":\"ListItem\",\"position\":2,\"name\":\"Ud\u00e1losti\"}]},{\"@type\":\"WebSite\",\"@id\":\"https:\\\/\\\/strong-connection.com\\\/cz\\\/#website\",\"url\":\"https:\\\/\\\/strong-connection.com\\\/cz\\\/\",\"name\":\"Siln\u00e9 spojen\u00ed\",\"description\":\"\",\"publisher\":{\"@id\":\"https:\\\/\\\/strong-connection.com\\\/cz\\\/#organization\"},\"potentialAction\":[{\"@type\":\"SearchAction\",\"target\":{\"@type\":\"EntryPoint\",\"urlTemplate\":\"https:\\\/\\\/strong-connection.com\\\/cz\\\/?s={search_term_string}\"},\"query-input\":{\"@type\":\"PropertyValueSpecification\",\"valueRequired\":true,\"valueName\":\"search_term_string\"}}],\"inLanguage\":\"de\"},{\"@type\":\"Organization\",\"@id\":\"https:\\\/\\\/strong-connection.com\\\/cz\\\/#organization\",\"name\":\"Siln\u00e9 spojen\u00ed\",\"url\":\"https:\\\/\\\/strong-connection.com\\\/cz\\\/\",\"logo\":{\"@type\":\"ImageObject\",\"inLanguage\":\"de\",\"@id\":\"https:\\\/\\\/strong-connection.com\\\/cz\\\/#\\\/schema\\\/logo\\\/image\\\/\",\"url\":\"https:\\\/\\\/strong-connection.com\\\/wp-content\\\/uploads\\\/2023\\\/02\\\/wedi-ardex-cooperation_logo_claim-de_vector-rgb_478x230mm_220811-2.svg\",\"contentUrl\":\"https:\\\/\\\/strong-connection.com\\\/wp-content\\\/uploads\\\/2023\\\/02\\\/wedi-ardex-cooperation_logo_claim-de_vector-rgb_478x230mm_220811-2.svg\",\"width\":\"1024\",\"height\":\"1024\",\"caption\":\"Siln\u00e9 spojen\u00ed\"},\"image\":{\"@id\":\"https:\\\/\\\/strong-connection.com\\\/cz\\\/#\\\/schema\\\/logo\\\/image\\\/\"}}]}<\/script>\n<!-- \/ Yoast SEO plugin. -->","yoast_head_json":{"title":"Ud\u00e1losti - Siln\u00e9 spojen\u00ed","robots":{"index":"index","follow":"follow","max-snippet":"max-snippet:-1","max-image-preview":"max-image-preview:large","max-video-preview":"max-video-preview:-1"},"canonical":"https:\/\/strong-connection.com\/cz\/udalosti\/","og_locale":"de_DE","og_type":"article","og_title":"Ud\u00e1losti - Siln\u00e9 spojen\u00ed","og_url":"https:\/\/strong-connection.com\/cz\/udalosti\/","og_site_name":"Siln\u00e9 spojen\u00ed","article_modified_time":"2025-08-22T08:01:32+00:00","twitter_card":"summary_large_image","twitter_misc":{"Gesch\u00e4tzte Lesezeit":"2\u00a0Minuten"},"schema":{"@context":"https:\/\/schema.org","@graph":[{"@type":"WebPage","@id":"https:\/\/strong-connection.com\/cz\/udalosti\/","url":"https:\/\/strong-connection.com\/cz\/udalosti\/","name":"Ud\u00e1losti - Siln\u00e9 spojen\u00ed","isPartOf":{"@id":"https:\/\/strong-connection.com\/cz\/#website"},"datePublished":"2024-10-21T12:49:45+00:00","dateModified":"2025-08-22T08:01:32+00:00","breadcrumb":{"@id":"https:\/\/strong-connection.com\/cz\/udalosti\/#breadcrumb"},"inLanguage":"de","potentialAction":[{"@type":"ReadAction","target":["https:\/\/strong-connection.com\/cz\/udalosti\/"]}]},{"@type":"BreadcrumbList","@id":"https:\/\/strong-connection.com\/cz\/udalosti\/#breadcrumb","itemListElement":[{"@type":"ListItem","position":1,"name":"Startseite","item":"https:\/\/strong-connection.com\/cz\/"},{"@type":"ListItem","position":2,"name":"Ud\u00e1losti"}]},{"@type":"WebSite","@id":"https:\/\/strong-connection.com\/cz\/#website","url":"https:\/\/strong-connection.com\/cz\/","name":"Siln\u00e9 spojen\u00ed","description":"","publisher":{"@id":"https:\/\/strong-connection.com\/cz\/#organization"},"potentialAction":[{"@type":"SearchAction","target":{"@type":"EntryPoint","urlTemplate":"https:\/\/strong-connection.com\/cz\/?s={search_term_string}"},"query-input":{"@type":"PropertyValueSpecification","valueRequired":true,"valueName":"search_term_string"}}],"inLanguage":"de"},{"@type":"Organization","@id":"https:\/\/strong-connection.com\/cz\/#organization","name":"Siln\u00e9 spojen\u00ed","url":"https:\/\/strong-connection.com\/cz\/","logo":{"@type":"ImageObject","inLanguage":"de","@id":"https:\/\/strong-connection.com\/cz\/#\/schema\/logo\/image\/","url":"https:\/\/strong-connection.com\/wp-content\/uploads\/2023\/02\/wedi-ardex-cooperation_logo_claim-de_vector-rgb_478x230mm_220811-2.svg","contentUrl":"https:\/\/strong-connection.com\/wp-content\/uploads\/2023\/02\/wedi-ardex-cooperation_logo_claim-de_vector-rgb_478x230mm_220811-2.svg","width":"1024","height":"1024","caption":"Siln\u00e9 spojen\u00ed"},"image":{"@id":"https:\/\/strong-connection.com\/cz\/#\/schema\/logo\/image\/"}}]}},"_links":{"self":[{"href":"https:\/\/strong-connection.com\/cz\/wp-json\/wp\/v2\/pages\/4866","targetHints":{"allow":["GET"]}}],"collection":[{"href":"https:\/\/strong-connection.com\/cz\/wp-json\/wp\/v2\/pages"}],"about":[{"href":"https:\/\/strong-connection.com\/cz\/wp-json\/wp\/v2\/types\/page"}],"author":[{"embeddable":true,"href":"https:\/\/strong-connection.com\/cz\/wp-json\/wp\/v2\/users\/2"}],"replies":[{"embeddable":true,"href":"https:\/\/strong-connection.com\/cz\/wp-json\/wp\/v2\/comments?post=4866"}],"version-history":[{"count":89,"href":"https:\/\/strong-connection.com\/cz\/wp-json\/wp\/v2\/pages\/4866\/revisions"}],"predecessor-version":[{"id":5419,"href":"https:\/\/strong-connection.com\/cz\/wp-json\/wp\/v2\/pages\/4866\/revisions\/5419"}],"wp:attachment":[{"href":"https:\/\/strong-connection.com\/cz\/wp-json\/wp\/v2\/media?parent=4866"}],"curies":[{"name":"wp","href":"https:\/\/api.w.org\/{rel}","templated":true}]}}