{"id":4823,"date":"2024-10-21T11:58:41","date_gmt":"2024-10-21T11:58:41","guid":{"rendered":"https:\/\/strong-connection.com\/de\/?page_id=4823"},"modified":"2025-08-26T09:38:59","modified_gmt":"2025-08-26T09:38:59","slug":"kontakt","status":"publish","type":"page","link":"https:\/\/strong-connection.com\/cz\/kontakt\/","title":{"rendered":"Kontakt"},"content":{"rendered":"<section class=\"l-section wpb_row height_custom color_primary with_img\"><div class=\"l-section-img\" role=\"img\" aria-label=\"Bild\" data-img-width=\"2000\" data-img-height=\"1333\" style=\"background-image: url(https:\/\/strong-connection.com\/cz\/wp-content\/uploads\/sites\/6\/2024\/04\/20230327-090453TM9_7086_LQ-ret.jpg);background-position: bottom center;\"><\/div><div class=\"l-section-h i-cf\"><div class=\"g-cols vc_row via_grid cols_1 laptops-cols_inherit tablets-cols_inherit mobiles-cols_1 valign_top type_default stacking_default\"><div class=\"wpb_column vc_column_container\"><div class=\"vc_column-inner\"><\/div><\/div><\/div><\/div><\/section><section class=\"l-section wpb_row height_custom\"><div class=\"l-section-h i-cf\"><div class=\"g-cols vc_row via_grid cols_1-2 laptops-cols_inherit tablets-cols_inherit mobiles-cols_1 valign_top type_default stacking_default\"><div class=\"wpb_column vc_column_container\"><div class=\"vc_column-inner\"><div class=\"wpb_text_column\"><div class=\"wpb_wrapper\"><div class=\"flex max-w-full flex-col flex-grow\">\n<div class=\"min-h-8 text-message flex w-full flex-col items-end gap-2 whitespace-normal break-words &#091;.text-message+&amp;&#093;:mt-5\" dir=\"auto\" data-message-author-role=\"assistant\" data-message-id=\"8238af2c-8eaf-471a-a74e-10944d430d25\" data-message-model-slug=\"gpt-4o\">\n<div class=\"flex w-full flex-col gap-1 empty:hidden first:pt-&#091;3px&#093;\">\n<div class=\"markdown prose w-full break-words dark:prose-invert light\">\n<h2><strong>Kontakt<\/strong><\/h2>\n<p>Srde\u010dn\u011b v\u00edt\u00e1me! M\u00e1\u0161 ot\u00e1zky, podn\u011bty nebo pot\u0159ebuje\u0161 dal\u0161\u00ed informace? Nev\u00e1hej n\u00e1s kontaktovat. T\u011b\u0161\u00edme se na tvou zpr\u00e1vu a r\u00e1di ti pom\u016f\u017eeme.<\/p>\n<\/div>\n<\/div>\n<\/div>\n<\/div>\n<\/div><\/div><div class=\"w-separator size_medium\"><\/div><div class=\"w-vwrapper us_custom_be088ba5 align_none valign_top\"><div class=\"wpb_text_column\"><div class=\"wpb_wrapper\"><h4>M\u00e1\u0161 rad\u011bji osobn\u00ed setk\u00e1n\u00ed?<\/h4>\n<p>Pak n\u00e1s nav\u0161tiv na n\u011bkter\u00e9 z na\u0161ich akc\u00ed! Tam m\u00e1\u0161 p\u0159\u00edle\u017eitost n\u00e1s poznat na\u017eivo, polo\u017eit ot\u00e1zky a z\u00edskat zaj\u00edmav\u00e9 informace. T\u011b\u0161\u00edme se na p\u0159\u00edmou komunikaci!<\/p>\n<\/div><\/div><div class=\"w-btn-wrapper align_none\"><a class=\"w-btn us-btn-style_9\" href=\"\/cz\/udalosti\/\"><span class=\"w-btn-label\">Registrace nyn\u00ed<\/span><\/a><\/div><div class=\"wpb_text_column\"><div class=\"wpb_wrapper\"><p class=\"x_MsoNormal\" data-olk-copy-source=\"MessageBody\"><a href=\"tel:+492302664296\">+49 2302 664 \u2013 296<\/a> (Technick\u00e1 hotline)<br \/>\n<a title=\"mailto:contact@strong-connection.com\" href=\"mailto:contact@strong-connection.com\" data-linkindex=\"1\" data-ogsc=\"\">contact@strong-connection.com<\/a><\/p>\n<\/div><\/div><\/div><\/div><\/div><div class=\"wpb_column vc_column_container\"><div class=\"vc_column-inner\"><div class=\"wpb_text_column\"><div class=\"wpb_wrapper\">\n<div class=\"wpcf7 no-js\" id=\"wpcf7-f4829-o1\" lang=\"de-DE\" dir=\"ltr\" data-wpcf7-id=\"4829\">\n<div class=\"screen-reader-response\"><p role=\"status\" aria-live=\"polite\" aria-atomic=\"true\"><\/p> <ul><\/ul><\/div>\n<form action=\"\/cz\/wp-json\/wp\/v2\/pages\/4823#wpcf7-f4829-o1\" method=\"post\" class=\"wpcf7-form init\" aria-label=\"Kontaktformular\" novalidate=\"novalidate\" data-status=\"init\">\n<fieldset class=\"hidden-fields-container\"><input type=\"hidden\" name=\"_wpcf7\" value=\"4829\" \/><input type=\"hidden\" name=\"_wpcf7_version\" value=\"6.1.5\" \/><input type=\"hidden\" name=\"_wpcf7_locale\" value=\"de_DE\" \/><input type=\"hidden\" name=\"_wpcf7_unit_tag\" value=\"wpcf7-f4829-o1\" \/><input type=\"hidden\" name=\"_wpcf7_container_post\" value=\"0\" \/><input type=\"hidden\" name=\"_wpcf7_posted_data_hash\" value=\"\" \/><input type=\"hidden\" name=\"_wpcf7_recaptcha_response\" value=\"\" \/>\n<\/fieldset>\n<p><label> Jm\u00e9no*<br \/>\n<span class=\"wpcf7-form-control-wrap\" data-name=\"your-name\"><input size=\"40\" maxlength=\"400\" class=\"wpcf7-form-control wpcf7-text wpcf7-validates-as-required\" autocomplete=\"name\" aria-required=\"true\" aria-invalid=\"false\" value=\"\" type=\"text\" name=\"your-name\" \/><\/span> <\/label>\n<\/p>\n<p><label> Firma<br \/>\n<span class=\"wpcf7-form-control-wrap\" data-name=\"your-company\"><input size=\"40\" maxlength=\"400\" class=\"wpcf7-form-control wpcf7-text\" aria-invalid=\"false\" value=\"\" type=\"text\" name=\"your-company\" \/><\/span> <\/label>\n<\/p>\n<p><label> Adresa<br \/>\n<span class=\"wpcf7-form-control-wrap\" data-name=\"your-street\"><input size=\"40\" maxlength=\"400\" class=\"wpcf7-form-control wpcf7-text\" aria-invalid=\"false\" value=\"\" type=\"text\" name=\"your-street\" \/><\/span> <\/label>\n<\/p>\n<p><label> E-mailov\u00e1 adresa*<br \/>\n<span class=\"wpcf7-form-control-wrap\" data-name=\"your-email\"><input size=\"40\" maxlength=\"400\" class=\"wpcf7-form-control wpcf7-email wpcf7-validates-as-required wpcf7-text wpcf7-validates-as-email\" autocomplete=\"email\" aria-required=\"true\" aria-invalid=\"false\" value=\"\" type=\"email\" name=\"your-email\" \/><\/span> <\/label>\n<\/p>\n<p><label> P\u0159edm\u011bt<br \/>\n<span class=\"wpcf7-form-control-wrap\" data-name=\"your-subject\"><input size=\"40\" maxlength=\"400\" class=\"wpcf7-form-control wpcf7-text wpcf7-validates-as-required\" aria-required=\"true\" aria-invalid=\"false\" value=\"\" type=\"text\" name=\"your-subject\" \/><\/span> <\/label>\n<\/p>\n<p><label> Odeslat<br \/>\n<span class=\"wpcf7-form-control-wrap\" data-name=\"your-message\"><textarea cols=\"40\" rows=\"10\" maxlength=\"2000\" class=\"wpcf7-form-control wpcf7-textarea\" aria-invalid=\"false\" name=\"your-message\"><\/textarea><\/span> <\/label>\n<\/p>\n<p><input class=\"wpcf7-form-control wpcf7-submit has-spinner\" type=\"submit\" value=\"Odeslat zpr\u00e1vu\" \/>\n<\/p><div class=\"wpcf7-response-output\" aria-hidden=\"true\"><\/div>\n<\/form>\n<\/div>\n\n<\/div><\/div><\/div><\/div><\/div><\/div><\/section>\n","protected":false},"excerpt":{"rendered":"Kontakt Srde\u010dn\u011b v\u00edt\u00e1me! M\u00e1\u0161 ot\u00e1zky, podn\u011bty nebo pot\u0159ebuje\u0161 dal\u0161\u00ed informace? Nev\u00e1hej n\u00e1s kontaktovat. T\u011b\u0161\u00edme se na tvou zpr\u00e1vu a r\u00e1di ti pom\u016f\u017eeme. M\u00e1\u0161 rad\u011bji osobn\u00ed setk\u00e1n\u00ed? Pak n\u00e1s nav\u0161tiv na n\u011bkter\u00e9 z na\u0161ich akc\u00ed! Tam m\u00e1\u0161 p\u0159\u00edle\u017eitost n\u00e1s poznat na\u017eivo, polo\u017eit ot\u00e1zky a z\u00edskat zaj\u00edmav\u00e9 informace. T\u011b\u0161\u00edme se na p\u0159\u00edmou komunikaci! Registrace nyn\u00ed+49 2302 664...","protected":false},"author":2,"featured_media":0,"parent":0,"menu_order":0,"comment_status":"closed","ping_status":"closed","template":"","meta":{"footnotes":""},"class_list":["post-4823","page","type-page","status-publish","hentry"],"yoast_head":"<!-- This site is optimized with the Yoast SEO plugin v27.4 - https:\/\/yoast.com\/product\/yoast-seo-wordpress\/ -->\n<title>Kontakt - Siln\u00e9 spojen\u00ed<\/title>\n<meta name=\"robots\" content=\"index, follow, max-snippet:-1, max-image-preview:large, max-video-preview:-1\" \/>\n<link rel=\"canonical\" href=\"https:\/\/strong-connection.com\/cz\/kontakt\/\" \/>\n<meta property=\"og:locale\" content=\"de_DE\" \/>\n<meta property=\"og:type\" content=\"article\" \/>\n<meta property=\"og:title\" content=\"Kontakt - Siln\u00e9 spojen\u00ed\" \/>\n<meta property=\"og:url\" content=\"https:\/\/strong-connection.com\/cz\/kontakt\/\" \/>\n<meta property=\"og:site_name\" content=\"Siln\u00e9 spojen\u00ed\" \/>\n<meta property=\"article:modified_time\" content=\"2025-08-26T09:38:59+00:00\" \/>\n<meta name=\"twitter:card\" content=\"summary_large_image\" \/>\n<meta name=\"twitter:label1\" content=\"Gesch\u00e4tzte Lesezeit\" \/>\n\t<meta name=\"twitter:data1\" content=\"1\u00a0Minute\" \/>\n<script type=\"application\/ld+json\" class=\"yoast-schema-graph\">{\"@context\":\"https:\\\/\\\/schema.org\",\"@graph\":[{\"@type\":\"WebPage\",\"@id\":\"https:\\\/\\\/strong-connection.com\\\/cz\\\/kontakt\\\/\",\"url\":\"https:\\\/\\\/strong-connection.com\\\/cz\\\/kontakt\\\/\",\"name\":\"Kontakt - Siln\u00e9 spojen\u00ed\",\"isPartOf\":{\"@id\":\"https:\\\/\\\/strong-connection.com\\\/cz\\\/#website\"},\"datePublished\":\"2024-10-21T11:58:41+00:00\",\"dateModified\":\"2025-08-26T09:38:59+00:00\",\"breadcrumb\":{\"@id\":\"https:\\\/\\\/strong-connection.com\\\/cz\\\/kontakt\\\/#breadcrumb\"},\"inLanguage\":\"de\",\"potentialAction\":[{\"@type\":\"ReadAction\",\"target\":[\"https:\\\/\\\/strong-connection.com\\\/cz\\\/kontakt\\\/\"]}]},{\"@type\":\"BreadcrumbList\",\"@id\":\"https:\\\/\\\/strong-connection.com\\\/cz\\\/kontakt\\\/#breadcrumb\",\"itemListElement\":[{\"@type\":\"ListItem\",\"position\":1,\"name\":\"Startseite\",\"item\":\"https:\\\/\\\/strong-connection.com\\\/cz\\\/\"},{\"@type\":\"ListItem\",\"position\":2,\"name\":\"Kontakt\"}]},{\"@type\":\"WebSite\",\"@id\":\"https:\\\/\\\/strong-connection.com\\\/cz\\\/#website\",\"url\":\"https:\\\/\\\/strong-connection.com\\\/cz\\\/\",\"name\":\"Siln\u00e9 spojen\u00ed\",\"description\":\"\",\"publisher\":{\"@id\":\"https:\\\/\\\/strong-connection.com\\\/cz\\\/#organization\"},\"potentialAction\":[{\"@type\":\"SearchAction\",\"target\":{\"@type\":\"EntryPoint\",\"urlTemplate\":\"https:\\\/\\\/strong-connection.com\\\/cz\\\/?s={search_term_string}\"},\"query-input\":{\"@type\":\"PropertyValueSpecification\",\"valueRequired\":true,\"valueName\":\"search_term_string\"}}],\"inLanguage\":\"de\"},{\"@type\":\"Organization\",\"@id\":\"https:\\\/\\\/strong-connection.com\\\/cz\\\/#organization\",\"name\":\"Siln\u00e9 spojen\u00ed\",\"url\":\"https:\\\/\\\/strong-connection.com\\\/cz\\\/\",\"logo\":{\"@type\":\"ImageObject\",\"inLanguage\":\"de\",\"@id\":\"https:\\\/\\\/strong-connection.com\\\/cz\\\/#\\\/schema\\\/logo\\\/image\\\/\",\"url\":\"https:\\\/\\\/strong-connection.com\\\/wp-content\\\/uploads\\\/2023\\\/02\\\/wedi-ardex-cooperation_logo_claim-de_vector-rgb_478x230mm_220811-2.svg\",\"contentUrl\":\"https:\\\/\\\/strong-connection.com\\\/wp-content\\\/uploads\\\/2023\\\/02\\\/wedi-ardex-cooperation_logo_claim-de_vector-rgb_478x230mm_220811-2.svg\",\"width\":\"1024\",\"height\":\"1024\",\"caption\":\"Siln\u00e9 spojen\u00ed\"},\"image\":{\"@id\":\"https:\\\/\\\/strong-connection.com\\\/cz\\\/#\\\/schema\\\/logo\\\/image\\\/\"}}]}<\/script>\n<!-- \/ Yoast SEO plugin. -->","yoast_head_json":{"title":"Kontakt - Siln\u00e9 spojen\u00ed","robots":{"index":"index","follow":"follow","max-snippet":"max-snippet:-1","max-image-preview":"max-image-preview:large","max-video-preview":"max-video-preview:-1"},"canonical":"https:\/\/strong-connection.com\/cz\/kontakt\/","og_locale":"de_DE","og_type":"article","og_title":"Kontakt - Siln\u00e9 spojen\u00ed","og_url":"https:\/\/strong-connection.com\/cz\/kontakt\/","og_site_name":"Siln\u00e9 spojen\u00ed","article_modified_time":"2025-08-26T09:38:59+00:00","twitter_card":"summary_large_image","twitter_misc":{"Gesch\u00e4tzte Lesezeit":"1\u00a0Minute"},"schema":{"@context":"https:\/\/schema.org","@graph":[{"@type":"WebPage","@id":"https:\/\/strong-connection.com\/cz\/kontakt\/","url":"https:\/\/strong-connection.com\/cz\/kontakt\/","name":"Kontakt - Siln\u00e9 spojen\u00ed","isPartOf":{"@id":"https:\/\/strong-connection.com\/cz\/#website"},"datePublished":"2024-10-21T11:58:41+00:00","dateModified":"2025-08-26T09:38:59+00:00","breadcrumb":{"@id":"https:\/\/strong-connection.com\/cz\/kontakt\/#breadcrumb"},"inLanguage":"de","potentialAction":[{"@type":"ReadAction","target":["https:\/\/strong-connection.com\/cz\/kontakt\/"]}]},{"@type":"BreadcrumbList","@id":"https:\/\/strong-connection.com\/cz\/kontakt\/#breadcrumb","itemListElement":[{"@type":"ListItem","position":1,"name":"Startseite","item":"https:\/\/strong-connection.com\/cz\/"},{"@type":"ListItem","position":2,"name":"Kontakt"}]},{"@type":"WebSite","@id":"https:\/\/strong-connection.com\/cz\/#website","url":"https:\/\/strong-connection.com\/cz\/","name":"Siln\u00e9 spojen\u00ed","description":"","publisher":{"@id":"https:\/\/strong-connection.com\/cz\/#organization"},"potentialAction":[{"@type":"SearchAction","target":{"@type":"EntryPoint","urlTemplate":"https:\/\/strong-connection.com\/cz\/?s={search_term_string}"},"query-input":{"@type":"PropertyValueSpecification","valueRequired":true,"valueName":"search_term_string"}}],"inLanguage":"de"},{"@type":"Organization","@id":"https:\/\/strong-connection.com\/cz\/#organization","name":"Siln\u00e9 spojen\u00ed","url":"https:\/\/strong-connection.com\/cz\/","logo":{"@type":"ImageObject","inLanguage":"de","@id":"https:\/\/strong-connection.com\/cz\/#\/schema\/logo\/image\/","url":"https:\/\/strong-connection.com\/wp-content\/uploads\/2023\/02\/wedi-ardex-cooperation_logo_claim-de_vector-rgb_478x230mm_220811-2.svg","contentUrl":"https:\/\/strong-connection.com\/wp-content\/uploads\/2023\/02\/wedi-ardex-cooperation_logo_claim-de_vector-rgb_478x230mm_220811-2.svg","width":"1024","height":"1024","caption":"Siln\u00e9 spojen\u00ed"},"image":{"@id":"https:\/\/strong-connection.com\/cz\/#\/schema\/logo\/image\/"}}]}},"_links":{"self":[{"href":"https:\/\/strong-connection.com\/cz\/wp-json\/wp\/v2\/pages\/4823","targetHints":{"allow":["GET"]}}],"collection":[{"href":"https:\/\/strong-connection.com\/cz\/wp-json\/wp\/v2\/pages"}],"about":[{"href":"https:\/\/strong-connection.com\/cz\/wp-json\/wp\/v2\/types\/page"}],"author":[{"embeddable":true,"href":"https:\/\/strong-connection.com\/cz\/wp-json\/wp\/v2\/users\/2"}],"replies":[{"embeddable":true,"href":"https:\/\/strong-connection.com\/cz\/wp-json\/wp\/v2\/comments?post=4823"}],"version-history":[{"count":38,"href":"https:\/\/strong-connection.com\/cz\/wp-json\/wp\/v2\/pages\/4823\/revisions"}],"predecessor-version":[{"id":5463,"href":"https:\/\/strong-connection.com\/cz\/wp-json\/wp\/v2\/pages\/4823\/revisions\/5463"}],"wp:attachment":[{"href":"https:\/\/strong-connection.com\/cz\/wp-json\/wp\/v2\/media?parent=4823"}],"curies":[{"name":"wp","href":"https:\/\/api.w.org\/{rel}","templated":true}]}}