{"id":2179,"date":"2023-02-13T10:30:04","date_gmt":"2023-02-13T10:30:04","guid":{"rendered":"https:\/\/strong-connection.com\/de\/?page_id=2179"},"modified":"2025-08-22T08:27:20","modified_gmt":"2025-08-22T08:27:20","slug":"ochrana-dat","status":"publish","type":"page","link":"https:\/\/strong-connection.com\/cz\/ochrana-dat\/","title":{"rendered":"Impressum"},"content":{"rendered":"<section class=\"l-section wpb_row height_custom\"><div class=\"l-section-h i-cf\"><div class=\"g-cols vc_row via_grid cols_1 laptops-cols_inherit tablets-cols_inherit mobiles-cols_1 valign_top type_default stacking_default\"><div class=\"wpb_column vc_column_container\"><div class=\"vc_column-inner\"><div class=\"wpb_text_column\"><div class=\"wpb_wrapper\"><h1>Impressum<\/h1>\n<h2>Pr\u00e1vn\u00ed informace<\/h2>\n<p><strong>wedi GmbH<\/strong><br \/>Jednatel\u00e9 opr\u00e1vn\u011bn\u00ed k zastupov\u00e1n\u00ed: Fabian Rechlin, Andreas F\u00fcrer<br \/>Hollefeldstr. 51<br \/>D-48282 Emsdetten<br \/>Tel.: +49 (0)2572 156 0<br \/>Fax: +49 (0)2572 156 133<br \/>E-Mail:\u00a0<a>info@wedi.de<\/a><br \/>Internet:\u00a0<a href=\"http:\/\/www.wedi.net\/\" target=\"_blank\" rel=\"noopener\">www.wedi.net<\/a><\/p>\n<p><strong>Pr\u00e1vn\u00ed upozorn\u011bn\u00ed:<\/strong><br \/>Zaps\u00e1no v obchodn\u00edm rejst\u0159\u00edku u okresn\u00edho soudu Steinfurt<br \/>Registra\u010dn\u00ed \u010d\u00edslo: HRB 3782<br \/>DI\u010c: DE 124394248<\/p>\n<p>Dotazy a p\u0159ipom\u00ednky pros\u00edm na: info@wedi.de<\/p>\n<p><strong>Osoby odpov\u011bdn\u00e9 za obsah podle \u00a7 10 odst. 3 MDStV:<\/strong><br \/>Fabian Rechlin, Andreas F\u00fcrer<br \/>wedi GmbH<br \/>Hollefeldstr. 51<br \/>48282 Emsdetten<\/p>\n<p><strong>Ochrana osobn\u00edch \u00fadaj\u016f<\/strong><br \/>Ve\u0161ker\u00e9 informace o ochran\u011b osobn\u00edch \u00fadaj\u016f naleznete <a href=\"https:\/\/www.wedi.net\/ochrana-dat\/\" target=\"_blank\" rel=\"noopener\">zde.<\/a><\/p>\n<p><strong>Prohl\u00e1\u0161en\u00ed o odpov\u011bdnosti:<\/strong><br \/>P\u0159esto\u017ee v\u011bnujeme pe\u010dlivou pozornost kontrole obsahu, nep\u0159eb\u00edr\u00e1me odpov\u011bdnost za obsah extern\u00edch odkaz\u016f. Za obsah odkazovan\u00fdch str\u00e1nek jsou v\u00fdhradn\u011b odpov\u011bdn\u00ed jejich provozovatel\u00e9.<\/p>\n<p>V\u0161echna pr\u00e1va vyhrazena. Informace jsou majetkem spole\u010dnosti wedi GmbH. P\u0159edstavuj\u00ed v\u017edy nejnov\u011bj\u0161\u00ed dostupn\u00e9 informace v dob\u011b publikace. Neneseme \u017e\u00e1dnou odpov\u011bdnost ani z\u00e1ruka za aktu\u00e1lnost, spr\u00e1vnost a \u00faplnost poskytnut\u00fdch informac\u00ed a dat. Tot\u00e9\u017e plat\u00ed i pro v\u0161echny dal\u0161\u00ed webov\u00e9 str\u00e1nky, na kter\u00e9 je odkazov\u00e1no prost\u0159ednictv\u00edm hypertextov\u00fdch odkaz\u016f. Za obsah t\u011bchto str\u00e1nek nen\u00ed spole\u010dnost wedi GmbH rovn\u011b\u017e odpov\u011bdn\u00e1.<\/p>\n<p>Informace na webov\u00fdch str\u00e1nk\u00e1ch v \u017e\u00e1dn\u00e9m p\u0159\u00edpad\u011b nep\u0159edstavuj\u00ed pr\u00e1vn\u00ed z\u00e1ruky. Spole\u010dnost wedi GmbH si vyhrazuje pr\u00e1vo prov\u00e1d\u011bt zm\u011bny nebo dopl\u0148ky poskytovan\u00fdch informac\u00ed \u010di dat podle pot\u0159eby. Z t\u00e9mat popsan\u00fdch zde nelze odvozovat \u017e\u00e1dn\u00e9 pr\u00e1vn\u00ed n\u00e1roky. Nab\u00eddky jsou ve v\u0161ech \u010d\u00e1stech nez\u00e1vazn\u00e9.<\/p>\n<p>Spole\u010dnost wedi GmbH nenese odpov\u011bdnost ani za p\u0159\u00edm\u00e9, ani za nep\u0159\u00edm\u00e9 \u0161kody vznikl\u00e9 pou\u017e\u00edv\u00e1n\u00edm informac\u00ed nebo dat nalezen\u00fdch na t\u00e9to webov\u00e9 str\u00e1nce. Mezi spole\u010dnost\u00ed wedi GmbH a u\u017eivatelem webov\u00e9 str\u00e1nky \u010di t\u0159et\u00edmi stranami nevznikaj\u00ed \u017e\u00e1dn\u00e1 pr\u00e1va ani povinnosti.<\/p>\n<p>Obsah spole\u010dnosti wedi GmbH je chr\u00e1n\u011bn autorsk\u00fdm pr\u00e1vem. Obsah nesm\u00ed b\u00fdt zcela ani \u010d\u00e1ste\u010dn\u011b kop\u00edrov\u00e1n a\/nebo zve\u0159ej\u0148ov\u00e1n nebo ulo\u017een do informa\u010dn\u00edho syst\u00e9mu bez p\u0159edchoz\u00edho p\u00edsemn\u00e9ho souhlasu autora.<\/p>\n<p>Ve\u0161ker\u00e9 informace nebo data, jejich u\u017e\u00edv\u00e1n\u00ed a ve\u0161ker\u00e9 souvisej\u00edc\u00ed jedn\u00e1n\u00ed nebo opomenut\u00ed v souvislosti s webovou str\u00e1nkou spole\u010dnosti wedi GmbH podl\u00e9haj\u00ed v\u00fdhradn\u011b n\u011bmeck\u00e9mu pr\u00e1vu s vylou\u010den\u00edm mezin\u00e1rodn\u00edho pr\u00e1va. M\u00edstem pln\u011bn\u00ed a v\u00fdlu\u010dnou soudn\u00ed p\u0159\u00edslu\u0161nost\u00ed je Emsdetten.<\/p>\n<\/div><\/div><\/div><\/div><\/div><\/div><\/section>\n","protected":false},"excerpt":{"rendered":"Impressum Pr\u00e1vn\u00ed informace wedi GmbHJednatel\u00e9 opr\u00e1vn\u011bn\u00ed k zastupov\u00e1n\u00ed: Fabian Rechlin, Andreas F\u00fcrerHollefeldstr. 51D-48282 EmsdettenTel.: +49 (0)2572 156 0Fax: +49 (0)2572 156 133E-Mail:\u00a0info@wedi.deInternet:\u00a0www.wedi.net Pr\u00e1vn\u00ed upozorn\u011bn\u00ed:Zaps\u00e1no v obchodn\u00edm rejst\u0159\u00edku u okresn\u00edho soudu SteinfurtRegistra\u010dn\u00ed \u010d\u00edslo: HRB 3782DI\u010c: DE 124394248 Dotazy a p\u0159ipom\u00ednky pros\u00edm na: info@wedi.de Osoby odpov\u011bdn\u00e9 za obsah podle \u00a7 10 odst. 3 MDStV:Fabian Rechlin, Andreas F\u00fcrerwedi...","protected":false},"author":2,"featured_media":0,"parent":0,"menu_order":0,"comment_status":"closed","ping_status":"closed","template":"","meta":{"footnotes":""},"class_list":["post-2179","page","type-page","status-publish","hentry"],"yoast_head":"<!-- This site is optimized with the Yoast SEO plugin v27.4 - https:\/\/yoast.com\/product\/yoast-seo-wordpress\/ -->\n<title>Impressum - Siln\u00e9 spojen\u00ed<\/title>\n<meta name=\"robots\" content=\"index, follow, max-snippet:-1, max-image-preview:large, max-video-preview:-1\" \/>\n<link rel=\"canonical\" href=\"https:\/\/strong-connection.com\/cz\/ochrana-dat\/\" \/>\n<meta property=\"og:locale\" content=\"de_DE\" \/>\n<meta property=\"og:type\" content=\"article\" \/>\n<meta property=\"og:title\" content=\"Impressum - Siln\u00e9 spojen\u00ed\" \/>\n<meta property=\"og:url\" content=\"https:\/\/strong-connection.com\/cz\/ochrana-dat\/\" \/>\n<meta property=\"og:site_name\" content=\"Siln\u00e9 spojen\u00ed\" \/>\n<meta property=\"article:modified_time\" content=\"2025-08-22T08:27:20+00:00\" \/>\n<meta name=\"twitter:card\" content=\"summary_large_image\" \/>\n<meta name=\"twitter:label1\" content=\"Gesch\u00e4tzte Lesezeit\" \/>\n\t<meta name=\"twitter:data1\" content=\"2\u00a0Minuten\" \/>\n<script type=\"application\/ld+json\" class=\"yoast-schema-graph\">{\"@context\":\"https:\\\/\\\/schema.org\",\"@graph\":[{\"@type\":\"WebPage\",\"@id\":\"https:\\\/\\\/strong-connection.com\\\/cz\\\/ochrana-dat\\\/\",\"url\":\"https:\\\/\\\/strong-connection.com\\\/cz\\\/ochrana-dat\\\/\",\"name\":\"Impressum - Siln\u00e9 spojen\u00ed\",\"isPartOf\":{\"@id\":\"https:\\\/\\\/strong-connection.com\\\/cz\\\/#website\"},\"datePublished\":\"2023-02-13T10:30:04+00:00\",\"dateModified\":\"2025-08-22T08:27:20+00:00\",\"breadcrumb\":{\"@id\":\"https:\\\/\\\/strong-connection.com\\\/cz\\\/ochrana-dat\\\/#breadcrumb\"},\"inLanguage\":\"de\",\"potentialAction\":[{\"@type\":\"ReadAction\",\"target\":[\"https:\\\/\\\/strong-connection.com\\\/cz\\\/ochrana-dat\\\/\"]}]},{\"@type\":\"BreadcrumbList\",\"@id\":\"https:\\\/\\\/strong-connection.com\\\/cz\\\/ochrana-dat\\\/#breadcrumb\",\"itemListElement\":[{\"@type\":\"ListItem\",\"position\":1,\"name\":\"Startseite\",\"item\":\"https:\\\/\\\/strong-connection.com\\\/cz\\\/\"},{\"@type\":\"ListItem\",\"position\":2,\"name\":\"Impressum\"}]},{\"@type\":\"WebSite\",\"@id\":\"https:\\\/\\\/strong-connection.com\\\/cz\\\/#website\",\"url\":\"https:\\\/\\\/strong-connection.com\\\/cz\\\/\",\"name\":\"Siln\u00e9 spojen\u00ed\",\"description\":\"\",\"publisher\":{\"@id\":\"https:\\\/\\\/strong-connection.com\\\/cz\\\/#organization\"},\"potentialAction\":[{\"@type\":\"SearchAction\",\"target\":{\"@type\":\"EntryPoint\",\"urlTemplate\":\"https:\\\/\\\/strong-connection.com\\\/cz\\\/?s={search_term_string}\"},\"query-input\":{\"@type\":\"PropertyValueSpecification\",\"valueRequired\":true,\"valueName\":\"search_term_string\"}}],\"inLanguage\":\"de\"},{\"@type\":\"Organization\",\"@id\":\"https:\\\/\\\/strong-connection.com\\\/cz\\\/#organization\",\"name\":\"Siln\u00e9 spojen\u00ed\",\"url\":\"https:\\\/\\\/strong-connection.com\\\/cz\\\/\",\"logo\":{\"@type\":\"ImageObject\",\"inLanguage\":\"de\",\"@id\":\"https:\\\/\\\/strong-connection.com\\\/cz\\\/#\\\/schema\\\/logo\\\/image\\\/\",\"url\":\"https:\\\/\\\/strong-connection.com\\\/wp-content\\\/uploads\\\/2023\\\/02\\\/wedi-ardex-cooperation_logo_claim-de_vector-rgb_478x230mm_220811-2.svg\",\"contentUrl\":\"https:\\\/\\\/strong-connection.com\\\/wp-content\\\/uploads\\\/2023\\\/02\\\/wedi-ardex-cooperation_logo_claim-de_vector-rgb_478x230mm_220811-2.svg\",\"width\":\"1024\",\"height\":\"1024\",\"caption\":\"Siln\u00e9 spojen\u00ed\"},\"image\":{\"@id\":\"https:\\\/\\\/strong-connection.com\\\/cz\\\/#\\\/schema\\\/logo\\\/image\\\/\"}}]}<\/script>\n<!-- \/ Yoast SEO plugin. -->","yoast_head_json":{"title":"Impressum - Siln\u00e9 spojen\u00ed","robots":{"index":"index","follow":"follow","max-snippet":"max-snippet:-1","max-image-preview":"max-image-preview:large","max-video-preview":"max-video-preview:-1"},"canonical":"https:\/\/strong-connection.com\/cz\/ochrana-dat\/","og_locale":"de_DE","og_type":"article","og_title":"Impressum - Siln\u00e9 spojen\u00ed","og_url":"https:\/\/strong-connection.com\/cz\/ochrana-dat\/","og_site_name":"Siln\u00e9 spojen\u00ed","article_modified_time":"2025-08-22T08:27:20+00:00","twitter_card":"summary_large_image","twitter_misc":{"Gesch\u00e4tzte Lesezeit":"2\u00a0Minuten"},"schema":{"@context":"https:\/\/schema.org","@graph":[{"@type":"WebPage","@id":"https:\/\/strong-connection.com\/cz\/ochrana-dat\/","url":"https:\/\/strong-connection.com\/cz\/ochrana-dat\/","name":"Impressum - Siln\u00e9 spojen\u00ed","isPartOf":{"@id":"https:\/\/strong-connection.com\/cz\/#website"},"datePublished":"2023-02-13T10:30:04+00:00","dateModified":"2025-08-22T08:27:20+00:00","breadcrumb":{"@id":"https:\/\/strong-connection.com\/cz\/ochrana-dat\/#breadcrumb"},"inLanguage":"de","potentialAction":[{"@type":"ReadAction","target":["https:\/\/strong-connection.com\/cz\/ochrana-dat\/"]}]},{"@type":"BreadcrumbList","@id":"https:\/\/strong-connection.com\/cz\/ochrana-dat\/#breadcrumb","itemListElement":[{"@type":"ListItem","position":1,"name":"Startseite","item":"https:\/\/strong-connection.com\/cz\/"},{"@type":"ListItem","position":2,"name":"Impressum"}]},{"@type":"WebSite","@id":"https:\/\/strong-connection.com\/cz\/#website","url":"https:\/\/strong-connection.com\/cz\/","name":"Siln\u00e9 spojen\u00ed","description":"","publisher":{"@id":"https:\/\/strong-connection.com\/cz\/#organization"},"potentialAction":[{"@type":"SearchAction","target":{"@type":"EntryPoint","urlTemplate":"https:\/\/strong-connection.com\/cz\/?s={search_term_string}"},"query-input":{"@type":"PropertyValueSpecification","valueRequired":true,"valueName":"search_term_string"}}],"inLanguage":"de"},{"@type":"Organization","@id":"https:\/\/strong-connection.com\/cz\/#organization","name":"Siln\u00e9 spojen\u00ed","url":"https:\/\/strong-connection.com\/cz\/","logo":{"@type":"ImageObject","inLanguage":"de","@id":"https:\/\/strong-connection.com\/cz\/#\/schema\/logo\/image\/","url":"https:\/\/strong-connection.com\/wp-content\/uploads\/2023\/02\/wedi-ardex-cooperation_logo_claim-de_vector-rgb_478x230mm_220811-2.svg","contentUrl":"https:\/\/strong-connection.com\/wp-content\/uploads\/2023\/02\/wedi-ardex-cooperation_logo_claim-de_vector-rgb_478x230mm_220811-2.svg","width":"1024","height":"1024","caption":"Siln\u00e9 spojen\u00ed"},"image":{"@id":"https:\/\/strong-connection.com\/cz\/#\/schema\/logo\/image\/"}}]}},"_links":{"self":[{"href":"https:\/\/strong-connection.com\/cz\/wp-json\/wp\/v2\/pages\/2179","targetHints":{"allow":["GET"]}}],"collection":[{"href":"https:\/\/strong-connection.com\/cz\/wp-json\/wp\/v2\/pages"}],"about":[{"href":"https:\/\/strong-connection.com\/cz\/wp-json\/wp\/v2\/types\/page"}],"author":[{"embeddable":true,"href":"https:\/\/strong-connection.com\/cz\/wp-json\/wp\/v2\/users\/2"}],"replies":[{"embeddable":true,"href":"https:\/\/strong-connection.com\/cz\/wp-json\/wp\/v2\/comments?post=2179"}],"version-history":[{"count":10,"href":"https:\/\/strong-connection.com\/cz\/wp-json\/wp\/v2\/pages\/2179\/revisions"}],"predecessor-version":[{"id":5421,"href":"https:\/\/strong-connection.com\/cz\/wp-json\/wp\/v2\/pages\/2179\/revisions\/5421"}],"wp:attachment":[{"href":"https:\/\/strong-connection.com\/cz\/wp-json\/wp\/v2\/media?parent=2179"}],"curies":[{"name":"wp","href":"https:\/\/api.w.org\/{rel}","templated":true}]}}